{"id":41043,"date":"2023-12-22T14:49:20","date_gmt":"2023-12-22T14:49:20","guid":{"rendered":"https:\/\/phytowall.ee\/product\/hydrangea-in-white-pot-2\/"},"modified":"2024-02-28T08:20:24","modified_gmt":"2024-02-28T08:20:24","slug":"hydrangea-in-white-pot","status":"publish","type":"product","link":"https:\/\/phytowall.ee\/fi\/tuote\/hydrangea-in-white-pot\/","title":{"rendered":"HYDRANGEA IN WHITE POT"},"content":{"rendered":"","protected":false},"excerpt":{"rendered":"<p><strong>S\u00e4il\u00f6tty hortensia poppelinlehtien kera.<\/strong><\/p>\n<p><strong>Koristeellinen ruukku sis\u00e4ltyy.<\/strong><\/p>\n<p>N\u00e4ill\u00e4 kukilla on historia. Hortensialajiin kuuluu 70\u201375 koristekasvilajia. Ne ovat kotoisin Etel\u00e4- ja It\u00e4-Aasiasta ja niit\u00e4 on viljelty pitk\u00e4\u00e4n koristekasveina Japanissa. 1800-luvun puoliv\u00e4list\u00e4 alkaen niit\u00e4 on tuotu muihin maailmanosiin.<\/p>\n<p>Eksklusiivinen sis\u00e4k\u00e4ytt\u00f6 \/ \u00c4l\u00e4 kastele \/ \u00c4l\u00e4 altista suoralle auringonvalolle \/ Pid\u00e4 poissa l\u00e4mm\u00f6nl\u00e4hteist\u00e4<\/p>\n","protected":false},"featured_media":21944,"comment_status":"open","ping_status":"closed","template":"","meta":{"_monsterinsights_skip_tracking":false,"_monsterinsights_sitenote_active":false,"_monsterinsights_sitenote_note":"","_monsterinsights_sitenote_category":0},"product_brand":[],"product_cat":[465,506],"product_tag":[618],"class_list":{"0":"post-41043","1":"product","2":"type-product","3":"status-publish","4":"has-post-thumbnail","6":"product_cat-flowers-art-fi","7":"product_cat-products-in-sale-fi","8":"product_tag-flowers-fi","9":"product_shipping_class-class-i-fi","11":"first","12":"instock","13":"sale","14":"taxable","15":"shipping-taxable","16":"purchasable","17":"product-type-simple"},"_links":{"self":[{"href":"https:\/\/phytowall.ee\/fi\/wp-json\/wp\/v2\/product\/41043","targetHints":{"allow":["GET"]}}],"collection":[{"href":"https:\/\/phytowall.ee\/fi\/wp-json\/wp\/v2\/product"}],"about":[{"href":"https:\/\/phytowall.ee\/fi\/wp-json\/wp\/v2\/types\/product"}],"replies":[{"embeddable":true,"href":"https:\/\/phytowall.ee\/fi\/wp-json\/wp\/v2\/comments?post=41043"}],"wp:featuredmedia":[{"embeddable":true,"href":"https:\/\/phytowall.ee\/fi\/wp-json\/wp\/v2\/media\/21944"}],"wp:attachment":[{"href":"https:\/\/phytowall.ee\/fi\/wp-json\/wp\/v2\/media?parent=41043"}],"wp:term":[{"taxonomy":"product_brand","embeddable":true,"href":"https:\/\/phytowall.ee\/fi\/wp-json\/wp\/v2\/product_brand?post=41043"},{"taxonomy":"product_cat","embeddable":true,"href":"https:\/\/phytowall.ee\/fi\/wp-json\/wp\/v2\/product_cat?post=41043"},{"taxonomy":"product_tag","embeddable":true,"href":"https:\/\/phytowall.ee\/fi\/wp-json\/wp\/v2\/product_tag?post=41043"}],"curies":[{"name":"wp","href":"https:\/\/api.w.org\/{rel}","templated":true}]}}