{"id":41096,"date":"2025-06-06T14:49:24","date_gmt":"2025-06-06T14:49:24","guid":{"rendered":"https:\/\/phytowall.ee\/product\/greenhill-bun-moss-ring-2\/"},"modified":"2024-02-28T08:19:44","modified_gmt":"2024-02-28T08:19:44","slug":"greenhill-bun-moss-ring-2","status":"publish","type":"product","link":"https:\/\/phytowall.ee\/fi\/tuote\/greenhill-bun-moss-ring-2\/","title":{"rendered":"Greenhill bun moss Ring"},"content":{"rendered":"<p>Kehystetty vihre\u00e4 kukkula sammalkuva.<\/p>\n<ul>\n<li>100% LUONNOLLINEN<\/li>\n<li>0% HUOLTOA<\/li>\n<li>EI TARVITA VETT\u00c4<\/li>\n<\/ul>\n<p><img loading=\"lazy\" decoding=\"async\" class=\"alignnone size-medium wp-image-15252\" src=\"https:\/\/phytowall.ee\/wp-content\/uploads\/2023\/11\/ring35.jpg\" alt=\"\" width=\"300\" height=\"300\" \/><\/p>\n","protected":false},"excerpt":{"rendered":"<p>Kehystetty vihre\u00e4 kukkula pallosammalkuva.<\/p>\n<ul>\n<li>100% LUONNOLLINEN<\/li>\n<li>0% HUOLTOA<\/li>\n<li>EI TARVITA VETT\u00c4<\/li>\n<\/ul>\n<p>Materiaalit: s\u00e4il\u00f6tty pallosammal, alumiinikehys.<\/p>\n<p>Toimitusaika-arvio: 3-6 viikkoa.<\/p>\n<p>Yksinomainen sis\u00e4k\u00e4ytt\u00f6 \/ \u00c4l\u00e4 kastele \/ \u00c4l\u00e4 altista suoralle auringonvalolle \/ Pid\u00e4 poissa l\u00e4mm\u00f6nl\u00e4hteist\u00e4<\/p>\n<p>*V\u00e4ri ja yhdistelm\u00e4 voivat hieman poiketa alkuper\u00e4isest\u00e4 kuvasta.<\/p>\n","protected":false},"featured_media":61713,"comment_status":"open","ping_status":"closed","template":"","meta":{"_monsterinsights_skip_tracking":false,"_monsterinsights_sitenote_active":false,"_monsterinsights_sitenote_note":"","_monsterinsights_sitenote_category":0},"product_brand":[],"product_cat":[492,498],"product_tag":[591,620,628,560,558],"class_list":{"0":"post-41096","1":"product","2":"type-product","3":"status-publish","4":"has-post-thumbnail","6":"product_cat-small-moss-art-fi","7":"product_cat-wall-moss-art-fi","8":"product_tag-bestseller-fi","9":"product_tag-greenhill-fi","10":"product_tag-small-fi","11":"product_tag-ring-fi","12":"product_tag-big-fi","13":"product_shipping_class-class-ii-fi","14":"pa_size-1000-mm-fi","15":"pa_size-1200-mm-fi","16":"pa_size-400-mm-fi","17":"pa_size-600-mm-fi","18":"pa_size-800-mm-fi","20":"first","21":"instock","22":"featured","23":"taxable","24":"shipping-taxable","25":"purchasable","26":"product-type-variable","27":"has-default-attributes"},"_links":{"self":[{"href":"https:\/\/phytowall.ee\/fi\/wp-json\/wp\/v2\/product\/41096","targetHints":{"allow":["GET"]}}],"collection":[{"href":"https:\/\/phytowall.ee\/fi\/wp-json\/wp\/v2\/product"}],"about":[{"href":"https:\/\/phytowall.ee\/fi\/wp-json\/wp\/v2\/types\/product"}],"replies":[{"embeddable":true,"href":"https:\/\/phytowall.ee\/fi\/wp-json\/wp\/v2\/comments?post=41096"}],"wp:featuredmedia":[{"embeddable":true,"href":"https:\/\/phytowall.ee\/fi\/wp-json\/wp\/v2\/media\/61713"}],"wp:attachment":[{"href":"https:\/\/phytowall.ee\/fi\/wp-json\/wp\/v2\/media?parent=41096"}],"wp:term":[{"taxonomy":"product_brand","embeddable":true,"href":"https:\/\/phytowall.ee\/fi\/wp-json\/wp\/v2\/product_brand?post=41096"},{"taxonomy":"product_cat","embeddable":true,"href":"https:\/\/phytowall.ee\/fi\/wp-json\/wp\/v2\/product_cat?post=41096"},{"taxonomy":"product_tag","embeddable":true,"href":"https:\/\/phytowall.ee\/fi\/wp-json\/wp\/v2\/product_tag?post=41096"}],"curies":[{"name":"wp","href":"https:\/\/api.w.org\/{rel}","templated":true}]}}