{"id":41129,"date":"2023-12-22T14:49:31","date_gmt":"2023-12-22T14:49:31","guid":{"rendered":"https:\/\/phytowall.ee\/product\/provance-2\/"},"modified":"2024-02-28T08:18:34","modified_gmt":"2024-02-28T08:18:34","slug":"provance","status":"publish","type":"product","link":"https:\/\/phytowall.ee\/fi\/tuote\/provance\/","title":{"rendered":"Provance"},"content":{"rendered":"","protected":false},"excerpt":{"rendered":"<p>Materjalid: S\u00e4il\u00f6tud taimed, sammal, lavendel<\/p>\n<p>Suurus: 32 x 15 x 40 cm<\/p>\n<ul>\n<li>100% LOODUSLIK<\/li>\n<li>0% HOOLDUST VAJAV<\/li>\n<li>POLE VAJA KASTA<\/li>\n<\/ul>\n<p>Oodatav tarne: 1-3 n\u00e4dalat.<br \/>\nEksklusiivne siseruumides kasutamine \/ \u00c4ra kasta \/ \u00c4ra paiguta otsese p\u00e4ikesevalguse k\u00e4tte \/ Hoia eemal kuumusallikatest<\/p>\n","protected":false},"featured_media":27028,"comment_status":"open","ping_status":"closed","template":"","meta":{"_monsterinsights_skip_tracking":false,"_monsterinsights_sitenote_active":false,"_monsterinsights_sitenote_note":"","_monsterinsights_sitenote_category":0},"product_brand":[],"product_cat":[477],"product_tag":[624,618],"class_list":{"0":"post-41129","1":"product","2":"type-product","3":"status-publish","4":"has-post-thumbnail","6":"product_cat-pots-fi","7":"product_tag-planters-fi","8":"product_tag-flowers-fi","9":"product_shipping_class-class-i-fi","11":"first","12":"instock","13":"taxable","14":"shipping-taxable","15":"purchasable","16":"product-type-simple"},"_links":{"self":[{"href":"https:\/\/phytowall.ee\/fi\/wp-json\/wp\/v2\/product\/41129","targetHints":{"allow":["GET"]}}],"collection":[{"href":"https:\/\/phytowall.ee\/fi\/wp-json\/wp\/v2\/product"}],"about":[{"href":"https:\/\/phytowall.ee\/fi\/wp-json\/wp\/v2\/types\/product"}],"replies":[{"embeddable":true,"href":"https:\/\/phytowall.ee\/fi\/wp-json\/wp\/v2\/comments?post=41129"}],"wp:featuredmedia":[{"embeddable":true,"href":"https:\/\/phytowall.ee\/fi\/wp-json\/wp\/v2\/media\/27028"}],"wp:attachment":[{"href":"https:\/\/phytowall.ee\/fi\/wp-json\/wp\/v2\/media?parent=41129"}],"wp:term":[{"taxonomy":"product_brand","embeddable":true,"href":"https:\/\/phytowall.ee\/fi\/wp-json\/wp\/v2\/product_brand?post=41129"},{"taxonomy":"product_cat","embeddable":true,"href":"https:\/\/phytowall.ee\/fi\/wp-json\/wp\/v2\/product_cat?post=41129"},{"taxonomy":"product_tag","embeddable":true,"href":"https:\/\/phytowall.ee\/fi\/wp-json\/wp\/v2\/product_tag?post=41129"}],"curies":[{"name":"wp","href":"https:\/\/api.w.org\/{rel}","templated":true}]}}