{"id":41196,"date":"2023-12-22T14:49:49","date_gmt":"2023-12-22T14:49:49","guid":{"rendered":"https:\/\/phytowall.ee\/product\/preserved-lungifolia\/"},"modified":"2024-02-28T08:15:13","modified_gmt":"2024-02-28T08:15:13","slug":"preserved-lungifolia","status":"publish","type":"product","link":"https:\/\/phytowall.ee\/fi\/tuote\/preserved-lungifolia\/","title":{"rendered":"Preserved Lungifolia"},"content":{"rendered":"<p>S\u00e4il\u00f6tty kasvi: Lungifolia.<\/p>\n<p>T\u00e4m\u00e4 kasvi kuuluu Myrtaceae-perheeseen. Siin\u00e4 on suuri m\u00e4\u00e4r\u00e4 lajikkeita, mutta t\u00e4m\u00e4 laji on lehdilt\u00e4\u00e4n pisimpi\u00e4. Se on ihanteellinen istutettavaksi ruukkuihin, joko osana kokonaisuutta tai yksin\u00e4\u00e4n erottelevana pensasaitana.<\/p>\n<p><img loading=\"lazy\" decoding=\"async\" class=\"alignnone size-medium wp-image-13715\" src=\"https:\/\/phytowall.ee\/wp-content\/uploads\/2023\/11\/586d08ad3d6aaf1467db639f67d30d3e.jpg\" alt=\"\" width=\"225\" height=\"300\" \/> <img loading=\"lazy\" decoding=\"async\" class=\"alignnone size-medium wp-image-13719\" src=\"https:\/\/phytowall.ee\/wp-content\/uploads\/2023\/11\/stabilized-lepto-longifolia-green.jpg\" alt=\"\" width=\"300\" height=\"200\" \/> <img loading=\"lazy\" decoding=\"async\" class=\"alignnone size-medium wp-image-13707\" src=\"https:\/\/phytowall.ee\/wp-content\/uploads\/2023\/11\/lepto_longifolia_5.jpg\" alt=\"\" width=\"244\" height=\"300\" \/><\/p>\n","protected":false},"excerpt":{"rendered":"<p>S\u00e4il\u00f6tty kasvi: Lungifolia.<\/p>\n","protected":false},"featured_media":23994,"comment_status":"open","ping_status":"closed","template":"","meta":{"_monsterinsights_skip_tracking":false,"_monsterinsights_sitenote_active":false,"_monsterinsights_sitenote_note":"","_monsterinsights_sitenote_category":0},"product_brand":[],"product_cat":[483],"product_tag":[615],"class_list":{"0":"post-41196","1":"product","2":"type-product","3":"status-publish","4":"has-post-thumbnail","6":"product_cat-preserved-plants-flowers-fi","7":"product_tag-bulkplants-fi","9":"first","10":"instock","11":"taxable","12":"shipping-taxable","13":"purchasable","14":"product-type-simple"},"_links":{"self":[{"href":"https:\/\/phytowall.ee\/fi\/wp-json\/wp\/v2\/product\/41196","targetHints":{"allow":["GET"]}}],"collection":[{"href":"https:\/\/phytowall.ee\/fi\/wp-json\/wp\/v2\/product"}],"about":[{"href":"https:\/\/phytowall.ee\/fi\/wp-json\/wp\/v2\/types\/product"}],"replies":[{"embeddable":true,"href":"https:\/\/phytowall.ee\/fi\/wp-json\/wp\/v2\/comments?post=41196"}],"wp:featuredmedia":[{"embeddable":true,"href":"https:\/\/phytowall.ee\/fi\/wp-json\/wp\/v2\/media\/23994"}],"wp:attachment":[{"href":"https:\/\/phytowall.ee\/fi\/wp-json\/wp\/v2\/media?parent=41196"}],"wp:term":[{"taxonomy":"product_brand","embeddable":true,"href":"https:\/\/phytowall.ee\/fi\/wp-json\/wp\/v2\/product_brand?post=41196"},{"taxonomy":"product_cat","embeddable":true,"href":"https:\/\/phytowall.ee\/fi\/wp-json\/wp\/v2\/product_cat?post=41196"},{"taxonomy":"product_tag","embeddable":true,"href":"https:\/\/phytowall.ee\/fi\/wp-json\/wp\/v2\/product_tag?post=41196"}],"curies":[{"name":"wp","href":"https:\/\/api.w.org\/{rel}","templated":true}]}}