{"id":41231,"date":"2025-06-24T14:49:59","date_gmt":"2025-06-24T14:49:59","guid":{"rendered":"https:\/\/phytowall.ee\/product\/moss-picture-forest-ring-500-1100-mm\/"},"modified":"2024-02-28T08:13:28","modified_gmt":"2024-02-28T08:13:28","slug":"moss-picture-forest-ring-500-1100-mm","status":"publish","type":"product","link":"https:\/\/phytowall.ee\/fi\/tuote\/moss-picture-forest-ring-500-1100-mm\/","title":{"rendered":"Moss picture Forest ring 500 &#8211; 1100 mm"},"content":{"rendered":"<p>Kehystetty sammalkuva s\u00e4il\u00f6tyill\u00e4 kasveilla, sammalella ja puun kuorella.<\/p>\n<ul>\n<li>100% LUONNOLLINEN<\/li>\n<li>0% HUOLTOA<\/li>\n<li>EI TARVITA VETT\u00c4<\/li>\n<\/ul>\n<p>Materiaalit: s\u00e4il\u00f6tty sammal, s\u00e4il\u00f6tyt kasvit, puunkuori, alumiinikehys.<\/p>\n<p>Toimitusaika-arvio: 3-5 viikkoa.<\/p>\n<p>Yksinomainen sis\u00e4k\u00e4ytt\u00f6 \/ \u00c4l\u00e4 kastele \/ \u00c4l\u00e4 altista suoralle auringonvalolle \/ Pid\u00e4 poissa l\u00e4mm\u00f6nl\u00e4hteist\u00e4<\/p>\n<p>*V\u00e4ri ja yhdistelm\u00e4 voivat hieman poiketa alkuper\u00e4isest\u00e4 kuvasta.<\/p>\n<p><img loading=\"lazy\" decoding=\"async\" class=\"alignnone size-medium wp-image-14416\" src=\"https:\/\/phytowall.ee\/wp-content\/uploads\/2023\/11\/ring801.jpg\" alt=\"\" width=\"300\" height=\"300\" \/> <img loading=\"lazy\" decoding=\"async\" class=\"alignnone size-medium wp-image-14412\" src=\"https:\/\/phytowall.ee\/wp-content\/uploads\/2023\/11\/ring80.jpg\" alt=\"\" width=\"300\" height=\"300\" \/><\/p>\n","protected":false},"excerpt":{"rendered":"<p>Kehystetty sammalkuva s\u00e4il\u00f6tyill\u00e4 kasveilla, sammalella ja puun kuorella.<\/p>\n<ul>\n<li>100% LUONNOLLINEN<\/li>\n<li>0% HUOLTOA<\/li>\n<li>EI TARVITA VETT\u00c4<\/li>\n<\/ul>\n","protected":false},"featured_media":61767,"comment_status":"open","ping_status":"closed","template":"","meta":{"_monsterinsights_skip_tracking":false,"_monsterinsights_sitenote_active":false,"_monsterinsights_sitenote_note":"","_monsterinsights_sitenote_category":0},"product_brand":[],"product_cat":[492],"product_tag":[559,628,560,558],"class_list":{"0":"post-41231","1":"product","2":"type-product","3":"status-publish","4":"has-post-thumbnail","6":"product_cat-small-moss-art-fi","7":"product_tag-plants-fi","8":"product_tag-small-fi","9":"product_tag-ring-fi","10":"product_tag-big-fi","11":"product_shipping_class-class-ii-fi","12":"pa_size-1100-mm-fi","13":"pa_size-500-mm-fi","14":"pa_size-600-mm-fi","15":"pa_size-800-mm-fi","17":"first","18":"instock","19":"taxable","20":"shipping-taxable","21":"purchasable","22":"product-type-variable","23":"has-default-attributes"},"_links":{"self":[{"href":"https:\/\/phytowall.ee\/fi\/wp-json\/wp\/v2\/product\/41231","targetHints":{"allow":["GET"]}}],"collection":[{"href":"https:\/\/phytowall.ee\/fi\/wp-json\/wp\/v2\/product"}],"about":[{"href":"https:\/\/phytowall.ee\/fi\/wp-json\/wp\/v2\/types\/product"}],"replies":[{"embeddable":true,"href":"https:\/\/phytowall.ee\/fi\/wp-json\/wp\/v2\/comments?post=41231"}],"wp:featuredmedia":[{"embeddable":true,"href":"https:\/\/phytowall.ee\/fi\/wp-json\/wp\/v2\/media\/61767"}],"wp:attachment":[{"href":"https:\/\/phytowall.ee\/fi\/wp-json\/wp\/v2\/media?parent=41231"}],"wp:term":[{"taxonomy":"product_brand","embeddable":true,"href":"https:\/\/phytowall.ee\/fi\/wp-json\/wp\/v2\/product_brand?post=41231"},{"taxonomy":"product_cat","embeddable":true,"href":"https:\/\/phytowall.ee\/fi\/wp-json\/wp\/v2\/product_cat?post=41231"},{"taxonomy":"product_tag","embeddable":true,"href":"https:\/\/phytowall.ee\/fi\/wp-json\/wp\/v2\/product_tag?post=41231"}],"curies":[{"name":"wp","href":"https:\/\/api.w.org\/{rel}","templated":true}]}}