{"id":41414,"date":"2023-12-22T14:50:33","date_gmt":"2023-12-22T14:50:33","guid":{"rendered":"https:\/\/phytowall.ee\/product\/preserved-rose-gift-box-la-secret\/"},"modified":"2024-02-27T16:37:27","modified_gmt":"2024-02-27T16:37:27","slug":"preserved-rose-gift-box-la-secret","status":"publish","type":"product","link":"https:\/\/phytowall.ee\/fi\/tuote\/preserved-rose-gift-box-la-secret\/","title":{"rendered":"Preserved Rose in gift box La Secret"},"content":{"rendered":"<p>La Secret. Yll\u00e4t\u00e4 eleganssilla&#8230;<\/p>\n<p>Sis\u00e4ll\u00e4:<\/p>\n<p>Ikuinen ruusu, joka on koristeltu kest\u00e4v\u00e4ll\u00e4 ruusuntuoksulla<\/p>\n<p>Viestikortti (musta etupuoli, jossa on pehme\u00e4 kosketus &#8221;lehti&#8221; -painatus \/ valikoiva lakkaamaton tyhj\u00e4 varauspuoli henkil\u00f6kohtaisen viestin kirjoittamiseen)<\/p>\n<p>Kotelo:<\/p>\n<p>Musta nahkaj\u00e4ljitelm\u00e4pinta<\/p>\n<p>Koko: 61 x 83 mm<\/p>\n<p>Toimitusaika: 1-3 p\u00e4iv\u00e4\u00e4<\/p>\n<p><img loading=\"lazy\" decoding=\"async\" class=\"alignnone size-medium wp-image-14048\" src=\"https:\/\/phytowall.ee\/wp-content\/uploads\/2023\/11\/IMG_4128.jpg\" alt=\"\" width=\"300\" height=\"200\" \/> <img loading=\"lazy\" decoding=\"async\" class=\"alignnone size-medium wp-image-14032\" src=\"https:\/\/phytowall.ee\/wp-content\/uploads\/2023\/11\/1313.jpg\" alt=\"\" width=\"300\" height=\"208\" \/> <img loading=\"lazy\" decoding=\"async\" class=\"alignnone size-medium wp-image-14036\" src=\"https:\/\/phytowall.ee\/wp-content\/uploads\/2023\/11\/sevd.jpg\" alt=\"\" width=\"300\" height=\"208\" \/><\/p>\n","protected":false},"excerpt":{"rendered":"<p>La Secret. Surprise with elegance&#8230;<\/p>\n<p>&nbsp;<\/p>\n<p>Inside:<\/p>\n<p>Eternal rose adorned with a lingering rose fragrance<\/p>\n<p>Message card (black front with soft touch &#8221;leaves&#8221; printing \/ selective varnish blank reserve side to write a personalized message)<\/p>\n<p>&nbsp;<\/p>\n<p>Case:<\/p>\n<p>Black leatherette finish<\/p>\n<p>&nbsp;<\/p>\n<p>Size: 61 x 83 mm<\/p>\n<p>Shipping time: 1-3 days<\/p>\n","protected":false},"featured_media":71241,"comment_status":"open","ping_status":"closed","template":"","meta":{"_monsterinsights_skip_tracking":false,"_monsterinsights_sitenote_active":false,"_monsterinsights_sitenote_note":"","_monsterinsights_sitenote_category":0},"product_brand":[],"product_cat":[465,1432,506,489,483],"product_tag":[591,615,618,619,627],"class_list":{"0":"post-41414","1":"product","2":"type-product","3":"status-publish","4":"has-post-thumbnail","6":"product_cat-flowers-art-fi","7":"product_cat-gift-collection-fi","8":"product_cat-products-in-sale-fi","9":"product_cat-rose-in-glass-fi","10":"product_cat-preserved-plants-flowers-fi","11":"product_tag-bestseller-fi","12":"product_tag-bulkplants-fi","13":"product_tag-flowers-fi","14":"product_tag-glass-fi","15":"product_tag-sale-fi","16":"product_shipping_class-class-i-fi","17":"pa_color-dark-blue-fi","18":"pa_color-pink-fi","19":"pa_color-red-fi","20":"pa_color-white-fi","22":"first","23":"instock","24":"sale","25":"taxable","26":"shipping-taxable","27":"purchasable","28":"product-type-variable","29":"has-default-attributes"},"_links":{"self":[{"href":"https:\/\/phytowall.ee\/fi\/wp-json\/wp\/v2\/product\/41414","targetHints":{"allow":["GET"]}}],"collection":[{"href":"https:\/\/phytowall.ee\/fi\/wp-json\/wp\/v2\/product"}],"about":[{"href":"https:\/\/phytowall.ee\/fi\/wp-json\/wp\/v2\/types\/product"}],"replies":[{"embeddable":true,"href":"https:\/\/phytowall.ee\/fi\/wp-json\/wp\/v2\/comments?post=41414"}],"wp:featuredmedia":[{"embeddable":true,"href":"https:\/\/phytowall.ee\/fi\/wp-json\/wp\/v2\/media\/71241"}],"wp:attachment":[{"href":"https:\/\/phytowall.ee\/fi\/wp-json\/wp\/v2\/media?parent=41414"}],"wp:term":[{"taxonomy":"product_brand","embeddable":true,"href":"https:\/\/phytowall.ee\/fi\/wp-json\/wp\/v2\/product_brand?post=41414"},{"taxonomy":"product_cat","embeddable":true,"href":"https:\/\/phytowall.ee\/fi\/wp-json\/wp\/v2\/product_cat?post=41414"},{"taxonomy":"product_tag","embeddable":true,"href":"https:\/\/phytowall.ee\/fi\/wp-json\/wp\/v2\/product_tag?post=41414"}],"curies":[{"name":"wp","href":"https:\/\/api.w.org\/{rel}","templated":true}]}}