{"id":41447,"date":"2025-06-16T14:50:44","date_gmt":"2025-06-16T14:50:44","guid":{"rendered":"https:\/\/phytowall.ee\/product\/preserved-plants-in-vase\/"},"modified":"2024-02-27T16:29:25","modified_gmt":"2024-02-27T16:29:25","slug":"preserved-plants-in-vase","status":"publish","type":"product","link":"https:\/\/phytowall.ee\/fi\/tuote\/preserved-plants-in-vase\/","title":{"rendered":"Oasis 1"},"content":{"rendered":"<p>Materiaali: Vihre\u00e4nkukkulan sammal, s\u00e4il\u00f6tyt kasvit, keramiikkavati<\/p>\n<p>Koko: Halkaisija 27 cm<\/p>\n<ul>\n<li>100% LUONNOLLINEN<\/li>\n<li>0% HOITO<\/li>\n<li>EI TARVITSE KASTELUA<\/li>\n<\/ul>\n<p>Arvioitu toimitusaika: 1-3 viikkoa.<\/p>\n<p>Yksinomainen sis\u00e4k\u00e4ytt\u00f6 \/ \u00c4l\u00e4 kastele \/ \u00c4l\u00e4 altista suoralle auringonvalolle \/ Pid\u00e4 poissa l\u00e4mm\u00f6nl\u00e4hteist\u00e4<\/p>\n","protected":false},"excerpt":{"rendered":"<p>Material: Greenhill moss, preserved plants, ceramic vase<\/p>\n<p>Size: D27 cm<\/p>\n<ul>\n<li>100% NATURAL<\/li>\n<li>0% CARE<\/li>\n<li>NO NEED TO WATER<\/li>\n<\/ul>\n<p>Estimated delivery time: 1-3 weeks.<\/p>\n<p>Exclusive indoor use \/ Do not water \/ Do not expose to sunlight \/ Keep away from heat sources<\/p>\n","protected":false},"featured_media":24018,"comment_status":"open","ping_status":"closed","template":"","meta":{"_monsterinsights_skip_tracking":false,"_monsterinsights_sitenote_active":false,"_monsterinsights_sitenote_note":"","_monsterinsights_sitenote_category":0},"product_brand":[],"product_cat":[661,477],"product_tag":[624,627],"class_list":{"0":"post-41447","1":"product","2":"type-product","3":"status-publish","4":"has-post-thumbnail","6":"product_cat-office-solutions-fi","7":"product_cat-pots-fi","8":"product_tag-planters-fi","9":"product_tag-sale-fi","10":"product_shipping_class-class-i-fi","12":"first","13":"instock","14":"taxable","15":"shipping-taxable","16":"purchasable","17":"product-type-simple"},"_links":{"self":[{"href":"https:\/\/phytowall.ee\/fi\/wp-json\/wp\/v2\/product\/41447","targetHints":{"allow":["GET"]}}],"collection":[{"href":"https:\/\/phytowall.ee\/fi\/wp-json\/wp\/v2\/product"}],"about":[{"href":"https:\/\/phytowall.ee\/fi\/wp-json\/wp\/v2\/types\/product"}],"replies":[{"embeddable":true,"href":"https:\/\/phytowall.ee\/fi\/wp-json\/wp\/v2\/comments?post=41447"}],"wp:featuredmedia":[{"embeddable":true,"href":"https:\/\/phytowall.ee\/fi\/wp-json\/wp\/v2\/media\/24018"}],"wp:attachment":[{"href":"https:\/\/phytowall.ee\/fi\/wp-json\/wp\/v2\/media?parent=41447"}],"wp:term":[{"taxonomy":"product_brand","embeddable":true,"href":"https:\/\/phytowall.ee\/fi\/wp-json\/wp\/v2\/product_brand?post=41447"},{"taxonomy":"product_cat","embeddable":true,"href":"https:\/\/phytowall.ee\/fi\/wp-json\/wp\/v2\/product_cat?post=41447"},{"taxonomy":"product_tag","embeddable":true,"href":"https:\/\/phytowall.ee\/fi\/wp-json\/wp\/v2\/product_tag?post=41447"}],"curies":[{"name":"wp","href":"https:\/\/api.w.org\/{rel}","templated":true}]}}