{"id":42818,"date":"2023-12-22T15:05:28","date_gmt":"2023-12-22T15:05:28","guid":{"rendered":"https:\/\/phytowall.ee\/product\/cork-board-4-pc-2\/"},"modified":"2024-02-27T16:10:01","modified_gmt":"2024-02-27T16:10:01","slug":"cork-board-4-pc","status":"publish","type":"product","link":"https:\/\/phytowall.ee\/fi\/tuote\/cork-board-4-pc\/","title":{"rendered":"Cork Board (4 pc)"},"content":{"rendered":"","protected":false},"excerpt":{"rendered":"<p><strong>MATERIAALI<\/strong><br \/>\nEristyskorkkitaulu<\/p>\n<p><strong>4 KPL HINTA = 1 M2<\/strong><\/p>\n<p><strong>MITAT:<\/strong><br \/>\nPituus: 50 cm<br \/>\nLeveys: 50 cm<br \/>\nPaksuus: 3 cm<\/p>\n<p><strong>TEKNINEN DATA:<\/strong><br \/>\n100% luonnollinen, ekologinen, 100% kierr\u00e4tett\u00e4v\u00e4<br \/>\n95% energians\u00e4\u00e4st\u00f6inen tuotanto<br \/>\nHypoallergeeniset ominaisuudet<br \/>\nTulen-, veden- ja s\u00e4\u00e4nkest\u00e4v\u00e4<br \/>\nPuiden s\u00e4ilytt\u00e4minen ja kunnioitus<br \/>\nVirheellinen k\u00e4ytt\u00f6 voi aiheuttaa tuotteen huononemisen<br \/>\nDigitaalinen valmistus &#8211; CNC-jyrsinkone<br \/>\nKorkin v\u00e4ri muuttuu altistuessaan auringonvalolle (UV)<br \/>\nKorkin tuoksu on luonnollinen ja myrkyt\u00f6n, se h\u00e4vi\u00e4\u00e4 ajan my\u00f6t\u00e4<br \/>\nKorkin jyv\u00e4t eiv\u00e4t ole sy\u00f6t\u00e4vi\u00e4<\/p>\n","protected":false},"featured_media":24077,"comment_status":"open","ping_status":"closed","template":"","meta":{"_monsterinsights_skip_tracking":false,"_monsterinsights_sitenote_active":false,"_monsterinsights_sitenote_note":"","_monsterinsights_sitenote_category":0},"product_brand":[],"product_cat":[471],"product_tag":[623],"class_list":{"0":"post-42818","1":"product","2":"type-product","3":"status-publish","4":"has-post-thumbnail","6":"product_cat-moss-panels-fi","7":"product_tag-other-fi","8":"product_shipping_class-class-ii-fi","10":"first","11":"instock","12":"taxable","13":"shipping-taxable","14":"purchasable","15":"product-type-simple"},"_links":{"self":[{"href":"https:\/\/phytowall.ee\/fi\/wp-json\/wp\/v2\/product\/42818","targetHints":{"allow":["GET"]}}],"collection":[{"href":"https:\/\/phytowall.ee\/fi\/wp-json\/wp\/v2\/product"}],"about":[{"href":"https:\/\/phytowall.ee\/fi\/wp-json\/wp\/v2\/types\/product"}],"replies":[{"embeddable":true,"href":"https:\/\/phytowall.ee\/fi\/wp-json\/wp\/v2\/comments?post=42818"}],"wp:featuredmedia":[{"embeddable":true,"href":"https:\/\/phytowall.ee\/fi\/wp-json\/wp\/v2\/media\/24077"}],"wp:attachment":[{"href":"https:\/\/phytowall.ee\/fi\/wp-json\/wp\/v2\/media?parent=42818"}],"wp:term":[{"taxonomy":"product_brand","embeddable":true,"href":"https:\/\/phytowall.ee\/fi\/wp-json\/wp\/v2\/product_brand?post=42818"},{"taxonomy":"product_cat","embeddable":true,"href":"https:\/\/phytowall.ee\/fi\/wp-json\/wp\/v2\/product_cat?post=42818"},{"taxonomy":"product_tag","embeddable":true,"href":"https:\/\/phytowall.ee\/fi\/wp-json\/wp\/v2\/product_tag?post=42818"}],"curies":[{"name":"wp","href":"https:\/\/api.w.org\/{rel}","templated":true}]}}