{"id":43444,"date":"2023-12-22T15:06:55","date_gmt":"2023-12-22T15:06:55","guid":{"rendered":"https:\/\/phytowall.ee\/product\/terrarium-collection-juniperus-wood-2\/"},"modified":"2024-02-27T16:02:02","modified_gmt":"2024-02-27T16:02:02","slug":"terrarium-collection-juniperus-wood","status":"publish","type":"product","link":"https:\/\/phytowall.ee\/fi\/tuote\/terrarium-collection-juniperus-wood\/","title":{"rendered":"Terrarium Collection: Juniperus &#038; wood"},"content":{"rendered":"","protected":false},"excerpt":{"rendered":"<p>S\u00e4il\u00f6tyt kasvit lasissa.<\/p>\n<p>Koko: 27 cm korkea<\/p>\n<p>Materiaali: Lasia, s\u00e4il\u00f6tyt kasvit<\/p>\n<p>Yksinomainen sis\u00e4k\u00e4ytt\u00f6 \/ \u00c4l\u00e4 kastele \/ \u00c4l\u00e4 altista auringonvalolle \/ Pid\u00e4 poissa l\u00e4mm\u00f6nl\u00e4hteist\u00e4<\/p>\n","protected":false},"featured_media":27285,"comment_status":"open","ping_status":"closed","template":"","meta":{"_monsterinsights_skip_tracking":false,"_monsterinsights_sitenote_active":false,"_monsterinsights_sitenote_note":"","_monsterinsights_sitenote_category":0},"product_brand":[],"product_cat":[489],"product_tag":[619,628],"class_list":{"0":"post-43444","1":"product","2":"type-product","3":"status-publish","4":"has-post-thumbnail","6":"product_cat-rose-in-glass-fi","7":"product_tag-glass-fi","8":"product_tag-small-fi","9":"product_shipping_class-class-i-fi","11":"first","12":"instock","13":"taxable","14":"shipping-taxable","15":"purchasable","16":"product-type-simple"},"_links":{"self":[{"href":"https:\/\/phytowall.ee\/fi\/wp-json\/wp\/v2\/product\/43444","targetHints":{"allow":["GET"]}}],"collection":[{"href":"https:\/\/phytowall.ee\/fi\/wp-json\/wp\/v2\/product"}],"about":[{"href":"https:\/\/phytowall.ee\/fi\/wp-json\/wp\/v2\/types\/product"}],"replies":[{"embeddable":true,"href":"https:\/\/phytowall.ee\/fi\/wp-json\/wp\/v2\/comments?post=43444"}],"wp:featuredmedia":[{"embeddable":true,"href":"https:\/\/phytowall.ee\/fi\/wp-json\/wp\/v2\/media\/27285"}],"wp:attachment":[{"href":"https:\/\/phytowall.ee\/fi\/wp-json\/wp\/v2\/media?parent=43444"}],"wp:term":[{"taxonomy":"product_brand","embeddable":true,"href":"https:\/\/phytowall.ee\/fi\/wp-json\/wp\/v2\/product_brand?post=43444"},{"taxonomy":"product_cat","embeddable":true,"href":"https:\/\/phytowall.ee\/fi\/wp-json\/wp\/v2\/product_cat?post=43444"},{"taxonomy":"product_tag","embeddable":true,"href":"https:\/\/phytowall.ee\/fi\/wp-json\/wp\/v2\/product_tag?post=43444"}],"curies":[{"name":"wp","href":"https:\/\/api.w.org\/{rel}","templated":true}]}}