{"id":43759,"date":"2023-12-22T15:07:42","date_gmt":"2023-12-22T15:07:42","guid":{"rendered":"https:\/\/phytowall.ee\/product\/pampa-grass-2\/"},"modified":"2024-02-27T15:44:43","modified_gmt":"2024-02-27T15:44:43","slug":"pampa-grass","status":"publish","type":"product","link":"https:\/\/phytowall.ee\/fi\/tuote\/pampa-grass\/","title":{"rendered":"Pampa grass"},"content":{"rendered":"","protected":false},"excerpt":{"rendered":"<p class=\"sl_from_description\">P\u00e4\u00e4asiassa koristekasvina viljelty pampparuoho on suurilla h\u00f6yhenill\u00e4, jotka sopivat erinomaisesti kuivien kukkakimppujen valmistukseen.<\/p>\n<p>&nbsp;<br \/>\nKuivatut kukat ovat luonnollisia. Koon, muodon ja v\u00e4rin vaihtelut voivat esiinty\u00e4 saman viitteen elementtien v\u00e4lill\u00e4. Jotkut osat voivat sis\u00e4lt\u00e4\u00e4 lievi\u00e4 vikoja.<\/p>\n","protected":false},"featured_media":24114,"comment_status":"open","ping_status":"closed","template":"","meta":{"_monsterinsights_skip_tracking":false,"_monsterinsights_sitenote_active":false,"_monsterinsights_sitenote_note":"","_monsterinsights_sitenote_category":0},"product_brand":[],"product_cat":[506,483],"product_tag":[615],"class_list":{"0":"post-43759","1":"product","2":"type-product","3":"status-publish","4":"has-post-thumbnail","6":"product_cat-products-in-sale-fi","7":"product_cat-preserved-plants-flowers-fi","8":"product_tag-bulkplants-fi","9":"product_shipping_class-class-i-fi","11":"first","12":"instock","13":"sale","14":"taxable","15":"shipping-taxable","16":"purchasable","17":"product-type-simple"},"_links":{"self":[{"href":"https:\/\/phytowall.ee\/fi\/wp-json\/wp\/v2\/product\/43759","targetHints":{"allow":["GET"]}}],"collection":[{"href":"https:\/\/phytowall.ee\/fi\/wp-json\/wp\/v2\/product"}],"about":[{"href":"https:\/\/phytowall.ee\/fi\/wp-json\/wp\/v2\/types\/product"}],"replies":[{"embeddable":true,"href":"https:\/\/phytowall.ee\/fi\/wp-json\/wp\/v2\/comments?post=43759"}],"wp:featuredmedia":[{"embeddable":true,"href":"https:\/\/phytowall.ee\/fi\/wp-json\/wp\/v2\/media\/24114"}],"wp:attachment":[{"href":"https:\/\/phytowall.ee\/fi\/wp-json\/wp\/v2\/media?parent=43759"}],"wp:term":[{"taxonomy":"product_brand","embeddable":true,"href":"https:\/\/phytowall.ee\/fi\/wp-json\/wp\/v2\/product_brand?post=43759"},{"taxonomy":"product_cat","embeddable":true,"href":"https:\/\/phytowall.ee\/fi\/wp-json\/wp\/v2\/product_cat?post=43759"},{"taxonomy":"product_tag","embeddable":true,"href":"https:\/\/phytowall.ee\/fi\/wp-json\/wp\/v2\/product_tag?post=43759"}],"curies":[{"name":"wp","href":"https:\/\/api.w.org\/{rel}","templated":true}]}}