{"id":44797,"date":"2023-12-22T15:11:20","date_gmt":"2023-12-22T15:11:20","guid":{"rendered":"https:\/\/phytowall.ee\/product\/moss-wall-midnight-forest-238x125-cm\/"},"modified":"2024-02-27T15:43:51","modified_gmt":"2024-02-27T15:43:51","slug":"moss-wall-midnight-forest-238x125-cm","status":"publish","type":"product","link":"https:\/\/phytowall.ee\/fi\/tuote\/moss-wall-midnight-forest-238x125-cm\/","title":{"rendered":"Moss wall Midnight Forest 238&#215;125 cm"},"content":{"rendered":"<p>S\u00e4ilytetyill\u00e4 kasveilla ja sammaleella varustettu kuvakehys 2380 x 1250 mm.<\/p>\n<ul>\n<li>100% LUONNOLLINEN<\/li>\n<li>0% HUOLTOA<\/li>\n<li>EI TARVITA VETT\u00c4<\/li>\n<\/ul>\n<p>Materiaalit: s\u00e4ilytetty sammal, s\u00e4ilytetyt kasvit<\/p>\n<p>Arvioitu toimitusaika: 3-4 viikkoa.<\/p>\n<p>Yksinomainen sis\u00e4k\u00e4ytt\u00f6 \/ \u00c4l\u00e4 kastele \/ \u00c4l\u00e4 altista suoralle auringonvalolle \/ Pid\u00e4 poissa l\u00e4mm\u00f6nl\u00e4hteist\u00e4<\/p>\n<p><img loading=\"lazy\" decoding=\"async\" class=\"alignnone size-medium wp-image-15669\" src=\"https:\/\/phytowall.ee\/wp-content\/uploads\/2023\/11\/dark222.jpg\" alt=\"\" width=\"300\" height=\"300\" \/><br \/>\n<iframe loading=\"lazy\" width=\"560\" height=\"315\" src=\"https:\/\/www.youtube.com\/embed\/y9v-9ii3umY?si=VKqkBM5XifF-SDNR\" title=\"YouTube-video\" frameborder=\"0\" allow=\"accelerometer; autoplay; clipboard-write; encrypted-media; gyroscope; picture-in-picture; web-share\" allowfullscreen><\/iframe><\/p>\n","protected":false},"excerpt":{"rendered":"<p>Sammalkuva s\u00e4ilytetyill\u00e4 kasveilla 2380 x 1250 mm.<\/p>\n<ul>\n<li>100% luonnollinen<\/li>\n<li>0% hoitoa<\/li>\n<li>Ei tarvetta vedelle<\/li>\n<\/ul>\n","protected":false},"featured_media":62004,"comment_status":"open","ping_status":"closed","template":"","meta":{"_monsterinsights_skip_tracking":false,"_monsterinsights_sitenote_active":false,"_monsterinsights_sitenote_note":"","_monsterinsights_sitenote_category":0},"product_brand":[],"product_cat":[506,498],"product_tag":[559,616,558],"class_list":{"0":"post-44797","1":"product","2":"type-product","3":"status-publish","4":"has-post-thumbnail","6":"product_cat-products-in-sale-fi","7":"product_cat-wall-moss-art-fi","8":"product_tag-plants-fi","9":"product_tag-dark-fi","10":"product_tag-big-fi","11":"product_shipping_class-class-iii-fi","13":"first","14":"instock","15":"sale","16":"featured","17":"taxable","18":"shipping-taxable","19":"purchasable","20":"product-type-variable","21":"has-default-attributes"},"_links":{"self":[{"href":"https:\/\/phytowall.ee\/fi\/wp-json\/wp\/v2\/product\/44797","targetHints":{"allow":["GET"]}}],"collection":[{"href":"https:\/\/phytowall.ee\/fi\/wp-json\/wp\/v2\/product"}],"about":[{"href":"https:\/\/phytowall.ee\/fi\/wp-json\/wp\/v2\/types\/product"}],"replies":[{"embeddable":true,"href":"https:\/\/phytowall.ee\/fi\/wp-json\/wp\/v2\/comments?post=44797"}],"wp:featuredmedia":[{"embeddable":true,"href":"https:\/\/phytowall.ee\/fi\/wp-json\/wp\/v2\/media\/62004"}],"wp:attachment":[{"href":"https:\/\/phytowall.ee\/fi\/wp-json\/wp\/v2\/media?parent=44797"}],"wp:term":[{"taxonomy":"product_brand","embeddable":true,"href":"https:\/\/phytowall.ee\/fi\/wp-json\/wp\/v2\/product_brand?post=44797"},{"taxonomy":"product_cat","embeddable":true,"href":"https:\/\/phytowall.ee\/fi\/wp-json\/wp\/v2\/product_cat?post=44797"},{"taxonomy":"product_tag","embeddable":true,"href":"https:\/\/phytowall.ee\/fi\/wp-json\/wp\/v2\/product_tag?post=44797"}],"curies":[{"name":"wp","href":"https:\/\/api.w.org\/{rel}","templated":true}]}}