{"id":44828,"date":"2023-12-22T15:11:25","date_gmt":"2023-12-22T15:11:25","guid":{"rendered":"https:\/\/phytowall.ee\/product\/room-divider-1-side-2440-x-1250-mm\/"},"modified":"2024-02-27T15:42:03","modified_gmt":"2024-02-27T15:42:03","slug":"room-divider-1-side-2440-x-1250-mm","status":"publish","type":"product","link":"https:\/\/phytowall.ee\/fi\/tuote\/room-divider-1-side-2440-x-1250-mm\/","title":{"rendered":"Room Divider (1 side) 2440 x 1250 mm"},"content":{"rendered":"<p>Tilanjakaja s\u00e4il\u00f6tyll\u00e4 sammaleella ja kasveilla, koko 2440 x 1250 mm.<\/p>\n<ul>\n<li>100% LUONNOLLINEN<\/li>\n<li>0% HOITO<\/li>\n<li>EI TARVITA VETT\u00c4<\/li>\n<\/ul>\n<p>Materiaalit: s\u00e4il\u00f6tty sammal, s\u00e4il\u00f6tyt kasvit, metallirunko.<br \/>\nArvioitu toimitusaika: 3-5 viikkoa.<\/p>\n<p>Yksinomainen sis\u00e4k\u00e4ytt\u00f6 \/ \u00c4l\u00e4 kastele \/ \u00c4l\u00e4 altista suoralle auringonvalolle \/ Pid\u00e4 poissa l\u00e4mm\u00f6nl\u00e4hteist\u00e4<\/p>\n<p>*V\u00e4ri ja yhdistelm\u00e4 voivat poiketa hieman alkuper\u00e4isest\u00e4 kuvasta.<\/p>\n<p><img loading=\"lazy\" decoding=\"async\" class=\"alignnone size-medium wp-image-15673\" src=\"https:\/\/phytowall.ee\/wp-content\/uploads\/2023\/11\/dark444.jpg\" alt=\"\" width=\"300\" height=\"300\" \/><\/p>\n","protected":false},"excerpt":{"rendered":"<p>Huoneenjakaja s\u00e4ilytetyll\u00e4 sammaleella ja kasveilla 2440 x 1250 mm.<\/p>\n<ul>\n<li>100% LUONNOLLINEN<\/li>\n<li>0% HUOLTOA<\/li>\n<li>EI TARVITA VETT\u00c4<\/li>\n<\/ul>\n","protected":false},"featured_media":62010,"comment_status":"open","ping_status":"closed","template":"","meta":{"_monsterinsights_skip_tracking":false,"_monsterinsights_sitenote_active":false,"_monsterinsights_sitenote_note":"","_monsterinsights_sitenote_category":0},"product_brand":[],"product_cat":[462,506],"product_tag":[617,559,616],"class_list":{"0":"post-44828","1":"product","2":"type-product","3":"status-publish","4":"has-post-thumbnail","6":"product_cat-dividers-fi","7":"product_cat-products-in-sale-fi","8":"product_tag-divider-fi","9":"product_tag-plants-fi","10":"product_tag-dark-fi","11":"product_shipping_class-class-iii-fi","13":"first","14":"instock","15":"sale","16":"taxable","17":"shipping-taxable","18":"purchasable","19":"product-type-variable","20":"has-default-attributes"},"_links":{"self":[{"href":"https:\/\/phytowall.ee\/fi\/wp-json\/wp\/v2\/product\/44828","targetHints":{"allow":["GET"]}}],"collection":[{"href":"https:\/\/phytowall.ee\/fi\/wp-json\/wp\/v2\/product"}],"about":[{"href":"https:\/\/phytowall.ee\/fi\/wp-json\/wp\/v2\/types\/product"}],"replies":[{"embeddable":true,"href":"https:\/\/phytowall.ee\/fi\/wp-json\/wp\/v2\/comments?post=44828"}],"wp:featuredmedia":[{"embeddable":true,"href":"https:\/\/phytowall.ee\/fi\/wp-json\/wp\/v2\/media\/62010"}],"wp:attachment":[{"href":"https:\/\/phytowall.ee\/fi\/wp-json\/wp\/v2\/media?parent=44828"}],"wp:term":[{"taxonomy":"product_brand","embeddable":true,"href":"https:\/\/phytowall.ee\/fi\/wp-json\/wp\/v2\/product_brand?post=44828"},{"taxonomy":"product_cat","embeddable":true,"href":"https:\/\/phytowall.ee\/fi\/wp-json\/wp\/v2\/product_cat?post=44828"},{"taxonomy":"product_tag","embeddable":true,"href":"https:\/\/phytowall.ee\/fi\/wp-json\/wp\/v2\/product_tag?post=44828"}],"curies":[{"name":"wp","href":"https:\/\/api.w.org\/{rel}","templated":true}]}}