{"id":44975,"date":"2025-04-20T00:00:50","date_gmt":"2025-04-20T00:00:50","guid":{"rendered":"https:\/\/phytowall.ee\/product\/bonsai-juniperus-2\/"},"modified":"2024-12-09T12:30:41","modified_gmt":"2024-12-09T12:30:41","slug":"bonsai-juniperus","status":"publish","type":"product","link":"https:\/\/phytowall.ee\/fi\/tuote\/bonsai-juniperus\/","title":{"rendered":"Stabiloitu Bonsai Juniperus"},"content":{"rendered":"<p>Stabiloitu bonsai Juniperus.<\/p>\n<p>Available sizes: 40 cm; 60 cm<\/p>\n<p>&nbsp;<\/p>\n<p>T\u00e4m\u00e4 stabiloitu bonsai tuo ajattoman luonnon kosketuksen mihin tahansa tilaan. Toisin kuin perinteinen bonsai, se ei vaadi kastelua tai erityist\u00e4 hoitoa. Erityisen s\u00e4il\u00f6nt\u00e4prosessin ansiosta bonsai s\u00e4ilytt\u00e4\u00e4 luonnollisen kauneutensa ja v\u00e4rins\u00e4 ilman auringonvaloa tai huoltoa. Se on t\u00e4ydellinen luomaan rauhallista tunnelmaa niin kotiin kuin toimistoonkin, tuoden tilaan eleganttia ja rauhoittavaa tunnelmaa ymp\u00e4ri vuoden.<\/p>\n<p>&nbsp;<\/p>\n<p>Exclusive indoor use \/ Do not water \/ Do not expose to sunlight \/ Keep away from heat sources<\/p>\n<p><img loading=\"lazy\" decoding=\"async\" class=\"alignnone size-medium wp-image-15883\" src=\"https:\/\/phytowall.ee\/wp-content\/uploads\/2023\/07\/bonsai2.jpg\" alt=\"\" width=\"300\" height=\"300\" \/><\/p>\n","protected":false},"excerpt":{"rendered":"<p>Stabiloitu bonsai Juniperus.<\/p>\n<p>Available sizes: 40 cm; 60 cm<\/p>\n","protected":false},"featured_media":67057,"comment_status":"open","ping_status":"closed","template":"","meta":{"_monsterinsights_skip_tracking":false,"_monsterinsights_sitenote_active":false,"_monsterinsights_sitenote_note":"","_monsterinsights_sitenote_category":0},"product_brand":[],"product_cat":[474],"product_tag":[591,1194,596],"class_list":{"0":"post-44975","1":"product","2":"type-product","3":"status-publish","4":"has-post-thumbnail","6":"product_cat-other-products-fi","7":"product_tag-bestseller-fi","8":"product_tag-bonsai-fi","9":"product_tag-sailotyt-puut","10":"product_shipping_class-class-ii-fi","11":"pa_color-black-fi","12":"pa_color-white-fi","13":"pa_size-40-cm-fi","14":"pa_size-60-cm-fi","16":"first","17":"instock","18":"taxable","19":"shipping-taxable","20":"purchasable","21":"product-type-variable"},"_links":{"self":[{"href":"https:\/\/phytowall.ee\/fi\/wp-json\/wp\/v2\/product\/44975","targetHints":{"allow":["GET"]}}],"collection":[{"href":"https:\/\/phytowall.ee\/fi\/wp-json\/wp\/v2\/product"}],"about":[{"href":"https:\/\/phytowall.ee\/fi\/wp-json\/wp\/v2\/types\/product"}],"replies":[{"embeddable":true,"href":"https:\/\/phytowall.ee\/fi\/wp-json\/wp\/v2\/comments?post=44975"}],"wp:featuredmedia":[{"embeddable":true,"href":"https:\/\/phytowall.ee\/fi\/wp-json\/wp\/v2\/media\/67057"}],"wp:attachment":[{"href":"https:\/\/phytowall.ee\/fi\/wp-json\/wp\/v2\/media?parent=44975"}],"wp:term":[{"taxonomy":"product_brand","embeddable":true,"href":"https:\/\/phytowall.ee\/fi\/wp-json\/wp\/v2\/product_brand?post=44975"},{"taxonomy":"product_cat","embeddable":true,"href":"https:\/\/phytowall.ee\/fi\/wp-json\/wp\/v2\/product_cat?post=44975"},{"taxonomy":"product_tag","embeddable":true,"href":"https:\/\/phytowall.ee\/fi\/wp-json\/wp\/v2\/product_tag?post=44975"}],"curies":[{"name":"wp","href":"https:\/\/api.w.org\/{rel}","templated":true}]}}