{"id":44988,"date":"2025-03-10T15:11:52","date_gmt":"2025-03-10T15:11:52","guid":{"rendered":"https:\/\/phytowall.ee\/product\/moss-picture-greenhill-forest-ring-d80-cm\/"},"modified":"2024-02-27T15:29:28","modified_gmt":"2024-02-27T15:29:28","slug":"moss-picture-greenhill-forest-ring-d80-cm","status":"publish","type":"product","link":"https:\/\/phytowall.ee\/fi\/tuote\/moss-picture-greenhill-forest-ring-d80-cm\/","title":{"rendered":"Moss Picture Greenhill Forest Ring D80-110 cm"},"content":{"rendered":"<p>Keinutettu sammalkuva, jossa s\u00e4ilytetyt kasvit ja sammal.<\/p>\n<ul>\n<li>100% LUONNOLLINEN<\/li>\n<li>0% HOITO<\/li>\n<li>EI TARVITSE VETT\u00c4<\/li>\n<\/ul>\n<p>Materiaalit: s\u00e4il\u00f6tty sammal, s\u00e4il\u00f6tyt kasvit, alumiinirunko.<\/p>\n<p>Arvioitu toimitusaika: 3-5 viikkoa.<\/p>\n<p>Yksinomainen sis\u00e4k\u00e4ytt\u00f6 \/ \u00c4l\u00e4 kastele \/ \u00c4l\u00e4 altista suoralle auringonvalolle \/ Pid\u00e4 poissa l\u00e4mm\u00f6nl\u00e4hteist\u00e4<\/p>\n<p>*V\u00e4ri ja yhdistelm\u00e4 voivat poiketa hieman alkuper\u00e4isest\u00e4 kuvasta.<\/p>\n<p><img loading=\"lazy\" decoding=\"async\" class=\"alignnone size-medium wp-image-15901\" src=\"https:\/\/phytowall.ee\/wp-content\/uploads\/2023\/11\/rin1.jpg\" alt=\"\" width=\"300\" height=\"300\" \/><\/p>\n","protected":false},"excerpt":{"rendered":"<p>Kehystetty sammalkuva s\u00e4il\u00f6tyill\u00e4 kasveilla ja sammalla.<\/p>\n<ul>\n<li>100% LUONNOLLINEN<\/li>\n<li>0% HOITO<\/li>\n<li>EI TARVITA VETT\u00c4<\/li>\n<\/ul>\n","protected":false},"featured_media":62034,"comment_status":"open","ping_status":"closed","template":"","meta":{"_monsterinsights_skip_tracking":false,"_monsterinsights_sitenote_active":false,"_monsterinsights_sitenote_note":"","_monsterinsights_sitenote_category":0},"product_brand":[],"product_cat":[498],"product_tag":[591,620,559,560,558],"class_list":{"0":"post-44988","1":"product","2":"type-product","3":"status-publish","4":"has-post-thumbnail","6":"product_cat-wall-moss-art-fi","7":"product_tag-bestseller-fi","8":"product_tag-greenhill-fi","9":"product_tag-plants-fi","10":"product_tag-ring-fi","11":"product_tag-big-fi","12":"product_shipping_class-class-iii-fi","13":"pa_size-1100-mm-fi","14":"pa_size-800-mm-fi","16":"first","17":"instock","18":"sale","19":"featured","20":"taxable","21":"shipping-taxable","22":"purchasable","23":"product-type-variable","24":"has-default-attributes"},"_links":{"self":[{"href":"https:\/\/phytowall.ee\/fi\/wp-json\/wp\/v2\/product\/44988","targetHints":{"allow":["GET"]}}],"collection":[{"href":"https:\/\/phytowall.ee\/fi\/wp-json\/wp\/v2\/product"}],"about":[{"href":"https:\/\/phytowall.ee\/fi\/wp-json\/wp\/v2\/types\/product"}],"replies":[{"embeddable":true,"href":"https:\/\/phytowall.ee\/fi\/wp-json\/wp\/v2\/comments?post=44988"}],"wp:featuredmedia":[{"embeddable":true,"href":"https:\/\/phytowall.ee\/fi\/wp-json\/wp\/v2\/media\/62034"}],"wp:attachment":[{"href":"https:\/\/phytowall.ee\/fi\/wp-json\/wp\/v2\/media?parent=44988"}],"wp:term":[{"taxonomy":"product_brand","embeddable":true,"href":"https:\/\/phytowall.ee\/fi\/wp-json\/wp\/v2\/product_brand?post=44988"},{"taxonomy":"product_cat","embeddable":true,"href":"https:\/\/phytowall.ee\/fi\/wp-json\/wp\/v2\/product_cat?post=44988"},{"taxonomy":"product_tag","embeddable":true,"href":"https:\/\/phytowall.ee\/fi\/wp-json\/wp\/v2\/product_tag?post=44988"}],"curies":[{"name":"wp","href":"https:\/\/api.w.org\/{rel}","templated":true}]}}