{"id":45095,"date":"2025-07-01T15:12:06","date_gmt":"2025-07-01T15:12:06","guid":{"rendered":"https:\/\/phytowall.ee\/product\/hanging-pot-mohawk\/"},"modified":"2024-02-27T15:16:13","modified_gmt":"2024-02-27T15:16:13","slug":"hanging-pot-mohawk","status":"publish","type":"product","link":"https:\/\/phytowall.ee\/fi\/tuote\/hanging-pot-mohawk\/","title":{"rendered":"Hanging pot Mohawk"},"content":{"rendered":"<p>Riippuva ruukku s\u00e4ilytetyill\u00e4 kasveilla Mohawk<\/p>\n<p>Materiaali: S\u00e4ilytetty sammal, s\u00e4ilytetyt kasvit, metallimaljakko<\/p>\n<ul>\n<li>100% LUONNOLLINEN<\/li>\n<li>0% HOITO<\/li>\n<li>EI TARVITSE KASTELUA<\/li>\n<\/ul>\n<p>Arvioitu toimitusaika: 2-3 viikkoa.<br \/>\nYksinomainen sis\u00e4k\u00e4ytt\u00f6 \/ \u00c4l\u00e4 kastele \/ \u00c4l\u00e4 altista auringonvalolle \/ Pid\u00e4 poissa l\u00e4mm\u00f6nl\u00e4hteist\u00e4<\/p>\n","protected":false},"excerpt":{"rendered":"<p>Riippuva ruukku, jossa s\u00e4ilytetyt kasvit, Mohawk<\/p>\n<p>Materiaali: S\u00e4il\u00f6tty sammal, s\u00e4il\u00f6tyt kasvit, metallinen maljakko<\/p>\n<ul>\n<li>100% luonnollinen<\/li>\n<li>0% hoitoa<\/li>\n<li>Ei tarvetta kastelulle<\/li>\n<\/ul>\n","protected":false},"featured_media":27781,"comment_status":"open","ping_status":"closed","template":"","meta":{"_monsterinsights_skip_tracking":false,"_monsterinsights_sitenote_active":false,"_monsterinsights_sitenote_note":"","_monsterinsights_sitenote_category":0},"product_brand":[],"product_cat":[477],"product_tag":[624,627],"class_list":{"0":"post-45095","1":"product","2":"type-product","3":"status-publish","4":"has-post-thumbnail","6":"product_cat-pots-fi","7":"product_tag-planters-fi","8":"product_tag-sale-fi","9":"product_shipping_class-class-i-fi","10":"pa_color-blue-fi","11":"pa_color-white-fi","13":"first","14":"instock","15":"taxable","16":"shipping-taxable","17":"purchasable","18":"product-type-variable","19":"has-default-attributes"},"_links":{"self":[{"href":"https:\/\/phytowall.ee\/fi\/wp-json\/wp\/v2\/product\/45095","targetHints":{"allow":["GET"]}}],"collection":[{"href":"https:\/\/phytowall.ee\/fi\/wp-json\/wp\/v2\/product"}],"about":[{"href":"https:\/\/phytowall.ee\/fi\/wp-json\/wp\/v2\/types\/product"}],"replies":[{"embeddable":true,"href":"https:\/\/phytowall.ee\/fi\/wp-json\/wp\/v2\/comments?post=45095"}],"wp:featuredmedia":[{"embeddable":true,"href":"https:\/\/phytowall.ee\/fi\/wp-json\/wp\/v2\/media\/27781"}],"wp:attachment":[{"href":"https:\/\/phytowall.ee\/fi\/wp-json\/wp\/v2\/media?parent=45095"}],"wp:term":[{"taxonomy":"product_brand","embeddable":true,"href":"https:\/\/phytowall.ee\/fi\/wp-json\/wp\/v2\/product_brand?post=45095"},{"taxonomy":"product_cat","embeddable":true,"href":"https:\/\/phytowall.ee\/fi\/wp-json\/wp\/v2\/product_cat?post=45095"},{"taxonomy":"product_tag","embeddable":true,"href":"https:\/\/phytowall.ee\/fi\/wp-json\/wp\/v2\/product_tag?post=45095"}],"curies":[{"name":"wp","href":"https:\/\/api.w.org\/{rel}","templated":true}]}}