{"id":63670,"date":"2024-01-26T11:53:15","date_gmt":"2024-01-26T11:53:15","guid":{"rendered":"https:\/\/phytowall.ee\/product\/table-moss-picture-5-20-x-15-cm\/"},"modified":"2024-02-27T14:53:46","modified_gmt":"2024-02-27T14:53:46","slug":"table-moss-picture-5-20-x-15-cm","status":"publish","type":"product","link":"https:\/\/phytowall.ee\/fi\/tuote\/table-moss-picture-5-20-x-15-cm\/","title":{"rendered":"Table Moss Picture 5, 20 x 15 cm"},"content":{"rendered":"<p><img loading=\"lazy\" decoding=\"async\" class=\"alignnone size-medium wp-image-54462\" src=\"https:\/\/phytowall.ee\/wp-content\/uploads\/2019\/10\/DSC01523-1-300x300.jpg\" alt=\"\" width=\"300\" height=\"300\" srcset=\"https:\/\/phytowall.ee\/wp-content\/uploads\/2019\/10\/DSC01523-1-300x300.jpg 300w, https:\/\/phytowall.ee\/wp-content\/uploads\/2019\/10\/DSC01523-1-1024x1024.jpg 1024w, https:\/\/phytowall.ee\/wp-content\/uploads\/2019\/10\/DSC01523-1-150x150.jpg 150w, https:\/\/phytowall.ee\/wp-content\/uploads\/2019\/10\/DSC01523-1-768x768.jpg 768w, https:\/\/phytowall.ee\/wp-content\/uploads\/2019\/10\/DSC01523-1-1536x1536.jpg 1536w, https:\/\/phytowall.ee\/wp-content\/uploads\/2019\/10\/DSC01523-1-550x550.jpg 550w, https:\/\/phytowall.ee\/wp-content\/uploads\/2019\/10\/DSC01523-1-1100x1100.jpg 1100w, https:\/\/phytowall.ee\/wp-content\/uploads\/2019\/10\/DSC01523-1-600x600.jpg 600w, https:\/\/phytowall.ee\/wp-content\/uploads\/2019\/10\/DSC01523-1-100x100.jpg 100w\" sizes=\"auto, (max-width: 300px) 100vw, 300px\" \/><\/p>\n","protected":false},"excerpt":{"rendered":"<p>Framed sammal kuva 20 x 15 \u0441m.<\/p>\n<ul>\n<li>100% LUONNOLLINEN<\/li>\n<li>0% HUOLTO<\/li>\n<li>EI TARVITSE KASTELUA<\/li>\n<\/ul>\n<p>Materiaalit: s\u00e4il\u00f6tty sammal, puukehys.<\/p>\n<p>Arvioitu toimitusaika: 1-2 viikkoa.<\/p>\n<p>Yksinomainen sis\u00e4k\u00e4ytt\u00f6 \/ \u00c4l\u00e4 kastele \/ \u00c4l\u00e4 altista auringonvalolle \/ Pid\u00e4 poissa l\u00e4mm\u00f6nl\u00e4hteist\u00e4<\/p>\n<p>*V\u00e4ri ja yhdistelm\u00e4 voivat hieman poiketa alkuper\u00e4isest\u00e4 kuvasta.<\/p>\n","protected":false},"featured_media":54463,"comment_status":"open","ping_status":"closed","template":"","meta":{"_monsterinsights_skip_tracking":false,"_monsterinsights_sitenote_active":false,"_monsterinsights_sitenote_note":"","_monsterinsights_sitenote_category":0},"product_brand":[],"product_cat":[506,492],"product_tag":[628,622],"class_list":{"0":"post-63670","1":"product","2":"type-product","3":"status-publish","4":"has-post-thumbnail","6":"product_cat-products-in-sale-fi","7":"product_cat-small-moss-art-fi","8":"product_tag-small-fi","9":"product_tag-mixedmoss-fi","10":"product_shipping_class-class-i-fi","12":"first","13":"instock","14":"taxable","15":"shipping-taxable","16":"purchasable","17":"product-type-variable"},"_links":{"self":[{"href":"https:\/\/phytowall.ee\/fi\/wp-json\/wp\/v2\/product\/63670","targetHints":{"allow":["GET"]}}],"collection":[{"href":"https:\/\/phytowall.ee\/fi\/wp-json\/wp\/v2\/product"}],"about":[{"href":"https:\/\/phytowall.ee\/fi\/wp-json\/wp\/v2\/types\/product"}],"replies":[{"embeddable":true,"href":"https:\/\/phytowall.ee\/fi\/wp-json\/wp\/v2\/comments?post=63670"}],"wp:featuredmedia":[{"embeddable":true,"href":"https:\/\/phytowall.ee\/fi\/wp-json\/wp\/v2\/media\/54463"}],"wp:attachment":[{"href":"https:\/\/phytowall.ee\/fi\/wp-json\/wp\/v2\/media?parent=63670"}],"wp:term":[{"taxonomy":"product_brand","embeddable":true,"href":"https:\/\/phytowall.ee\/fi\/wp-json\/wp\/v2\/product_brand?post=63670"},{"taxonomy":"product_cat","embeddable":true,"href":"https:\/\/phytowall.ee\/fi\/wp-json\/wp\/v2\/product_cat?post=63670"},{"taxonomy":"product_tag","embeddable":true,"href":"https:\/\/phytowall.ee\/fi\/wp-json\/wp\/v2\/product_tag?post=63670"}],"curies":[{"name":"wp","href":"https:\/\/api.w.org\/{rel}","templated":true}]}}