{"id":63681,"date":"2023-01-14T12:17:30","date_gmt":"2023-01-14T12:17:30","guid":{"rendered":"https:\/\/phytowall.ee\/product\/forest-1630-x-430-mm\/"},"modified":"2024-05-15T07:55:25","modified_gmt":"2024-05-15T07:55:25","slug":"forest-1630-x-430-mm","status":"publish","type":"product","link":"https:\/\/phytowall.ee\/fi\/tuote\/forest-1630-x-430-mm\/","title":{"rendered":"Forest 1630 x 430 mm"},"content":{"rendered":"<p><img loading=\"lazy\" decoding=\"async\" class=\"alignnone size-medium wp-image-17647\" src=\"https:\/\/phytowall.ee\/wp-content\/uploads\/2023\/11\/horizontal1-300x300.jpg\" alt=\"\" width=\"300\" height=\"300\" srcset=\"https:\/\/phytowall.ee\/wp-content\/uploads\/2023\/11\/horizontal1-300x300.jpg 300w, https:\/\/phytowall.ee\/wp-content\/uploads\/2023\/11\/horizontal1-100x100.jpg 100w, https:\/\/phytowall.ee\/wp-content\/uploads\/2023\/11\/horizontal1-600x600.jpg 600w, https:\/\/phytowall.ee\/wp-content\/uploads\/2023\/11\/horizontal1-150x150.jpg 150w, https:\/\/phytowall.ee\/wp-content\/uploads\/2023\/11\/horizontal1-768x768.jpg 768w, https:\/\/phytowall.ee\/wp-content\/uploads\/2023\/11\/horizontal1-550x550.jpg 550w, https:\/\/phytowall.ee\/wp-content\/uploads\/2023\/11\/horizontal1.jpg 1000w\" sizes=\"auto, (max-width: 300px) 100vw, 300px\" \/><img loading=\"lazy\" decoding=\"async\" class=\"alignnone size-medium wp-image-25553\" src=\"https:\/\/phytowall.ee\/wp-content\/uploads\/2019\/10\/\u0411\u0435\u0437-\u0438\u043c\u0435\u043d\u0438-1-3-300x300.jpg\" alt=\"\" width=\"300\" height=\"300\" srcset=\"https:\/\/phytowall.ee\/wp-content\/uploads\/2019\/10\/\u0411\u0435\u0437-\u0438\u043c\u0435\u043d\u0438-1-3-300x300.jpg 300w, https:\/\/phytowall.ee\/wp-content\/uploads\/2019\/10\/\u0411\u0435\u0437-\u0438\u043c\u0435\u043d\u0438-1-3-scaled-100x100.jpg 100w, https:\/\/phytowall.ee\/wp-content\/uploads\/2019\/10\/\u0411\u0435\u0437-\u0438\u043c\u0435\u043d\u0438-1-3-scaled-600x600.jpg 600w, https:\/\/phytowall.ee\/wp-content\/uploads\/2019\/10\/\u0411\u0435\u0437-\u0438\u043c\u0435\u043d\u0438-1-3-1024x1024.jpg 1024w, https:\/\/phytowall.ee\/wp-content\/uploads\/2019\/10\/\u0411\u0435\u0437-\u0438\u043c\u0435\u043d\u0438-1-3-150x150.jpg 150w, https:\/\/phytowall.ee\/wp-content\/uploads\/2019\/10\/\u0411\u0435\u0437-\u0438\u043c\u0435\u043d\u0438-1-3-768x768.jpg 768w, https:\/\/phytowall.ee\/wp-content\/uploads\/2019\/10\/\u0411\u0435\u0437-\u0438\u043c\u0435\u043d\u0438-1-3-1536x1536.jpg 1536w, https:\/\/phytowall.ee\/wp-content\/uploads\/2019\/10\/\u0411\u0435\u0437-\u0438\u043c\u0435\u043d\u0438-1-3-550x550.jpg 550w, https:\/\/phytowall.ee\/wp-content\/uploads\/2019\/10\/\u0411\u0435\u0437-\u0438\u043c\u0435\u043d\u0438-1-3-1100x1100.jpg 1100w\" sizes=\"auto, (max-width: 300px) 100vw, 300px\" \/><\/p>\n","protected":false},"excerpt":{"rendered":"<div class=\"woocommerce-product-details__short-description\">\nSammal kuva 1630 x 430 mm.<\/p>\n<ul>\n<li>100% LUONNOLLINEN<\/li>\n<li>0% HUOLTO<\/li>\n<li>EI TARVITSE KASTELUA<\/li>\n<\/ul>\n<p>Materiaalit: s\u00e4il\u00f6tty litte\u00e4 sammal, Islannin sammal<\/p>\n<p>Arvioitu toimitusaika: 2-5 viikkoa.<\/p>\n<\/div>\n<p>Yksinomainen sis\u00e4k\u00e4ytt\u00f6 \/ \u00c4l\u00e4 kastele \/ \u00c4l\u00e4 altista auringonvalolle \/ Pid\u00e4 poissa l\u00e4mm\u00f6nl\u00e4hteist\u00e4<\/p>\n<div class=\"woocommerce-product-details__short-description\">\n<p>*V\u00e4ri ja yhdistelm\u00e4 voivat hieman poiketa alkuper\u00e4isest\u00e4 kuvasta.<\/p>\n<\/div>\n","protected":false},"featured_media":19509,"comment_status":"open","ping_status":"closed","template":"","meta":{"_monsterinsights_skip_tracking":false,"_monsterinsights_sitenote_active":false,"_monsterinsights_sitenote_note":"","_monsterinsights_sitenote_category":0},"product_brand":[],"product_cat":[498],"product_tag":[559,558],"class_list":{"0":"post-63681","1":"product","2":"type-product","3":"status-publish","4":"has-post-thumbnail","6":"product_cat-wall-moss-art-fi","7":"product_tag-plants-fi","8":"product_tag-big-fi","9":"product_shipping_class-class-iii-fi","11":"first","12":"instock","13":"taxable","14":"shipping-taxable","15":"purchasable","16":"product-type-variable"},"_links":{"self":[{"href":"https:\/\/phytowall.ee\/fi\/wp-json\/wp\/v2\/product\/63681","targetHints":{"allow":["GET"]}}],"collection":[{"href":"https:\/\/phytowall.ee\/fi\/wp-json\/wp\/v2\/product"}],"about":[{"href":"https:\/\/phytowall.ee\/fi\/wp-json\/wp\/v2\/types\/product"}],"replies":[{"embeddable":true,"href":"https:\/\/phytowall.ee\/fi\/wp-json\/wp\/v2\/comments?post=63681"}],"wp:featuredmedia":[{"embeddable":true,"href":"https:\/\/phytowall.ee\/fi\/wp-json\/wp\/v2\/media\/19509"}],"wp:attachment":[{"href":"https:\/\/phytowall.ee\/fi\/wp-json\/wp\/v2\/media?parent=63681"}],"wp:term":[{"taxonomy":"product_brand","embeddable":true,"href":"https:\/\/phytowall.ee\/fi\/wp-json\/wp\/v2\/product_brand?post=63681"},{"taxonomy":"product_cat","embeddable":true,"href":"https:\/\/phytowall.ee\/fi\/wp-json\/wp\/v2\/product_cat?post=63681"},{"taxonomy":"product_tag","embeddable":true,"href":"https:\/\/phytowall.ee\/fi\/wp-json\/wp\/v2\/product_tag?post=63681"}],"curies":[{"name":"wp","href":"https:\/\/api.w.org\/{rel}","templated":true}]}}