{"id":63689,"date":"2024-01-26T12:24:18","date_gmt":"2024-01-26T12:24:18","guid":{"rendered":"https:\/\/phytowall.ee\/product\/63685\/"},"modified":"2024-02-27T14:48:53","modified_gmt":"2024-02-27T14:48:53","slug":"springerie-930-x-630-mm","status":"publish","type":"product","link":"https:\/\/phytowall.ee\/fi\/tuote\/springerie-930-x-630-mm\/","title":{"rendered":"Springerie 930 x 630 mm"},"content":{"rendered":"<p>Sammal- ja s\u00e4il\u00f6ttyjen kasvien kuva 930 x 630 mm.<\/p>\n<ul>\n<li>100% LUONNOLLINEN<\/li>\n<li>0% HUOLTO<\/li>\n<li>EI TARVITSE KASTELUA<\/li>\n<\/ul>\n<p>Materiaalit: s\u00e4il\u00f6tty sammal, s\u00e4il\u00f6tyt kasvit, vihre\u00e4 kukkulan sammal, alumiinirunko<\/p>\n<p>Arvioitu toimitusaika: 2-5 viikkoa.<\/p>\n<p>Yksinomainen sis\u00e4k\u00e4ytt\u00f6 \/ \u00c4l\u00e4 kastele \/ \u00c4l\u00e4 altista auringonvalolle \/ Pid\u00e4 poissa l\u00e4mm\u00f6nl\u00e4hteist\u00e4<\/p>\n<p>V\u00e4ri ja yhdistelm\u00e4 voivat poiketa hieman alkuper\u00e4isest\u00e4 kuvasta.<br \/>\n<img loading=\"lazy\" decoding=\"async\" class=\"alignnone size-medium wp-image-24708\" src=\"https:\/\/phytowall.ee\/wp-content\/uploads\/2023\/11\/fin1-300x203.jpg\" alt=\"\" width=\"300\" height=\"203\" srcset=\"https:\/\/phytowall.ee\/wp-content\/uploads\/2023\/11\/fin1-300x203.jpg 300w, https:\/\/phytowall.ee\/wp-content\/uploads\/2023\/11\/fin1-600x406.jpg 600w, https:\/\/phytowall.ee\/wp-content\/uploads\/2023\/11\/fin1-1024x692.jpg 1024w, https:\/\/phytowall.ee\/wp-content\/uploads\/2023\/11\/fin1-768x519.jpg 768w, https:\/\/phytowall.ee\/wp-content\/uploads\/2023\/11\/fin1.jpg 1118w\" sizes=\"auto, (max-width: 300px) 100vw, 300px\" \/><\/p>\n","protected":false},"excerpt":{"rendered":"<p>Sammal- ja s\u00e4il\u00f6ttyjen kasvien kuva 930 x 630 mm.<\/p>\n<ul>\n<li>100% LUONNOLLINEN<\/li>\n<li>0% HUOLTO<\/li>\n<li>EI TARVITSE KASTELUA<\/li>\n<\/ul>\n","protected":false},"featured_media":25573,"comment_status":"open","ping_status":"closed","template":"","meta":{"_monsterinsights_skip_tracking":false,"_monsterinsights_sitenote_active":false,"_monsterinsights_sitenote_note":"","_monsterinsights_sitenote_category":0},"product_brand":[],"product_cat":[498],"product_tag":[591,559,558],"class_list":{"0":"post-63689","1":"product","2":"type-product","3":"status-publish","4":"has-post-thumbnail","6":"product_cat-wall-moss-art-fi","7":"product_tag-bestseller-fi","8":"product_tag-plants-fi","9":"product_tag-big-fi","10":"product_shipping_class-class-ii-fi","12":"first","13":"instock","14":"taxable","15":"shipping-taxable","16":"purchasable","17":"product-type-variable"},"_links":{"self":[{"href":"https:\/\/phytowall.ee\/fi\/wp-json\/wp\/v2\/product\/63689","targetHints":{"allow":["GET"]}}],"collection":[{"href":"https:\/\/phytowall.ee\/fi\/wp-json\/wp\/v2\/product"}],"about":[{"href":"https:\/\/phytowall.ee\/fi\/wp-json\/wp\/v2\/types\/product"}],"replies":[{"embeddable":true,"href":"https:\/\/phytowall.ee\/fi\/wp-json\/wp\/v2\/comments?post=63689"}],"wp:featuredmedia":[{"embeddable":true,"href":"https:\/\/phytowall.ee\/fi\/wp-json\/wp\/v2\/media\/25573"}],"wp:attachment":[{"href":"https:\/\/phytowall.ee\/fi\/wp-json\/wp\/v2\/media?parent=63689"}],"wp:term":[{"taxonomy":"product_brand","embeddable":true,"href":"https:\/\/phytowall.ee\/fi\/wp-json\/wp\/v2\/product_brand?post=63689"},{"taxonomy":"product_cat","embeddable":true,"href":"https:\/\/phytowall.ee\/fi\/wp-json\/wp\/v2\/product_cat?post=63689"},{"taxonomy":"product_tag","embeddable":true,"href":"https:\/\/phytowall.ee\/fi\/wp-json\/wp\/v2\/product_tag?post=63689"}],"curies":[{"name":"wp","href":"https:\/\/api.w.org\/{rel}","templated":true}]}}