{"id":63698,"date":"2024-01-26T12:32:53","date_gmt":"2024-01-26T12:32:53","guid":{"rendered":"https:\/\/phytowall.ee\/product\/parchemin-1400-x-500-mm\/"},"modified":"2024-02-27T14:46:38","modified_gmt":"2024-02-27T14:46:38","slug":"parchemin-1400-x-500-mm","status":"publish","type":"product","link":"https:\/\/phytowall.ee\/fi\/tuote\/parchemin-1400-x-500-mm\/","title":{"rendered":"Parchemin 1400 x 500 mm"},"content":{"rendered":"<p><img loading=\"lazy\" decoding=\"async\" class=\"alignnone size-medium wp-image-24209\" src=\"https:\/\/phytowall.ee\/wp-content\/uploads\/2023\/11\/uulits1-200x300.jpg\" alt=\"\" width=\"200\" height=\"300\" srcset=\"https:\/\/phytowall.ee\/wp-content\/uploads\/2023\/11\/uulits1-200x300.jpg 200w, https:\/\/phytowall.ee\/wp-content\/uploads\/2023\/11\/uulits1-600x900.jpg 600w, https:\/\/phytowall.ee\/wp-content\/uploads\/2023\/11\/uulits1-683x1024.jpg 683w, https:\/\/phytowall.ee\/wp-content\/uploads\/2023\/11\/uulits1-768x1152.jpg 768w, https:\/\/phytowall.ee\/wp-content\/uploads\/2023\/11\/uulits1-1024x1536.jpg 1024w, https:\/\/phytowall.ee\/wp-content\/uploads\/2023\/11\/uulits1.jpg 1080w\" sizes=\"auto, (max-width: 200px) 100vw, 200px\" \/><img loading=\"lazy\" decoding=\"async\" class=\"alignnone size-medium wp-image-24208\" src=\"https:\/\/phytowall.ee\/wp-content\/uploads\/2023\/11\/LL1-300x300.jpg\" alt=\"\" width=\"300\" height=\"300\" srcset=\"https:\/\/phytowall.ee\/wp-content\/uploads\/2023\/11\/LL1-300x300.jpg 300w, https:\/\/phytowall.ee\/wp-content\/uploads\/2023\/11\/LL1-100x100.jpg 100w, https:\/\/phytowall.ee\/wp-content\/uploads\/2023\/11\/LL1-600x600.jpg 600w, https:\/\/phytowall.ee\/wp-content\/uploads\/2023\/11\/LL1-1024x1024.jpg 1024w, https:\/\/phytowall.ee\/wp-content\/uploads\/2023\/11\/LL1-150x150.jpg 150w, https:\/\/phytowall.ee\/wp-content\/uploads\/2023\/11\/LL1-768x768.jpg 768w, https:\/\/phytowall.ee\/wp-content\/uploads\/2023\/11\/LL1-550x550.jpg 550w, https:\/\/phytowall.ee\/wp-content\/uploads\/2023\/11\/LL1-1100x1100.jpg 1100w, https:\/\/phytowall.ee\/wp-content\/uploads\/2023\/11\/LL1.jpg 1310w\" sizes=\"auto, (max-width: 300px) 100vw, 300px\" \/><\/p>\n","protected":false},"excerpt":{"rendered":"<p>Sammal- ja s\u00e4ilytettyjen kasvien kuva 1400 x 500 x 100 mm.<\/p>\n<ul>\n<li>100% LUONNOLLINEN<\/li>\n<li>0% HUOLTO<\/li>\n<li>EI TARVITSE KASTELUA<\/li>\n<\/ul>\n<p>Materiaalit: s\u00e4il\u00f6tty sammal, s\u00e4il\u00f6tyt kasvit, vihre\u00e4 kukkulan sammal, alumiinirunko<\/p>\n<p>Arvioitu toimitusaika: 2-5 viikkoa.<\/p>\n<p>Yksinomainen sis\u00e4k\u00e4ytt\u00f6 \/ \u00c4l\u00e4 kastele \/ \u00c4l\u00e4 altista auringonvalolle \/ Pid\u00e4 poissa l\u00e4mm\u00f6nl\u00e4hteist\u00e4<\/p>\n<p>V\u00e4ri ja yhdistelm\u00e4 voivat poiketa hieman alkuper\u00e4isest\u00e4 kuvasta.<\/p>\n","protected":false},"featured_media":17799,"comment_status":"open","ping_status":"closed","template":"","meta":{"_monsterinsights_skip_tracking":false,"_monsterinsights_sitenote_active":false,"_monsterinsights_sitenote_note":"","_monsterinsights_sitenote_category":0},"product_brand":[],"product_cat":[661,498],"product_tag":[559,558,622],"class_list":{"0":"post-63698","1":"product","2":"type-product","3":"status-publish","4":"has-post-thumbnail","6":"product_cat-office-solutions-fi","7":"product_cat-wall-moss-art-fi","8":"product_tag-plants-fi","9":"product_tag-big-fi","10":"product_tag-mixedmoss-fi","11":"product_shipping_class-class-iii-fi","13":"first","14":"instock","15":"taxable","16":"shipping-taxable","17":"purchasable","18":"product-type-variable"},"_links":{"self":[{"href":"https:\/\/phytowall.ee\/fi\/wp-json\/wp\/v2\/product\/63698","targetHints":{"allow":["GET"]}}],"collection":[{"href":"https:\/\/phytowall.ee\/fi\/wp-json\/wp\/v2\/product"}],"about":[{"href":"https:\/\/phytowall.ee\/fi\/wp-json\/wp\/v2\/types\/product"}],"replies":[{"embeddable":true,"href":"https:\/\/phytowall.ee\/fi\/wp-json\/wp\/v2\/comments?post=63698"}],"wp:featuredmedia":[{"embeddable":true,"href":"https:\/\/phytowall.ee\/fi\/wp-json\/wp\/v2\/media\/17799"}],"wp:attachment":[{"href":"https:\/\/phytowall.ee\/fi\/wp-json\/wp\/v2\/media?parent=63698"}],"wp:term":[{"taxonomy":"product_brand","embeddable":true,"href":"https:\/\/phytowall.ee\/fi\/wp-json\/wp\/v2\/product_brand?post=63698"},{"taxonomy":"product_cat","embeddable":true,"href":"https:\/\/phytowall.ee\/fi\/wp-json\/wp\/v2\/product_cat?post=63698"},{"taxonomy":"product_tag","embeddable":true,"href":"https:\/\/phytowall.ee\/fi\/wp-json\/wp\/v2\/product_tag?post=63698"}],"curies":[{"name":"wp","href":"https:\/\/api.w.org\/{rel}","templated":true}]}}