{"id":63708,"date":"2024-01-26T12:42:58","date_gmt":"2024-01-26T12:42:58","guid":{"rendered":"https:\/\/phytowall.ee\/product\/reindeer-moss-2000-x-600-mm\/"},"modified":"2024-02-27T14:45:37","modified_gmt":"2024-02-27T14:45:37","slug":"reindeer-moss-2000-x-600-mm","status":"publish","type":"product","link":"https:\/\/phytowall.ee\/fi\/tuote\/reindeer-moss-2000-x-600-mm\/","title":{"rendered":"Reindeer Moss 2000 x 600 mm"},"content":{"rendered":"<p><img loading=\"lazy\" decoding=\"async\" class=\"alignnone size-medium wp-image-24228\" src=\"https:\/\/phytowall.ee\/wp-content\/uploads\/2023\/11\/iffdsg-300x300.jpg\" alt=\"\" width=\"300\" height=\"300\" srcset=\"https:\/\/phytowall.ee\/wp-content\/uploads\/2023\/11\/iffdsg-300x300.jpg 300w, https:\/\/phytowall.ee\/wp-content\/uploads\/2023\/11\/iffdsg-100x100.jpg 100w, https:\/\/phytowall.ee\/wp-content\/uploads\/2023\/11\/iffdsg-600x600.jpg 600w, https:\/\/phytowall.ee\/wp-content\/uploads\/2023\/11\/iffdsg-1024x1024.jpg 1024w, https:\/\/phytowall.ee\/wp-content\/uploads\/2023\/11\/iffdsg-150x150.jpg 150w, https:\/\/phytowall.ee\/wp-content\/uploads\/2023\/11\/iffdsg-768x768.jpg 768w, https:\/\/phytowall.ee\/wp-content\/uploads\/2023\/11\/iffdsg-550x550.jpg 550w, https:\/\/phytowall.ee\/wp-content\/uploads\/2023\/11\/iffdsg.jpg 1049w\" sizes=\"auto, (max-width: 300px) 100vw, 300px\" \/><img loading=\"lazy\" decoding=\"async\" class=\"alignnone size-medium wp-image-24227\" src=\"https:\/\/phytowall.ee\/wp-content\/uploads\/2023\/11\/islm12-300x300.jpg\" alt=\"\" width=\"300\" height=\"300\" srcset=\"https:\/\/phytowall.ee\/wp-content\/uploads\/2023\/11\/islm12-300x300.jpg 300w, https:\/\/phytowall.ee\/wp-content\/uploads\/2023\/11\/islm12-100x100.jpg 100w, https:\/\/phytowall.ee\/wp-content\/uploads\/2023\/11\/islm12-600x599.jpg 600w, https:\/\/phytowall.ee\/wp-content\/uploads\/2023\/11\/islm12-150x150.jpg 150w, https:\/\/phytowall.ee\/wp-content\/uploads\/2023\/11\/islm12-768x767.jpg 768w, https:\/\/phytowall.ee\/wp-content\/uploads\/2023\/11\/islm12-550x550.jpg 550w, https:\/\/phytowall.ee\/wp-content\/uploads\/2023\/11\/islm12.jpg 856w\" sizes=\"auto, (max-width: 300px) 100vw, 300px\" \/><img loading=\"lazy\" decoding=\"async\" class=\"alignnone size-medium wp-image-24229\" src=\"https:\/\/phytowall.ee\/wp-content\/uploads\/2023\/11\/islmos1-300x300.jpg\" alt=\"\" width=\"300\" height=\"300\" srcset=\"https:\/\/phytowall.ee\/wp-content\/uploads\/2023\/11\/islmos1-300x300.jpg 300w, https:\/\/phytowall.ee\/wp-content\/uploads\/2023\/11\/islmos1-100x100.jpg 100w, https:\/\/phytowall.ee\/wp-content\/uploads\/2023\/11\/islmos1-600x600.jpg 600w, https:\/\/phytowall.ee\/wp-content\/uploads\/2023\/11\/islmos1-1024x1024.jpg 1024w, https:\/\/phytowall.ee\/wp-content\/uploads\/2023\/11\/islmos1-150x150.jpg 150w, https:\/\/phytowall.ee\/wp-content\/uploads\/2023\/11\/islmos1-768x768.jpg 768w, https:\/\/phytowall.ee\/wp-content\/uploads\/2023\/11\/islmos1-550x550.jpg 550w, https:\/\/phytowall.ee\/wp-content\/uploads\/2023\/11\/islmos1-1100x1100.jpg 1100w, https:\/\/phytowall.ee\/wp-content\/uploads\/2023\/11\/islmos1.jpg 1156w\" sizes=\"auto, (max-width: 300px) 100vw, 300px\" \/><\/p>\n","protected":false},"excerpt":{"rendered":"<p>Kuva islannin sammaleesta 2000 x 600 mm.<\/p>\n<div class=\"woocommerce-product-details__short-description\">\n<ul>\n<li>100% LUONNOLLINEN<\/li>\n<li>0% HUOLTO<\/li>\n<li>EI TARVITSE KASTELUA<\/li>\n<\/ul>\n<p>Materiaalit: stabiloitu islannin sammal, alumiinirunko.<\/p>\n<p>Arvioitu toimitusaika: 2-5 viikkoa.<\/p>\n<p>V\u00e4ri ja yhdistelm\u00e4 voivat poiketa hieman alkuper\u00e4isest\u00e4.<\/p>\n","protected":false},"featured_media":17807,"comment_status":"open","ping_status":"closed","template":"","meta":{"_monsterinsights_skip_tracking":false,"_monsterinsights_sitenote_active":false,"_monsterinsights_sitenote_note":"","_monsterinsights_sitenote_category":0},"product_brand":[],"product_cat":[471,498],"product_tag":[625,558],"class_list":{"0":"post-63708","1":"product","2":"type-product","3":"status-publish","4":"has-post-thumbnail","6":"product_cat-moss-panels-fi","7":"product_cat-wall-moss-art-fi","8":"product_tag-reindeer-fi","9":"product_tag-big-fi","10":"product_shipping_class-class-iii-fi","11":"pa_moss-color-yellow-fi","12":"pa_moss-color-medium-green-fi","13":"pa_moss-color-spring-green-fi","14":"pa_moss-color-natural-fi","15":"pa_moss-color-black-fi","16":"pa_moss-color-olive-fi","17":"pa_moss-color-orange-fi","18":"pa_moss-color-red-fi","19":"pa_moss-color-blue-fi","20":"pa_moss-color-green-fi","21":"pa_moss-color-green-grass-fi","22":"pa_moss-color-green-grass-light-fi","24":"first","25":"instock","26":"taxable","27":"shipping-taxable","28":"purchasable","29":"product-type-variable"},"_links":{"self":[{"href":"https:\/\/phytowall.ee\/fi\/wp-json\/wp\/v2\/product\/63708","targetHints":{"allow":["GET"]}}],"collection":[{"href":"https:\/\/phytowall.ee\/fi\/wp-json\/wp\/v2\/product"}],"about":[{"href":"https:\/\/phytowall.ee\/fi\/wp-json\/wp\/v2\/types\/product"}],"replies":[{"embeddable":true,"href":"https:\/\/phytowall.ee\/fi\/wp-json\/wp\/v2\/comments?post=63708"}],"wp:featuredmedia":[{"embeddable":true,"href":"https:\/\/phytowall.ee\/fi\/wp-json\/wp\/v2\/media\/17807"}],"wp:attachment":[{"href":"https:\/\/phytowall.ee\/fi\/wp-json\/wp\/v2\/media?parent=63708"}],"wp:term":[{"taxonomy":"product_brand","embeddable":true,"href":"https:\/\/phytowall.ee\/fi\/wp-json\/wp\/v2\/product_brand?post=63708"},{"taxonomy":"product_cat","embeddable":true,"href":"https:\/\/phytowall.ee\/fi\/wp-json\/wp\/v2\/product_cat?post=63708"},{"taxonomy":"product_tag","embeddable":true,"href":"https:\/\/phytowall.ee\/fi\/wp-json\/wp\/v2\/product_tag?post=63708"}],"curies":[{"name":"wp","href":"https:\/\/api.w.org\/{rel}","templated":true}]}}