{"id":63718,"date":"2024-01-26T12:48:59","date_gmt":"2024-01-26T12:48:59","guid":{"rendered":"https:\/\/phytowall.ee\/product\/jungle-1500-x-400-mm\/"},"modified":"2024-02-27T14:43:19","modified_gmt":"2024-02-27T14:43:19","slug":"jungle-1500-x-400-mm","status":"publish","type":"product","link":"https:\/\/phytowall.ee\/fi\/tuote\/jungle-1500-x-400-mm\/","title":{"rendered":"Jungle 1500 x 400 mm"},"content":{"rendered":"<p><img loading=\"lazy\" decoding=\"async\" src=\"https:\/\/phytowall.ee\/wp-content\/uploads\/2023\/11\/plants1-300x300.jpg\" alt=\"\" width=\"300\" height=\"300\" class=\"alignnone size-medium wp-image-24244\" srcset=\"https:\/\/phytowall.ee\/wp-content\/uploads\/2023\/11\/plants1-300x300.jpg 300w, https:\/\/phytowall.ee\/wp-content\/uploads\/2023\/11\/plants1-100x100.jpg 100w, https:\/\/phytowall.ee\/wp-content\/uploads\/2023\/11\/plants1-600x600.jpg 600w, https:\/\/phytowall.ee\/wp-content\/uploads\/2023\/11\/plants1-1024x1024.jpg 1024w, https:\/\/phytowall.ee\/wp-content\/uploads\/2023\/11\/plants1-150x150.jpg 150w, https:\/\/phytowall.ee\/wp-content\/uploads\/2023\/11\/plants1-768x768.jpg 768w, https:\/\/phytowall.ee\/wp-content\/uploads\/2023\/11\/plants1-550x550.jpg 550w, https:\/\/phytowall.ee\/wp-content\/uploads\/2023\/11\/plants1-1100x1100.jpg 1100w, https:\/\/phytowall.ee\/wp-content\/uploads\/2023\/11\/plants1.jpg 1128w\" sizes=\"auto, (max-width: 300px) 100vw, 300px\" \/><\/p>\n","protected":false},"excerpt":{"rendered":"<p>Sammalkuva kasveill\u00e4 1500 x 400 x 100 mm.<\/p>\n<div class=\"woocommerce-product-details__short-description\">\n<div class=\"woocommerce-product-details__short-description\">\n<ul>\n<li>100% NATURAL<\/li>\n<li>0% HOITO<\/li>\n<li>VETT\u00c4MIST\u00c4 EI TARVITA<\/li>\n<\/ul>\n<p>Materiaalit: stabiloitu suora sammal ja kasvit.<\/p>\n<p>&nbsp;<\/p>\n<p>Arvioitu toimitusaika: 2-5 viikkoa.<\/p>\n<p>&nbsp;<\/p>\n<p>*\u00a0<span class=\"_5yl5\">V\u00e4ri ja yhdistelm\u00e4 saavat v\u00e4h\u00e4n erottaa alkuper\u00e4isest\u00e4.<\/span><\/p>\n<\/div>\n<\/div>\n","protected":false},"featured_media":17618,"comment_status":"open","ping_status":"closed","template":"","meta":{"_monsterinsights_skip_tracking":false,"_monsterinsights_sitenote_active":false,"_monsterinsights_sitenote_note":"","_monsterinsights_sitenote_category":0},"product_brand":[],"product_cat":[498],"product_tag":[591,559,627,558],"class_list":{"0":"post-63718","1":"product","2":"type-product","3":"status-publish","4":"has-post-thumbnail","6":"product_cat-wall-moss-art-fi","7":"product_tag-bestseller-fi","8":"product_tag-plants-fi","9":"product_tag-sale-fi","10":"product_tag-big-fi","11":"product_shipping_class-class-iii-fi","13":"first","14":"instock","15":"taxable","16":"shipping-taxable","17":"purchasable","18":"product-type-variable"},"_links":{"self":[{"href":"https:\/\/phytowall.ee\/fi\/wp-json\/wp\/v2\/product\/63718","targetHints":{"allow":["GET"]}}],"collection":[{"href":"https:\/\/phytowall.ee\/fi\/wp-json\/wp\/v2\/product"}],"about":[{"href":"https:\/\/phytowall.ee\/fi\/wp-json\/wp\/v2\/types\/product"}],"replies":[{"embeddable":true,"href":"https:\/\/phytowall.ee\/fi\/wp-json\/wp\/v2\/comments?post=63718"}],"wp:featuredmedia":[{"embeddable":true,"href":"https:\/\/phytowall.ee\/fi\/wp-json\/wp\/v2\/media\/17618"}],"wp:attachment":[{"href":"https:\/\/phytowall.ee\/fi\/wp-json\/wp\/v2\/media?parent=63718"}],"wp:term":[{"taxonomy":"product_brand","embeddable":true,"href":"https:\/\/phytowall.ee\/fi\/wp-json\/wp\/v2\/product_brand?post=63718"},{"taxonomy":"product_cat","embeddable":true,"href":"https:\/\/phytowall.ee\/fi\/wp-json\/wp\/v2\/product_cat?post=63718"},{"taxonomy":"product_tag","embeddable":true,"href":"https:\/\/phytowall.ee\/fi\/wp-json\/wp\/v2\/product_tag?post=63718"}],"curies":[{"name":"wp","href":"https:\/\/api.w.org\/{rel}","templated":true}]}}