{"id":63726,"date":"2025-05-16T12:53:08","date_gmt":"2025-05-16T12:53:08","guid":{"rendered":"https:\/\/phytowall.ee\/product\/moss-picture-wood-moss-900-x-500-mm\/"},"modified":"2024-02-27T14:33:14","modified_gmt":"2024-02-27T14:33:14","slug":"moss-picture-wood-moss-900-x-500-mm","status":"publish","type":"product","link":"https:\/\/phytowall.ee\/fi\/tuote\/moss-picture-wood-moss-900-x-500-mm\/","title":{"rendered":"Moss picture Wood &#038; Moss 900 x 500 mm"},"content":{"rendered":"<p>Framed moss picture with preserved plants and branches 900 x 500 mm.<\/p>\n<p>100% luonnollinen<br \/>\n0% hoitoa<br \/>\nEi tarvetta vedelle<br \/>\nMateriaalit: s\u00e4il\u00f6tty sammal, s\u00e4il\u00f6tyt kasvit, puuoksat, alumiinikehys.<\/p>\n<p>Toimituksen arvioitu kesto: 2-5 viikkoa.<\/p>\n<p>Yksinomainen sis\u00e4k\u00e4ytt\u00f6 \/ \u00c4l\u00e4 kastele \/ \u00c4l\u00e4 altista auringonvalolle \/ Pid\u00e4 poissa l\u00e4mm\u00f6nl\u00e4hteist\u00e4<\/p>\n<p>V\u00e4ri ja yhdistelm\u00e4 voivat hieman poiketa alkuper\u00e4isest\u00e4 kuvasta.<br \/>\n<img loading=\"lazy\" decoding=\"async\" src=\"https:\/\/phytowall.ee\/wp-content\/uploads\/2019\/11\/woodmoss222-300x300.jpg\" alt=\"\" width=\"300\" height=\"300\" class=\"alignnone size-medium wp-image-25696\" srcset=\"https:\/\/phytowall.ee\/wp-content\/uploads\/2019\/11\/woodmoss222-300x300.jpg 300w, https:\/\/phytowall.ee\/wp-content\/uploads\/2019\/11\/woodmoss222-100x100.jpg 100w, https:\/\/phytowall.ee\/wp-content\/uploads\/2019\/11\/woodmoss222-600x600.jpg 600w, https:\/\/phytowall.ee\/wp-content\/uploads\/2019\/11\/woodmoss222-1024x1024.jpg 1024w, https:\/\/phytowall.ee\/wp-content\/uploads\/2019\/11\/woodmoss222-150x150.jpg 150w, https:\/\/phytowall.ee\/wp-content\/uploads\/2019\/11\/woodmoss222-768x768.jpg 768w, https:\/\/phytowall.ee\/wp-content\/uploads\/2019\/11\/woodmoss222-1536x1536.jpg 1536w, https:\/\/phytowall.ee\/wp-content\/uploads\/2019\/11\/woodmoss222-550x550.jpg 550w, https:\/\/phytowall.ee\/wp-content\/uploads\/2019\/11\/woodmoss222-1100x1100.jpg 1100w\" sizes=\"auto, (max-width: 300px) 100vw, 300px\" \/><\/p>\n","protected":false},"excerpt":{"rendered":"<p>Framed moss picture with preserved plants and brunches 900 x 500 mm.<\/p>\n<ul>\n<li>100% NATURAL<\/li>\n<li>0% CARE<\/li>\n<li>NO WATER NEEDED<\/li>\n<\/ul>\n<p>&nbsp;<\/p>\n","protected":false},"featured_media":25698,"comment_status":"open","ping_status":"closed","template":"","meta":{"_monsterinsights_skip_tracking":false,"_monsterinsights_sitenote_active":false,"_monsterinsights_sitenote_note":"","_monsterinsights_sitenote_category":0},"product_brand":[],"product_cat":[506,492],"product_tag":[591,559,616,628],"class_list":{"0":"post-63726","1":"product","2":"type-product","3":"status-publish","4":"has-post-thumbnail","6":"product_cat-products-in-sale-fi","7":"product_cat-small-moss-art-fi","8":"product_tag-bestseller-fi","9":"product_tag-plants-fi","10":"product_tag-dark-fi","11":"product_tag-small-fi","12":"product_shipping_class-class-ii-fi","14":"first","15":"instock","16":"sale","17":"taxable","18":"shipping-taxable","19":"purchasable","20":"product-type-variable"},"_links":{"self":[{"href":"https:\/\/phytowall.ee\/fi\/wp-json\/wp\/v2\/product\/63726","targetHints":{"allow":["GET"]}}],"collection":[{"href":"https:\/\/phytowall.ee\/fi\/wp-json\/wp\/v2\/product"}],"about":[{"href":"https:\/\/phytowall.ee\/fi\/wp-json\/wp\/v2\/types\/product"}],"replies":[{"embeddable":true,"href":"https:\/\/phytowall.ee\/fi\/wp-json\/wp\/v2\/comments?post=63726"}],"wp:featuredmedia":[{"embeddable":true,"href":"https:\/\/phytowall.ee\/fi\/wp-json\/wp\/v2\/media\/25698"}],"wp:attachment":[{"href":"https:\/\/phytowall.ee\/fi\/wp-json\/wp\/v2\/media?parent=63726"}],"wp:term":[{"taxonomy":"product_brand","embeddable":true,"href":"https:\/\/phytowall.ee\/fi\/wp-json\/wp\/v2\/product_brand?post=63726"},{"taxonomy":"product_cat","embeddable":true,"href":"https:\/\/phytowall.ee\/fi\/wp-json\/wp\/v2\/product_cat?post=63726"},{"taxonomy":"product_tag","embeddable":true,"href":"https:\/\/phytowall.ee\/fi\/wp-json\/wp\/v2\/product_tag?post=63726"}],"curies":[{"name":"wp","href":"https:\/\/api.w.org\/{rel}","templated":true}]}}