{"id":63765,"date":"2024-01-26T13:38:07","date_gmt":"2024-01-26T13:38:07","guid":{"rendered":"https:\/\/phytowall.ee\/product\/premium-rose-with-stem-premium\/"},"modified":"2024-02-27T14:30:41","modified_gmt":"2024-02-27T14:30:41","slug":"premium-rose-with-stem-premium","status":"publish","type":"product","link":"https:\/\/phytowall.ee\/fi\/tuote\/premium-rose-with-stem-premium\/","title":{"rendered":"Premium Rose with stem Premium"},"content":{"rendered":"","protected":false},"excerpt":{"rendered":"<p>Kaikkien suosikki. Ruusut ovat kukkakauppiaiden yleisimmin k\u00e4ytt\u00e4mi\u00e4 kukkia. Lajien m\u00e4\u00e4r\u00e4 on noin 100. Useimmat niist\u00e4 ovat per\u00e4isin Aasiasta, ja muutama laji on kotoper\u00e4inen Euroopassa, Pohjois-Amerikassa ja luoteis-Afrikassa.<\/p>\n<p>Yksinomainen sis\u00e4k\u00e4ytt\u00f6 \/ \u00c4l\u00e4 kastele \/ \u00c4l\u00e4 altista auringonvalolle \/ Pid\u00e4 poissa l\u00e4mm\u00f6nl\u00e4hteist\u00e4<\/p>\n","protected":false},"featured_media":18284,"comment_status":"open","ping_status":"closed","template":"","meta":{"_monsterinsights_skip_tracking":false,"_monsterinsights_sitenote_active":false,"_monsterinsights_sitenote_note":"","_monsterinsights_sitenote_category":0},"product_brand":[],"product_cat":[483],"product_tag":[615],"class_list":{"0":"post-63765","1":"product","2":"type-product","3":"status-publish","4":"has-post-thumbnail","6":"product_cat-preserved-plants-flowers-fi","7":"product_tag-bulkplants-fi","8":"product_shipping_class-class-i-fi","9":"pa_color-black-fi","10":"pa_color-champagne-fi","11":"pa_color-dark-blue-fi","12":"pa_color-dark-pink-fi","13":"pa_color-light-blue-fi","14":"pa_color-orange-fi","15":"pa_color-pastel-pink-fi","16":"pa_color-peach-fi","17":"pa_color-red-fi","18":"pa_color-white-fi","19":"pa_color-yellow-fi","20":"pa_gift-box-no-fi","21":"pa_gift-box-yes-fi","23":"first","24":"instock","25":"taxable","26":"shipping-taxable","27":"purchasable","28":"product-type-variable"},"_links":{"self":[{"href":"https:\/\/phytowall.ee\/fi\/wp-json\/wp\/v2\/product\/63765","targetHints":{"allow":["GET"]}}],"collection":[{"href":"https:\/\/phytowall.ee\/fi\/wp-json\/wp\/v2\/product"}],"about":[{"href":"https:\/\/phytowall.ee\/fi\/wp-json\/wp\/v2\/types\/product"}],"replies":[{"embeddable":true,"href":"https:\/\/phytowall.ee\/fi\/wp-json\/wp\/v2\/comments?post=63765"}],"wp:featuredmedia":[{"embeddable":true,"href":"https:\/\/phytowall.ee\/fi\/wp-json\/wp\/v2\/media\/18284"}],"wp:attachment":[{"href":"https:\/\/phytowall.ee\/fi\/wp-json\/wp\/v2\/media?parent=63765"}],"wp:term":[{"taxonomy":"product_brand","embeddable":true,"href":"https:\/\/phytowall.ee\/fi\/wp-json\/wp\/v2\/product_brand?post=63765"},{"taxonomy":"product_cat","embeddable":true,"href":"https:\/\/phytowall.ee\/fi\/wp-json\/wp\/v2\/product_cat?post=63765"},{"taxonomy":"product_tag","embeddable":true,"href":"https:\/\/phytowall.ee\/fi\/wp-json\/wp\/v2\/product_tag?post=63765"}],"curies":[{"name":"wp","href":"https:\/\/api.w.org\/{rel}","templated":true}]}}