{"id":63825,"date":"2024-01-26T13:47:46","date_gmt":"2024-01-26T13:47:46","guid":{"rendered":"https:\/\/phytowall.ee\/product\/rose-standart-with-stem\/"},"modified":"2024-02-27T14:29:04","modified_gmt":"2024-02-27T14:29:04","slug":"rose-standart-with-stem","status":"publish","type":"product","link":"https:\/\/phytowall.ee\/fi\/tuote\/rose-standart-with-stem\/","title":{"rendered":"Rose Standart with stem"},"content":{"rendered":"","protected":false},"excerpt":{"rendered":"<p>Kaikkien suosikki! Ruusut ovat yksi maailman suosituimmista kukista ja tuovat iloa tuhansille ihmisille p\u00e4ivitt\u00e4in. Maailmassa on yli 100 lajia, joista suurin osa on per\u00e4isin Aasiasta, muutamia lajeja on alkuper\u00e4isin\u00e4 Euroopasta, Pohjois-Amerikasta ja Afrikasta.<\/p>\n<p>Yksinomainen sis\u00e4tilak\u00e4ytt\u00f6 \/ \u00c4l\u00e4 kastele \/ \u00c4l\u00e4 altista auringonvalolle \/ Pid\u00e4 poissa l\u00e4mm\u00f6nl\u00e4hteist\u00e4<\/p>\n","protected":false},"featured_media":18268,"comment_status":"open","ping_status":"closed","template":"","meta":{"_monsterinsights_skip_tracking":false,"_monsterinsights_sitenote_active":false,"_monsterinsights_sitenote_note":"","_monsterinsights_sitenote_category":0},"product_brand":[],"product_cat":[483],"product_tag":[615],"class_list":{"0":"post-63825","1":"product","2":"type-product","3":"status-publish","4":"has-post-thumbnail","6":"product_cat-preserved-plants-flowers-fi","7":"product_tag-bulkplants-fi","8":"product_shipping_class-class-i-fi","9":"pa_color-light-blue-fi","10":"pa_color-pastel-pink-fi","11":"pa_color-purple-fi","12":"pa_color-red-fi","13":"pa_color-white-fi","14":"pa_color-yellow-fi","15":"pa_gift-box-no-fi","16":"pa_gift-box-yes-fi","18":"first","19":"instock","20":"taxable","21":"shipping-taxable","22":"purchasable","23":"product-type-variable"},"_links":{"self":[{"href":"https:\/\/phytowall.ee\/fi\/wp-json\/wp\/v2\/product\/63825","targetHints":{"allow":["GET"]}}],"collection":[{"href":"https:\/\/phytowall.ee\/fi\/wp-json\/wp\/v2\/product"}],"about":[{"href":"https:\/\/phytowall.ee\/fi\/wp-json\/wp\/v2\/types\/product"}],"replies":[{"embeddable":true,"href":"https:\/\/phytowall.ee\/fi\/wp-json\/wp\/v2\/comments?post=63825"}],"wp:featuredmedia":[{"embeddable":true,"href":"https:\/\/phytowall.ee\/fi\/wp-json\/wp\/v2\/media\/18268"}],"wp:attachment":[{"href":"https:\/\/phytowall.ee\/fi\/wp-json\/wp\/v2\/media?parent=63825"}],"wp:term":[{"taxonomy":"product_brand","embeddable":true,"href":"https:\/\/phytowall.ee\/fi\/wp-json\/wp\/v2\/product_brand?post=63825"},{"taxonomy":"product_cat","embeddable":true,"href":"https:\/\/phytowall.ee\/fi\/wp-json\/wp\/v2\/product_cat?post=63825"},{"taxonomy":"product_tag","embeddable":true,"href":"https:\/\/phytowall.ee\/fi\/wp-json\/wp\/v2\/product_tag?post=63825"}],"curies":[{"name":"wp","href":"https:\/\/api.w.org\/{rel}","templated":true}]}}