{"id":63855,"date":"2024-01-26T13:52:11","date_gmt":"2024-01-26T13:52:11","guid":{"rendered":"https:\/\/phytowall.ee\/product\/moss-picture-forest-1800-x-900-mm\/"},"modified":"2024-02-27T14:27:22","modified_gmt":"2024-02-27T14:27:22","slug":"moss-picture-forest-1800-x-900-mm","status":"publish","type":"product","link":"https:\/\/phytowall.ee\/fi\/tuote\/moss-picture-forest-1800-x-900-mm\/","title":{"rendered":"Moss picture Forest 1800 x 900 mm"},"content":{"rendered":"<p>Kehystetty sammal- ja s\u00e4ilytettyjen kasvien kuva 1800 x 900 mm.<\/p>\n<ul>\n<li>100% LUONNOLLINEN<\/li>\n<li>0% HOITO<\/li>\n<li>EI TARVITSE VETT\u00c4<\/li>\n<\/ul>\n<p>Materiaalit: s\u00e4ilytetty sammal, s\u00e4ilytetyt kasvit, alumiinikehys.<br \/>\nArvioitu toimitusaika: 2-5 viikkoa.<\/p>\n<p>Yksinomainen sis\u00e4k\u00e4ytt\u00f6 \/ \u00c4l\u00e4 kastele \/ \u00c4l\u00e4 altista auringonvalolle \/ Pid\u00e4 poissa l\u00e4mm\u00f6nl\u00e4hteist\u00e4<\/p>\n<p>*V\u00e4ri ja yhdistelm\u00e4 voivat poiketa hieman alkuper\u00e4isest\u00e4 kuvasta.<\/p>\n","protected":false},"excerpt":{"rendered":"<p>Kehystetty sammal- ja s\u00e4ilytetyt kasvit -kuva 1800 x 900 mm.<\/p>\n<ul>\n<li>100% Luonnollinen<\/li>\n<li>0% Hoitoa tarvitaan<\/li>\n<li>Vett\u00e4 ei tarvita<\/li>\n<\/ul>\n","protected":false},"featured_media":26175,"comment_status":"open","ping_status":"closed","template":"","meta":{"_monsterinsights_skip_tracking":false,"_monsterinsights_sitenote_active":false,"_monsterinsights_sitenote_note":"","_monsterinsights_sitenote_category":0},"product_brand":[],"product_cat":[506,498],"product_tag":[559,558],"class_list":{"0":"post-63855","1":"product","2":"type-product","3":"status-publish","4":"has-post-thumbnail","6":"product_cat-products-in-sale-fi","7":"product_cat-wall-moss-art-fi","8":"product_tag-plants-fi","9":"product_tag-big-fi","10":"product_shipping_class-class-iii-fi","12":"first","13":"instock","14":"sale","15":"taxable","16":"shipping-taxable","17":"purchasable","18":"product-type-variable"},"_links":{"self":[{"href":"https:\/\/phytowall.ee\/fi\/wp-json\/wp\/v2\/product\/63855","targetHints":{"allow":["GET"]}}],"collection":[{"href":"https:\/\/phytowall.ee\/fi\/wp-json\/wp\/v2\/product"}],"about":[{"href":"https:\/\/phytowall.ee\/fi\/wp-json\/wp\/v2\/types\/product"}],"replies":[{"embeddable":true,"href":"https:\/\/phytowall.ee\/fi\/wp-json\/wp\/v2\/comments?post=63855"}],"wp:featuredmedia":[{"embeddable":true,"href":"https:\/\/phytowall.ee\/fi\/wp-json\/wp\/v2\/media\/26175"}],"wp:attachment":[{"href":"https:\/\/phytowall.ee\/fi\/wp-json\/wp\/v2\/media?parent=63855"}],"wp:term":[{"taxonomy":"product_brand","embeddable":true,"href":"https:\/\/phytowall.ee\/fi\/wp-json\/wp\/v2\/product_brand?post=63855"},{"taxonomy":"product_cat","embeddable":true,"href":"https:\/\/phytowall.ee\/fi\/wp-json\/wp\/v2\/product_cat?post=63855"},{"taxonomy":"product_tag","embeddable":true,"href":"https:\/\/phytowall.ee\/fi\/wp-json\/wp\/v2\/product_tag?post=63855"}],"curies":[{"name":"wp","href":"https:\/\/api.w.org\/{rel}","templated":true}]}}