{"id":63888,"date":"2024-01-26T14:14:07","date_gmt":"2024-01-26T14:14:07","guid":{"rendered":"https:\/\/phytowall.ee\/product\/moss-picture-dark-forest-93-x-64-cm\/"},"modified":"2024-02-27T14:19:49","modified_gmt":"2024-02-27T14:19:49","slug":"moss-picture-dark-forest-93-x-64-cm","status":"publish","type":"product","link":"https:\/\/phytowall.ee\/fi\/tuote\/moss-picture-dark-forest-93-x-64-cm\/","title":{"rendered":"Dark Forest 93 x 64 cm"},"content":{"rendered":"<p>Mossokuva s\u00e4ilytetyill\u00e4 kasveilla 930 x 640 mm.<\/p>\n<ul>\n<li>100% LUONNOLLINEN<\/li>\n<li>0% HOITO<\/li>\n<li>EI TARVITSE VETT\u00c4<\/li>\n<\/ul>\n<p>Materiaalit: s\u00e4ilytetty sammal, s\u00e4ilytetyt kasvit<br \/>\nArvioitu toimitusaika: 2-4 viikkoa.<\/p>\n<p>Yksinomainen sis\u00e4k\u00e4ytt\u00f6 \/ \u00c4l\u00e4 kastele \/ \u00c4l\u00e4 altista auringonvalolle \/ Pid\u00e4 poissa l\u00e4mm\u00f6nl\u00e4hteist\u00e4<\/p>\n<p>*V\u00e4ri ja yhdistelm\u00e4 voivat poiketa hieman alkuper\u00e4isest\u00e4 kuvasta.<br \/>\n<img loading=\"lazy\" decoding=\"async\" src=\"https:\/\/phytowall.ee\/wp-content\/uploads\/2023\/11\/fin1-300x203.jpg\" alt=\"\" width=\"300\" height=\"203\" class=\"alignnone size-medium wp-image-24708\" srcset=\"https:\/\/phytowall.ee\/wp-content\/uploads\/2023\/11\/fin1-300x203.jpg 300w, https:\/\/phytowall.ee\/wp-content\/uploads\/2023\/11\/fin1-600x406.jpg 600w, https:\/\/phytowall.ee\/wp-content\/uploads\/2023\/11\/fin1-1024x692.jpg 1024w, https:\/\/phytowall.ee\/wp-content\/uploads\/2023\/11\/fin1-768x519.jpg 768w, https:\/\/phytowall.ee\/wp-content\/uploads\/2023\/11\/fin1.jpg 1118w\" sizes=\"auto, (max-width: 300px) 100vw, 300px\" \/><\/p>\n","protected":false},"excerpt":{"rendered":"<p>Moss picture with preserved plants 930 x 640 mm.<\/p>\n<ul>\n<li>100% NATURAL<\/li>\n<li>0% CARE<\/li>\n<li>NO WATER NEEDED<\/li>\n<\/ul>\n<p>&nbsp;<\/p>\n","protected":false},"featured_media":61431,"comment_status":"open","ping_status":"closed","template":"","meta":{"_monsterinsights_skip_tracking":false,"_monsterinsights_sitenote_active":false,"_monsterinsights_sitenote_note":"","_monsterinsights_sitenote_category":0},"product_brand":[],"product_cat":[506,498],"product_tag":[591,559,616,558],"class_list":{"0":"post-63888","1":"product","2":"type-product","3":"status-publish","4":"has-post-thumbnail","6":"product_cat-products-in-sale-fi","7":"product_cat-wall-moss-art-fi","8":"product_tag-bestseller-fi","9":"product_tag-plants-fi","10":"product_tag-dark-fi","11":"product_tag-big-fi","12":"product_shipping_class-class-iii-fi","14":"first","15":"instock","16":"sale","17":"taxable","18":"shipping-taxable","19":"purchasable","20":"product-type-variable"},"_links":{"self":[{"href":"https:\/\/phytowall.ee\/fi\/wp-json\/wp\/v2\/product\/63888","targetHints":{"allow":["GET"]}}],"collection":[{"href":"https:\/\/phytowall.ee\/fi\/wp-json\/wp\/v2\/product"}],"about":[{"href":"https:\/\/phytowall.ee\/fi\/wp-json\/wp\/v2\/types\/product"}],"replies":[{"embeddable":true,"href":"https:\/\/phytowall.ee\/fi\/wp-json\/wp\/v2\/comments?post=63888"}],"wp:featuredmedia":[{"embeddable":true,"href":"https:\/\/phytowall.ee\/fi\/wp-json\/wp\/v2\/media\/61431"}],"wp:attachment":[{"href":"https:\/\/phytowall.ee\/fi\/wp-json\/wp\/v2\/media?parent=63888"}],"wp:term":[{"taxonomy":"product_brand","embeddable":true,"href":"https:\/\/phytowall.ee\/fi\/wp-json\/wp\/v2\/product_brand?post=63888"},{"taxonomy":"product_cat","embeddable":true,"href":"https:\/\/phytowall.ee\/fi\/wp-json\/wp\/v2\/product_cat?post=63888"},{"taxonomy":"product_tag","embeddable":true,"href":"https:\/\/phytowall.ee\/fi\/wp-json\/wp\/v2\/product_tag?post=63888"}],"curies":[{"name":"wp","href":"https:\/\/api.w.org\/{rel}","templated":true}]}}