{"id":63896,"date":"2025-05-28T14:20:16","date_gmt":"2025-05-28T14:20:16","guid":{"rendered":"https:\/\/phytowall.ee\/product\/moss-picture-forest1-70x70-cm\/"},"modified":"2024-02-27T14:17:58","modified_gmt":"2024-02-27T14:17:58","slug":"moss-picture-forest1-70x70-cm","status":"publish","type":"product","link":"https:\/\/phytowall.ee\/fi\/tuote\/moss-picture-forest1-70x70-cm\/","title":{"rendered":"Moss Picture Forest1 70&#215;70 cm"},"content":{"rendered":"<p>Kehystetty sammalkuva 700 x 700 mm.<\/p>\n<ul>\n<li>100% LUONNOLLINEN<\/li>\n<li>0% HOITO<\/li>\n<li>VEDEN TARVE 0%<\/li>\n<\/ul>\n<p>Materiaalit: s\u00e4ilytetty sammal, alumiinikehys.<br \/>\nArvioitu toimitusaika: 2-5 viikkoa.<\/p>\n<p>Yksinomainen sis\u00e4k\u00e4ytt\u00f6 \/ \u00c4l\u00e4 kastele \/ \u00c4l\u00e4 altista suoralle auringonvalolle \/ Pid\u00e4 poissa l\u00e4mm\u00f6nl\u00e4hteist\u00e4.<\/p>\n<p>*V\u00e4ri ja yhdistelm\u00e4 voivat poiketa hieman alkuper\u00e4isest\u00e4 kuvasta.<\/p>\n","protected":false},"excerpt":{"rendered":"<p>Kehystetty sammalkuva 700 x 700 mm.<\/p>\n<ul>\n<li>100% LUONNOLLINEN<\/li>\n<li>0% HOITO<\/li>\n<li>EI TARVITSE VETT\u00c4<\/li>\n<\/ul>\n","protected":false},"featured_media":61476,"comment_status":"open","ping_status":"closed","template":"","meta":{"_monsterinsights_skip_tracking":false,"_monsterinsights_sitenote_active":false,"_monsterinsights_sitenote_note":"","_monsterinsights_sitenote_category":0},"product_brand":[],"product_cat":[506,492],"product_tag":[627,628,622],"class_list":{"0":"post-63896","1":"product","2":"type-product","3":"status-publish","4":"has-post-thumbnail","6":"product_cat-products-in-sale-fi","7":"product_cat-small-moss-art-fi","8":"product_tag-sale-fi","9":"product_tag-small-fi","10":"product_tag-mixedmoss-fi","11":"product_shipping_class-class-ii-fi","13":"first","14":"instock","15":"sale","16":"taxable","17":"shipping-taxable","18":"purchasable","19":"product-type-variable"},"_links":{"self":[{"href":"https:\/\/phytowall.ee\/fi\/wp-json\/wp\/v2\/product\/63896","targetHints":{"allow":["GET"]}}],"collection":[{"href":"https:\/\/phytowall.ee\/fi\/wp-json\/wp\/v2\/product"}],"about":[{"href":"https:\/\/phytowall.ee\/fi\/wp-json\/wp\/v2\/types\/product"}],"replies":[{"embeddable":true,"href":"https:\/\/phytowall.ee\/fi\/wp-json\/wp\/v2\/comments?post=63896"}],"wp:featuredmedia":[{"embeddable":true,"href":"https:\/\/phytowall.ee\/fi\/wp-json\/wp\/v2\/media\/61476"}],"wp:attachment":[{"href":"https:\/\/phytowall.ee\/fi\/wp-json\/wp\/v2\/media?parent=63896"}],"wp:term":[{"taxonomy":"product_brand","embeddable":true,"href":"https:\/\/phytowall.ee\/fi\/wp-json\/wp\/v2\/product_brand?post=63896"},{"taxonomy":"product_cat","embeddable":true,"href":"https:\/\/phytowall.ee\/fi\/wp-json\/wp\/v2\/product_cat?post=63896"},{"taxonomy":"product_tag","embeddable":true,"href":"https:\/\/phytowall.ee\/fi\/wp-json\/wp\/v2\/product_tag?post=63896"}],"curies":[{"name":"wp","href":"https:\/\/api.w.org\/{rel}","templated":true}]}}