{"id":63943,"date":"2024-01-28T10:10:58","date_gmt":"2024-01-28T10:10:58","guid":{"rendered":"https:\/\/phytowall.ee\/product\/moss-art-picture-2-42-x-32-cm\/"},"modified":"2024-02-27T13:59:33","modified_gmt":"2024-02-27T13:59:33","slug":"moss-art-picture-2-42-x-32-cm","status":"publish","type":"product","link":"https:\/\/phytowall.ee\/fi\/tuote\/moss-art-picture-2-42-x-32-cm\/","title":{"rendered":"Moss Art Picture 2 42 x 32 cm"},"content":{"rendered":"<p>Sammal taideteoskuva 2 42 x 32 cm<\/p>\n<p>Yksinomainen sis\u00e4k\u00e4ytt\u00f6 \/ \u00c4l\u00e4 kastele \/ \u00c4l\u00e4 altista suoralle auringonvalolle \/ Pid\u00e4 poissa l\u00e4mm\u00f6nl\u00e4hteist\u00e4<\/p>\n","protected":false},"excerpt":{"rendered":"<p>Kehystetty sammalkuva 420 x 320 mm.<\/p>\n<ul>\n<li>100% luonnollinen<\/li>\n<li>0% hoitoa<\/li>\n<li>Ei tarvetta vedelle<\/li>\n<\/ul>\n<p>Materiaalit: s\u00e4ilytetty sammal, s\u00e4ilytetyt kasvit, puukehys.<\/p>\n<p>Arvioitu toimitusaika: 1-2 viikkoa.<\/p>\n<p>Yksinomainen sis\u00e4k\u00e4ytt\u00f6 \/ \u00c4l\u00e4 kastele \/ \u00c4l\u00e4 altista suoralle auringonvalolle \/ Pid\u00e4 poissa l\u00e4mm\u00f6nl\u00e4hteist\u00e4<\/p>\n<p>V\u00e4ri ja yhdistelm\u00e4 voivat poiketa hieman alkuper\u00e4isest\u00e4 kuvasta.<\/p>\n","protected":false},"featured_media":61539,"comment_status":"open","ping_status":"closed","template":"","meta":{"_monsterinsights_skip_tracking":false,"_monsterinsights_sitenote_active":false,"_monsterinsights_sitenote_note":"","_monsterinsights_sitenote_category":0},"product_brand":[],"product_cat":[492],"product_tag":[628,622],"class_list":{"0":"post-63943","1":"product","2":"type-product","3":"status-publish","4":"has-post-thumbnail","6":"product_cat-small-moss-art-fi","7":"product_tag-small-fi","8":"product_tag-mixedmoss-fi","9":"product_shipping_class-class-i-fi","11":"first","12":"instock","13":"taxable","14":"shipping-taxable","15":"purchasable","16":"product-type-variable"},"_links":{"self":[{"href":"https:\/\/phytowall.ee\/fi\/wp-json\/wp\/v2\/product\/63943","targetHints":{"allow":["GET"]}}],"collection":[{"href":"https:\/\/phytowall.ee\/fi\/wp-json\/wp\/v2\/product"}],"about":[{"href":"https:\/\/phytowall.ee\/fi\/wp-json\/wp\/v2\/types\/product"}],"replies":[{"embeddable":true,"href":"https:\/\/phytowall.ee\/fi\/wp-json\/wp\/v2\/comments?post=63943"}],"wp:featuredmedia":[{"embeddable":true,"href":"https:\/\/phytowall.ee\/fi\/wp-json\/wp\/v2\/media\/61539"}],"wp:attachment":[{"href":"https:\/\/phytowall.ee\/fi\/wp-json\/wp\/v2\/media?parent=63943"}],"wp:term":[{"taxonomy":"product_brand","embeddable":true,"href":"https:\/\/phytowall.ee\/fi\/wp-json\/wp\/v2\/product_brand?post=63943"},{"taxonomy":"product_cat","embeddable":true,"href":"https:\/\/phytowall.ee\/fi\/wp-json\/wp\/v2\/product_cat?post=63943"},{"taxonomy":"product_tag","embeddable":true,"href":"https:\/\/phytowall.ee\/fi\/wp-json\/wp\/v2\/product_tag?post=63943"}],"curies":[{"name":"wp","href":"https:\/\/api.w.org\/{rel}","templated":true}]}}