{"id":63959,"date":"2024-01-28T10:48:17","date_gmt":"2024-01-28T10:48:17","guid":{"rendered":"https:\/\/phytowall.ee\/product\/room-divider-1-side-1500-x-1200-mm\/"},"modified":"2024-02-27T13:56:17","modified_gmt":"2024-02-27T13:56:17","slug":"room-divider-1-side-1500-x-1200-mm","status":"publish","type":"product","link":"https:\/\/phytowall.ee\/fi\/tuote\/room-divider-1-side-1500-x-1200-mm\/","title":{"rendered":"Room Divider (1 side) 1500 x 1200 mm"},"content":{"rendered":"<p>Huoneenjakaja (1 puoli) 1500 x 1200 mm<\/p>\n<p>Yksinomainen sis\u00e4k\u00e4ytt\u00f6<br \/>\n\u00c4l\u00e4 kastele<br \/>\n\u00c4l\u00e4 altista suoralle auringonvalolle<br \/>\nPid\u00e4 poissa l\u00e4mm\u00f6nl\u00e4hteist\u00e4<\/p>\n","protected":false},"excerpt":{"rendered":"<p>Huoneenjakaja sammaleella 1500 x 1200 mm.<\/p>\n<p>100% luonnollinen<br \/>\nEi vaadi hoitoa<br \/>\nEi tarvetta vedelle<br \/>\nMateriaalit: s\u00e4il\u00f6tty sammal, alumiinirunko.<\/p>\n<p>Arvioitu toimitusaika: 3-6 viikkoa.<\/p>\n<p>Yksinomainen sis\u00e4k\u00e4ytt\u00f6 \/ \u00c4l\u00e4 kastele \/ \u00c4l\u00e4 altista suoralle auringonvalolle \/ Pid\u00e4 poissa l\u00e4mm\u00f6nl\u00e4hteist\u00e4<\/p>\n<p>V\u00e4ri ja yhdistelm\u00e4 voivat hieman poiketa alkuper\u00e4isest\u00e4 kuvasta.<\/p>\n","protected":false},"featured_media":61548,"comment_status":"open","ping_status":"closed","template":"","meta":{"_monsterinsights_skip_tracking":false,"_monsterinsights_sitenote_active":false,"_monsterinsights_sitenote_note":"","_monsterinsights_sitenote_category":0},"product_brand":[],"product_cat":[462],"product_tag":[625],"class_list":{"0":"post-63959","1":"product","2":"type-product","3":"status-publish","4":"has-post-thumbnail","6":"product_cat-dividers-fi","7":"product_tag-reindeer-fi","8":"product_shipping_class-class-iii-fi","9":"pa_1-side-medium-green-fi","10":"pa_1-side-spring-green-fi","11":"pa_1-side-natural-fi","12":"pa_1-side-black-fi","13":"pa_1-side-olive-fi","14":"pa_1-side-orange-fi","15":"pa_1-side-red-fi","16":"pa_1-side-light-blue-fi","17":"pa_1-side-green-fi","18":"pa_1-side-green-grass-fi","19":"pa_1-side-green-grass-light-fi","21":"first","22":"instock","23":"taxable","24":"shipping-taxable","25":"purchasable","26":"product-type-variable"},"_links":{"self":[{"href":"https:\/\/phytowall.ee\/fi\/wp-json\/wp\/v2\/product\/63959","targetHints":{"allow":["GET"]}}],"collection":[{"href":"https:\/\/phytowall.ee\/fi\/wp-json\/wp\/v2\/product"}],"about":[{"href":"https:\/\/phytowall.ee\/fi\/wp-json\/wp\/v2\/types\/product"}],"replies":[{"embeddable":true,"href":"https:\/\/phytowall.ee\/fi\/wp-json\/wp\/v2\/comments?post=63959"}],"wp:featuredmedia":[{"embeddable":true,"href":"https:\/\/phytowall.ee\/fi\/wp-json\/wp\/v2\/media\/61548"}],"wp:attachment":[{"href":"https:\/\/phytowall.ee\/fi\/wp-json\/wp\/v2\/media?parent=63959"}],"wp:term":[{"taxonomy":"product_brand","embeddable":true,"href":"https:\/\/phytowall.ee\/fi\/wp-json\/wp\/v2\/product_brand?post=63959"},{"taxonomy":"product_cat","embeddable":true,"href":"https:\/\/phytowall.ee\/fi\/wp-json\/wp\/v2\/product_cat?post=63959"},{"taxonomy":"product_tag","embeddable":true,"href":"https:\/\/phytowall.ee\/fi\/wp-json\/wp\/v2\/product_tag?post=63959"}],"curies":[{"name":"wp","href":"https:\/\/api.w.org\/{rel}","templated":true}]}}