{"id":63968,"date":"2025-06-25T11:46:40","date_gmt":"2025-06-25T11:46:40","guid":{"rendered":"https:\/\/phytowall.ee\/product\/moss-picture-forest-50-x-70-cm\/"},"modified":"2024-02-27T13:53:02","modified_gmt":"2024-02-27T13:53:02","slug":"moss-picture-forest-50-x-70-cm","status":"publish","type":"product","link":"https:\/\/phytowall.ee\/fi\/tuote\/moss-picture-forest-50-x-70-cm\/","title":{"rendered":"Moss Picture Forest 50 x 70 cm"},"content":{"rendered":"<p>Mossikuva s\u00e4il\u00f6tyill\u00e4 kasveilla 500 x 700 mm.<\/p>\n<p>100% LUONNOLLINEN<br \/>\n0% HUOLTO<br \/>\nEI TARVITA VETT\u00c4<br \/>\nMateriaalit: s\u00e4il\u00f6tty sammal, s\u00e4il\u00f6tyt kasvit.<\/p>\n<p>Kuva: T\u00e4st\u00e4 (Kuva 300 x 300 mm)<\/p>\n","protected":false},"excerpt":{"rendered":"<p>Mossokuva s\u00e4il\u00f6tyill\u00e4 kasveilla 500 x 700 mm.<\/p>\n<p>100% luonnollinen<br \/>\n0% hoitoa tarvitaan<br \/>\nEi tarvitse vett\u00e4<br \/>\nMateriaalit: s\u00e4il\u00f6tty sammal, s\u00e4il\u00f6tyt kasvit<\/p>\n<p>Toimitusaika arviolta: 2-4 viikkoa.<\/p>\n<p>Vain sis\u00e4k\u00e4ytt\u00f6\u00f6n \/ \u00c4l\u00e4 kastele \/ \u00c4l\u00e4 altista suoralle auringonvalolle \/ Pid\u00e4 poissa l\u00e4mm\u00f6nl\u00e4hteist\u00e4<\/p>\n","protected":false},"featured_media":61560,"comment_status":"open","ping_status":"closed","template":"","meta":{"_monsterinsights_skip_tracking":false,"_monsterinsights_sitenote_active":false,"_monsterinsights_sitenote_note":"","_monsterinsights_sitenote_category":0},"product_brand":[],"product_cat":[506,492],"product_tag":[591,559,627,628,622],"class_list":{"0":"post-63968","1":"product","2":"type-product","3":"status-publish","4":"has-post-thumbnail","6":"product_cat-products-in-sale-fi","7":"product_cat-small-moss-art-fi","8":"product_tag-bestseller-fi","9":"product_tag-plants-fi","10":"product_tag-sale-fi","11":"product_tag-small-fi","12":"product_tag-mixedmoss-fi","13":"product_shipping_class-class-ii-fi","15":"first","16":"instock","17":"sale","18":"featured","19":"taxable","20":"shipping-taxable","21":"purchasable","22":"product-type-variable"},"_links":{"self":[{"href":"https:\/\/phytowall.ee\/fi\/wp-json\/wp\/v2\/product\/63968","targetHints":{"allow":["GET"]}}],"collection":[{"href":"https:\/\/phytowall.ee\/fi\/wp-json\/wp\/v2\/product"}],"about":[{"href":"https:\/\/phytowall.ee\/fi\/wp-json\/wp\/v2\/types\/product"}],"replies":[{"embeddable":true,"href":"https:\/\/phytowall.ee\/fi\/wp-json\/wp\/v2\/comments?post=63968"}],"wp:featuredmedia":[{"embeddable":true,"href":"https:\/\/phytowall.ee\/fi\/wp-json\/wp\/v2\/media\/61560"}],"wp:attachment":[{"href":"https:\/\/phytowall.ee\/fi\/wp-json\/wp\/v2\/media?parent=63968"}],"wp:term":[{"taxonomy":"product_brand","embeddable":true,"href":"https:\/\/phytowall.ee\/fi\/wp-json\/wp\/v2\/product_brand?post=63968"},{"taxonomy":"product_cat","embeddable":true,"href":"https:\/\/phytowall.ee\/fi\/wp-json\/wp\/v2\/product_cat?post=63968"},{"taxonomy":"product_tag","embeddable":true,"href":"https:\/\/phytowall.ee\/fi\/wp-json\/wp\/v2\/product_tag?post=63968"}],"curies":[{"name":"wp","href":"https:\/\/api.w.org\/{rel}","templated":true}]}}