{"id":64007,"date":"2024-01-28T12:44:02","date_gmt":"2024-01-28T12:44:02","guid":{"rendered":"https:\/\/phytowall.ee\/product\/moss-wall-nature-2400x910-mm\/"},"modified":"2024-02-27T13:45:04","modified_gmt":"2024-02-27T13:45:04","slug":"moss-wall-nature-2400x910-mm","status":"publish","type":"product","link":"https:\/\/phytowall.ee\/fi\/tuote\/moss-wall-nature-2400x910-mm\/","title":{"rendered":"Moss Wall Nature 2400&#215;910 mm"},"content":{"rendered":"<p>Framed moss picture with preserved plants 2400 x 910 mm.<\/p>\n<ul>\n<li>100% luonnollinen<\/li>\n<li>0% huolto<\/li>\n<li>Ei tarvetta vedelle<\/li>\n<\/ul>\n<p>Materiaalit: s\u00e4il\u00f6tty sammal, s\u00e4il\u00f6tyt kasvit, alumiinikehys.<br \/>\nToimitusaika arviolta: 2-5 viikkoa.<\/p>\n<p>Yksinomainen sis\u00e4k\u00e4ytt\u00f6 \/ \u00c4l\u00e4 kastele \/ \u00c4l\u00e4 altista suoralle auringonvalolle \/ Pid\u00e4 poissa l\u00e4mm\u00f6nl\u00e4hteist\u00e4<\/p>\n<p>*v\u00e4ri ja yhdistelm\u00e4 saattavat hieman poiketa alkuper\u00e4isest\u00e4 kuvasta.<\/p>\n","protected":false},"excerpt":{"rendered":"<p>Framed moss picture with preserved plants 2400 x 910 mm.<\/p>\n<ul>\n<li>100% luonnollinen<\/li>\n<li>0% huolto<\/li>\n<li>Ei tarvetta vedelle<\/li>\n<\/ul>\n","protected":false},"featured_media":61632,"comment_status":"open","ping_status":"closed","template":"","meta":{"_monsterinsights_skip_tracking":false,"_monsterinsights_sitenote_active":false,"_monsterinsights_sitenote_note":"","_monsterinsights_sitenote_category":0},"product_brand":[],"product_cat":[506,498],"product_tag":[559,627,558],"class_list":{"0":"post-64007","1":"product","2":"type-product","3":"status-publish","4":"has-post-thumbnail","6":"product_cat-products-in-sale-fi","7":"product_cat-wall-moss-art-fi","8":"product_tag-plants-fi","9":"product_tag-sale-fi","10":"product_tag-big-fi","11":"product_shipping_class-class-iii-fi","13":"first","14":"instock","15":"sale","16":"taxable","17":"shipping-taxable","18":"purchasable","19":"product-type-variable"},"_links":{"self":[{"href":"https:\/\/phytowall.ee\/fi\/wp-json\/wp\/v2\/product\/64007","targetHints":{"allow":["GET"]}}],"collection":[{"href":"https:\/\/phytowall.ee\/fi\/wp-json\/wp\/v2\/product"}],"about":[{"href":"https:\/\/phytowall.ee\/fi\/wp-json\/wp\/v2\/types\/product"}],"replies":[{"embeddable":true,"href":"https:\/\/phytowall.ee\/fi\/wp-json\/wp\/v2\/comments?post=64007"}],"wp:featuredmedia":[{"embeddable":true,"href":"https:\/\/phytowall.ee\/fi\/wp-json\/wp\/v2\/media\/61632"}],"wp:attachment":[{"href":"https:\/\/phytowall.ee\/fi\/wp-json\/wp\/v2\/media?parent=64007"}],"wp:term":[{"taxonomy":"product_brand","embeddable":true,"href":"https:\/\/phytowall.ee\/fi\/wp-json\/wp\/v2\/product_brand?post=64007"},{"taxonomy":"product_cat","embeddable":true,"href":"https:\/\/phytowall.ee\/fi\/wp-json\/wp\/v2\/product_cat?post=64007"},{"taxonomy":"product_tag","embeddable":true,"href":"https:\/\/phytowall.ee\/fi\/wp-json\/wp\/v2\/product_tag?post=64007"}],"curies":[{"name":"wp","href":"https:\/\/api.w.org\/{rel}","templated":true}]}}