{"id":64017,"date":"2024-01-28T12:50:36","date_gmt":"2024-01-28T12:50:36","guid":{"rendered":"https:\/\/phytowall.ee\/product\/hydrangea-violet-2\/"},"modified":"2024-02-27T13:43:21","modified_gmt":"2024-02-27T13:43:21","slug":"hydrangea-violet-2","status":"publish","type":"product","link":"https:\/\/phytowall.ee\/fi\/tuote\/hydrangea-violet-2\/","title":{"rendered":"Hydrangea Violet"},"content":{"rendered":"","protected":false},"excerpt":{"rendered":"<p><strong>S\u00e4ilytetty hortensia parvifolia-lehdill\u00e4.<\/strong><\/p>\n<p>N\u00e4m\u00e4 kukat ovat historiallisia. Hortensialajikkeeseen kuuluu 70\u201375 koristekasvilajia. Ne ovat per\u00e4isin Etel\u00e4- ja It\u00e4-Aasiasta ja niit\u00e4 on viljelty koristekasvina Japanissa jo pitk\u00e4\u00e4n. 1800-luvun puoliv\u00e4list\u00e4 l\u00e4htien niit\u00e4 on tuotu muihin maailman osiin.<\/p>\n<p>Yksinomainen sis\u00e4k\u00e4ytt\u00f6 \/ \u00c4l\u00e4 kastele \/ \u00c4l\u00e4 altista auringonvalolle \/ Pid\u00e4 poissa l\u00e4mm\u00f6nl\u00e4hteist\u00e4<\/p>\n","protected":false},"featured_media":61653,"comment_status":"open","ping_status":"closed","template":"","meta":{"_monsterinsights_skip_tracking":false,"_monsterinsights_sitenote_active":false,"_monsterinsights_sitenote_note":"","_monsterinsights_sitenote_category":0},"product_brand":[],"product_cat":[465,506],"product_tag":[618],"class_list":{"0":"post-64017","1":"product","2":"type-product","3":"status-publish","4":"has-post-thumbnail","6":"product_cat-flowers-art-fi","7":"product_cat-products-in-sale-fi","8":"product_tag-flowers-fi","9":"product_shipping_class-class-i-fi","11":"first","12":"instock","13":"sale","14":"taxable","15":"shipping-taxable","16":"purchasable","17":"product-type-variable"},"_links":{"self":[{"href":"https:\/\/phytowall.ee\/fi\/wp-json\/wp\/v2\/product\/64017","targetHints":{"allow":["GET"]}}],"collection":[{"href":"https:\/\/phytowall.ee\/fi\/wp-json\/wp\/v2\/product"}],"about":[{"href":"https:\/\/phytowall.ee\/fi\/wp-json\/wp\/v2\/types\/product"}],"replies":[{"embeddable":true,"href":"https:\/\/phytowall.ee\/fi\/wp-json\/wp\/v2\/comments?post=64017"}],"wp:featuredmedia":[{"embeddable":true,"href":"https:\/\/phytowall.ee\/fi\/wp-json\/wp\/v2\/media\/61653"}],"wp:attachment":[{"href":"https:\/\/phytowall.ee\/fi\/wp-json\/wp\/v2\/media?parent=64017"}],"wp:term":[{"taxonomy":"product_brand","embeddable":true,"href":"https:\/\/phytowall.ee\/fi\/wp-json\/wp\/v2\/product_brand?post=64017"},{"taxonomy":"product_cat","embeddable":true,"href":"https:\/\/phytowall.ee\/fi\/wp-json\/wp\/v2\/product_cat?post=64017"},{"taxonomy":"product_tag","embeddable":true,"href":"https:\/\/phytowall.ee\/fi\/wp-json\/wp\/v2\/product_tag?post=64017"}],"curies":[{"name":"wp","href":"https:\/\/api.w.org\/{rel}","templated":true}]}}