{"id":64036,"date":"2023-01-02T07:08:30","date_gmt":"2023-01-02T07:08:30","guid":{"rendered":"https:\/\/phytowall.ee\/product\/reindeer-moss-mix-1800-x-300-mm\/"},"modified":"2024-02-27T13:40:06","modified_gmt":"2024-02-27T13:40:06","slug":"reindeer-moss-mix-1800-x-300-mm","status":"publish","type":"product","link":"https:\/\/phytowall.ee\/fi\/tuote\/reindeer-moss-mix-1800-x-300-mm\/","title":{"rendered":"Reindeer moss Mix 1800 x 300 mm"},"content":{"rendered":"","protected":false},"excerpt":{"rendered":"<div class=\"woocommerce-product-details__short-description\">\nIslanninj\u00e4k\u00e4l\u00e4kuva 1800 x 300 mm.<\/p>\n<ul>\n<li>100% luonnollinen<\/li>\n<li>0% hoitoa tarvitaan<\/li>\n<li>Ei tarvetta vedelle<\/li>\n<\/ul>\n<p>Materiaalit: s\u00e4ilytetty poronj\u00e4k\u00e4l\u00e4, alumiinikehys.<\/p>\n<p>Arvioitu toimitusaika: 2-3 viikkoa.<\/p>\n<\/div>\n<p>&nbsp;<br \/>\nYksinomainen sis\u00e4k\u00e4ytt\u00f6 \/ \u00c4l\u00e4 kastele \/ \u00c4l\u00e4 altista auringonvalolle \/ Pid\u00e4 poissa l\u00e4mm\u00f6nl\u00e4hteist\u00e4<\/p>\n<div class=\"woocommerce-product-details__short-description\">\n<p>*V\u00e4ri ja yhdistelm\u00e4 voivat hieman poiketa alkuper\u00e4isest\u00e4 kuvasta.<\/p>\n<\/div>\n","protected":false},"featured_media":61680,"comment_status":"open","ping_status":"closed","template":"","meta":{"_monsterinsights_skip_tracking":false,"_monsterinsights_sitenote_active":false,"_monsterinsights_sitenote_note":"","_monsterinsights_sitenote_category":0},"product_brand":[],"product_cat":[498],"product_tag":[625,558],"class_list":{"0":"post-64036","1":"product","2":"type-product","3":"status-publish","4":"has-post-thumbnail","6":"product_cat-wall-moss-art-fi","7":"product_tag-reindeer-fi","8":"product_tag-big-fi","9":"product_shipping_class-class-iii-fi","11":"first","12":"instock","13":"taxable","14":"shipping-taxable","15":"purchasable","16":"product-type-variable"},"_links":{"self":[{"href":"https:\/\/phytowall.ee\/fi\/wp-json\/wp\/v2\/product\/64036","targetHints":{"allow":["GET"]}}],"collection":[{"href":"https:\/\/phytowall.ee\/fi\/wp-json\/wp\/v2\/product"}],"about":[{"href":"https:\/\/phytowall.ee\/fi\/wp-json\/wp\/v2\/types\/product"}],"replies":[{"embeddable":true,"href":"https:\/\/phytowall.ee\/fi\/wp-json\/wp\/v2\/comments?post=64036"}],"wp:featuredmedia":[{"embeddable":true,"href":"https:\/\/phytowall.ee\/fi\/wp-json\/wp\/v2\/media\/61680"}],"wp:attachment":[{"href":"https:\/\/phytowall.ee\/fi\/wp-json\/wp\/v2\/media?parent=64036"}],"wp:term":[{"taxonomy":"product_brand","embeddable":true,"href":"https:\/\/phytowall.ee\/fi\/wp-json\/wp\/v2\/product_brand?post=64036"},{"taxonomy":"product_cat","embeddable":true,"href":"https:\/\/phytowall.ee\/fi\/wp-json\/wp\/v2\/product_cat?post=64036"},{"taxonomy":"product_tag","embeddable":true,"href":"https:\/\/phytowall.ee\/fi\/wp-json\/wp\/v2\/product_tag?post=64036"}],"curies":[{"name":"wp","href":"https:\/\/api.w.org\/{rel}","templated":true}]}}