{"id":64054,"date":"2024-01-29T07:16:39","date_gmt":"2024-01-29T07:16:39","guid":{"rendered":"https:\/\/phytowall.ee\/product\/table-divider\/"},"modified":"2024-02-27T13:38:27","modified_gmt":"2024-02-27T13:38:27","slug":"table-divider","status":"publish","type":"product","link":"https:\/\/phytowall.ee\/fi\/tuote\/table-divider\/","title":{"rendered":"Table Divider"},"content":{"rendered":"","protected":false},"excerpt":{"rendered":"<p>Vapaasti seisova \u00e4\u00e4nieristetty ty\u00f6p\u00f6yt\u00e4jakaja alumiinikehyksell\u00e4.<\/p>\n<p><strong>Saatavilla eri kokoja ja v\u00e4rej\u00e4. Ole hyv\u00e4 ja l\u00e4het\u00e4 hintapyynt\u00f6.<\/strong><\/p>\n<p>Kaksipuolinen sammalp\u00e4\u00e4llyste.<\/p>\n<ul>\n<li>100% luonnollinen<\/li>\n<li>0% hoitoa tarvitaan<\/li>\n<li>Ei tarvetta kastelulle<\/li>\n<\/ul>\n<p>Arvioitu toimitusaika: 3-5 viikkoa.<br \/>\nYksinomainen sis\u00e4k\u00e4ytt\u00f6 \/ \u00c4l\u00e4 kastele \/ \u00c4l\u00e4 altista auringonvalolle \/ Pid\u00e4 poissa l\u00e4mm\u00f6nl\u00e4hteist\u00e4<\/p>\n","protected":false},"featured_media":64047,"comment_status":"open","ping_status":"closed","template":"","meta":{"_monsterinsights_skip_tracking":false,"_monsterinsights_sitenote_active":false,"_monsterinsights_sitenote_note":"","_monsterinsights_sitenote_category":0},"product_brand":[],"product_cat":[462],"product_tag":[591,623,625],"class_list":{"0":"post-64054","1":"product","2":"type-product","3":"status-publish","4":"has-post-thumbnail","6":"product_cat-dividers-fi","7":"product_tag-bestseller-fi","8":"product_tag-other-fi","9":"product_tag-reindeer-fi","10":"product_shipping_class-class-iii-fi","11":"pa_moss-color-yellow-fi","12":"pa_moss-color-medium-green-fi","13":"pa_moss-color-natural-fi","14":"pa_moss-color-black-fi","15":"pa_moss-color-orange-fi","16":"pa_moss-color-red-fi","17":"pa_moss-color-blue-fi","18":"pa_moss-color-green-fi","19":"pa_moss-color-green-grass-fi","20":"pa_moss-color-green-grass-light-fi","21":"pa_size-1040-x-350-mm-fi","22":"pa_size-1040-x-450-mm-fi","23":"pa_size-1500-x-350-mm-fi","24":"pa_size-2000-x-350-mm-fi","26":"first","27":"instock","28":"taxable","29":"shipping-taxable","30":"purchasable","31":"product-type-variable"},"_links":{"self":[{"href":"https:\/\/phytowall.ee\/fi\/wp-json\/wp\/v2\/product\/64054","targetHints":{"allow":["GET"]}}],"collection":[{"href":"https:\/\/phytowall.ee\/fi\/wp-json\/wp\/v2\/product"}],"about":[{"href":"https:\/\/phytowall.ee\/fi\/wp-json\/wp\/v2\/types\/product"}],"replies":[{"embeddable":true,"href":"https:\/\/phytowall.ee\/fi\/wp-json\/wp\/v2\/comments?post=64054"}],"wp:featuredmedia":[{"embeddable":true,"href":"https:\/\/phytowall.ee\/fi\/wp-json\/wp\/v2\/media\/64047"}],"wp:attachment":[{"href":"https:\/\/phytowall.ee\/fi\/wp-json\/wp\/v2\/media?parent=64054"}],"wp:term":[{"taxonomy":"product_brand","embeddable":true,"href":"https:\/\/phytowall.ee\/fi\/wp-json\/wp\/v2\/product_brand?post=64054"},{"taxonomy":"product_cat","embeddable":true,"href":"https:\/\/phytowall.ee\/fi\/wp-json\/wp\/v2\/product_cat?post=64054"},{"taxonomy":"product_tag","embeddable":true,"href":"https:\/\/phytowall.ee\/fi\/wp-json\/wp\/v2\/product_tag?post=64054"}],"curies":[{"name":"wp","href":"https:\/\/api.w.org\/{rel}","templated":true}]}}