{"id":64068,"date":"2024-01-29T07:25:19","date_gmt":"2024-01-29T07:25:19","guid":{"rendered":"https:\/\/phytowall.ee\/product\/reindeer-moss-picture-32-x-23-cm\/"},"modified":"2024-02-27T13:37:17","modified_gmt":"2024-02-27T13:37:17","slug":"reindeer-moss-picture-32-x-23-cm","status":"publish","type":"product","link":"https:\/\/phytowall.ee\/fi\/tuote\/reindeer-moss-picture-32-x-23-cm\/","title":{"rendered":"Reindeer Moss Picture 32 x 23 cm"},"content":{"rendered":"","protected":false},"excerpt":{"rendered":"<div class=\"woocommerce-product-details__short-description\">\nKehystetty sammalkuva 32 x 23 cm.<\/p>\n<ul>\n<li>100% luonnollinen<\/li>\n<li>0% hoitoa tarvitaan<\/li>\n<li>Ei tarvita vett\u00e4<\/li>\n<\/ul>\n<p>Materiaalit: s\u00e4il\u00f6tty poronsammal, puukehys.<br \/>\nArvioitu toimitusaika: 1-2 viikkoa.<\/p>\n<\/div>\n<p>&nbsp;<br \/>\nYksinomainen sis\u00e4k\u00e4ytt\u00f6 \/ \u00c4l\u00e4 kastele \/ \u00c4l\u00e4 altista auringonvalolle \/ Pid\u00e4 poissa l\u00e4mm\u00f6nl\u00e4hteist\u00e4<\/p>\n","protected":false},"featured_media":40953,"comment_status":"open","ping_status":"closed","template":"","meta":{"_monsterinsights_skip_tracking":false,"_monsterinsights_sitenote_active":false,"_monsterinsights_sitenote_note":"","_monsterinsights_sitenote_category":0},"product_brand":[],"product_cat":[492],"product_tag":[628,625],"class_list":{"0":"post-64068","1":"product","2":"type-product","3":"status-publish","4":"has-post-thumbnail","6":"product_cat-small-moss-art-fi","7":"product_tag-small-fi","8":"product_tag-reindeer-fi","9":"product_shipping_class-class-i-fi","10":"pa_moss-color-yellow-fi","11":"pa_moss-color-medium-green-fi","12":"pa_moss-color-spring-green-fi","13":"pa_moss-color-natural-fi","14":"pa_moss-color-black-fi","15":"pa_moss-color-olive-fi","16":"pa_moss-color-orange-fi","17":"pa_moss-color-red-fi","18":"pa_moss-color-blue-fi","19":"pa_moss-color-green-fi","20":"pa_moss-color-green-grass-fi","21":"pa_moss-color-green-grass-light-fi","23":"first","24":"instock","25":"taxable","26":"shipping-taxable","27":"purchasable","28":"product-type-variable"},"_links":{"self":[{"href":"https:\/\/phytowall.ee\/fi\/wp-json\/wp\/v2\/product\/64068","targetHints":{"allow":["GET"]}}],"collection":[{"href":"https:\/\/phytowall.ee\/fi\/wp-json\/wp\/v2\/product"}],"about":[{"href":"https:\/\/phytowall.ee\/fi\/wp-json\/wp\/v2\/types\/product"}],"replies":[{"embeddable":true,"href":"https:\/\/phytowall.ee\/fi\/wp-json\/wp\/v2\/comments?post=64068"}],"wp:featuredmedia":[{"embeddable":true,"href":"https:\/\/phytowall.ee\/fi\/wp-json\/wp\/v2\/media\/40953"}],"wp:attachment":[{"href":"https:\/\/phytowall.ee\/fi\/wp-json\/wp\/v2\/media?parent=64068"}],"wp:term":[{"taxonomy":"product_brand","embeddable":true,"href":"https:\/\/phytowall.ee\/fi\/wp-json\/wp\/v2\/product_brand?post=64068"},{"taxonomy":"product_cat","embeddable":true,"href":"https:\/\/phytowall.ee\/fi\/wp-json\/wp\/v2\/product_cat?post=64068"},{"taxonomy":"product_tag","embeddable":true,"href":"https:\/\/phytowall.ee\/fi\/wp-json\/wp\/v2\/product_tag?post=64068"}],"curies":[{"name":"wp","href":"https:\/\/api.w.org\/{rel}","templated":true}]}}