{"id":64080,"date":"2024-01-29T07:29:21","date_gmt":"2024-01-29T07:29:21","guid":{"rendered":"https:\/\/phytowall.ee\/product\/greenhill-bun-moss-1400-x-1000-mm\/"},"modified":"2024-02-27T13:36:12","modified_gmt":"2024-02-27T13:36:12","slug":"greenhill-bun-moss-1400-x-1000-mm","status":"publish","type":"product","link":"https:\/\/phytowall.ee\/fi\/tuote\/greenhill-bun-moss-1400-x-1000-mm\/","title":{"rendered":"Greenhill bun moss 1400 x 1000 mm"},"content":{"rendered":"<p>Kehystetty vihre\u00e4 kukkulan sammalkuva 1400 x 1000 mm.<\/p>\n<ul>\n<li>S\u00e4il\u00f6tty sammal 100% luonnollinen<\/li>\n<li>0% hoitoa tarvitaan<\/li>\n<li>Ei tarvita vett\u00e4<\/li>\n<\/ul>\n<p>Materiaalit: s\u00e4il\u00f6tty kukkulan sammal, alumiinikehys.<br \/>\nArvioitu toimitusaika: 2-5 viikkoa.<\/p>\n<p>Yksinomainen sis\u00e4k\u00e4ytt\u00f6 \/ \u00c4l\u00e4 kastele \/ \u00c4l\u00e4 altista auringonvalolle \/ Pid\u00e4 poissa l\u00e4mm\u00f6nl\u00e4hteist\u00e4<\/p>\n<p>*V\u00e4ri ja yhdistelm\u00e4 voivat hieman poiketa alkuper\u00e4isest\u00e4 kuvasta.<\/p>\n","protected":false},"excerpt":{"rendered":"<p>Kehystetty vihre\u00e4n kukkulan m\u00e4kilumisammalkuva 1400 x 1000 mm.<\/p>\n<ul>\n<li>S\u00e4il\u00f6tty sammal 100% luonnollinen<\/li>\n<li>0% hoitoa tarvitaan<\/li>\n<li>Ei tarvita vett\u00e4<\/li>\n<\/ul>\n<p>Materiaalit: s\u00e4il\u00f6tty m\u00e4kilumisammal, alumiinikehys.<br \/>\nArvioitu toimitusaika: 2-5 viikkoa.<\/p>\n<p>Yksinomainen sis\u00e4k\u00e4ytt\u00f6 \/ \u00c4l\u00e4 kastele \/ \u00c4l\u00e4 altista auringonvalolle \/ Pid\u00e4 poissa l\u00e4mm\u00f6nl\u00e4hteist\u00e4<\/p>\n<p>*V\u00e4ri ja yhdistelm\u00e4 voivat hieman poiketa alkuper\u00e4isest\u00e4 kuvasta.<\/p>\n","protected":false},"featured_media":65589,"comment_status":"open","ping_status":"closed","template":"","meta":{"_monsterinsights_skip_tracking":false,"_monsterinsights_sitenote_active":false,"_monsterinsights_sitenote_note":"","_monsterinsights_sitenote_category":0},"product_brand":[],"product_cat":[471,498],"product_tag":[591,620,558],"class_list":{"0":"post-64080","1":"product","2":"type-product","3":"status-publish","4":"has-post-thumbnail","6":"product_cat-moss-panels-fi","7":"product_cat-wall-moss-art-fi","8":"product_tag-bestseller-fi","9":"product_tag-greenhill-fi","10":"product_tag-big-fi","11":"product_shipping_class-class-iii-fi","13":"first","14":"instock","15":"taxable","16":"shipping-taxable","17":"purchasable","18":"product-type-variable"},"_links":{"self":[{"href":"https:\/\/phytowall.ee\/fi\/wp-json\/wp\/v2\/product\/64080","targetHints":{"allow":["GET"]}}],"collection":[{"href":"https:\/\/phytowall.ee\/fi\/wp-json\/wp\/v2\/product"}],"about":[{"href":"https:\/\/phytowall.ee\/fi\/wp-json\/wp\/v2\/types\/product"}],"replies":[{"embeddable":true,"href":"https:\/\/phytowall.ee\/fi\/wp-json\/wp\/v2\/comments?post=64080"}],"wp:featuredmedia":[{"embeddable":true,"href":"https:\/\/phytowall.ee\/fi\/wp-json\/wp\/v2\/media\/65589"}],"wp:attachment":[{"href":"https:\/\/phytowall.ee\/fi\/wp-json\/wp\/v2\/media?parent=64080"}],"wp:term":[{"taxonomy":"product_brand","embeddable":true,"href":"https:\/\/phytowall.ee\/fi\/wp-json\/wp\/v2\/product_brand?post=64080"},{"taxonomy":"product_cat","embeddable":true,"href":"https:\/\/phytowall.ee\/fi\/wp-json\/wp\/v2\/product_cat?post=64080"},{"taxonomy":"product_tag","embeddable":true,"href":"https:\/\/phytowall.ee\/fi\/wp-json\/wp\/v2\/product_tag?post=64080"}],"curies":[{"name":"wp","href":"https:\/\/api.w.org\/{rel}","templated":true}]}}