{"id":64087,"date":"2024-01-29T07:38:49","date_gmt":"2024-01-29T07:38:49","guid":{"rendered":"https:\/\/phytowall.ee\/product\/white-hydrangea-in-pot\/"},"modified":"2024-02-27T13:34:33","modified_gmt":"2024-02-27T13:34:33","slug":"white-hydrangea-in-pot","status":"publish","type":"product","link":"https:\/\/phytowall.ee\/fi\/tuote\/white-hydrangea-in-pot\/","title":{"rendered":"White Hydrangea in pot"},"content":{"rendered":"","protected":false},"excerpt":{"rendered":"<p><strong>S\u00e4il\u00f6tty hortensia poppelilehdill\u00e4.<\/strong><\/p>\n<p><strong>Sis\u00e4lt\u00e4\u00e4 koristeellisen ruukun.<\/strong><\/p>\n<p>N\u00e4m\u00e4 kukat ovat historiansa omaavia. Hortensiasukuun kuuluu 70\u201375 lajia koristekasveja. Ne ovat kotoisin Aasian etel\u00e4- ja it\u00e4osista, ja niit\u00e4 on viljelty koristekasveina Japanissa jo kauan. 1800-luvun puoliv\u00e4list\u00e4 alkaen niit\u00e4 on tuotu my\u00f6s muihin maailman osiin.<\/p>\n<p>Yksinomainen sis\u00e4k\u00e4ytt\u00f6 \/ \u00c4l\u00e4 kastele \/ \u00c4l\u00e4 altista auringonvalolle \/ Pid\u00e4 poissa l\u00e4mm\u00f6nl\u00e4hteist\u00e4<\/p>\n","protected":false},"featured_media":61620,"comment_status":"open","ping_status":"closed","template":"","meta":{"_monsterinsights_skip_tracking":false,"_monsterinsights_sitenote_active":false,"_monsterinsights_sitenote_note":"","_monsterinsights_sitenote_category":0},"product_brand":[],"product_cat":[465],"product_tag":[618],"class_list":{"0":"post-64087","1":"product","2":"type-product","3":"status-publish","4":"has-post-thumbnail","6":"product_cat-flowers-art-fi","7":"product_tag-flowers-fi","8":"product_shipping_class-class-i-fi","10":"first","11":"instock","12":"taxable","13":"shipping-taxable","14":"purchasable","15":"product-type-simple"},"_links":{"self":[{"href":"https:\/\/phytowall.ee\/fi\/wp-json\/wp\/v2\/product\/64087","targetHints":{"allow":["GET"]}}],"collection":[{"href":"https:\/\/phytowall.ee\/fi\/wp-json\/wp\/v2\/product"}],"about":[{"href":"https:\/\/phytowall.ee\/fi\/wp-json\/wp\/v2\/types\/product"}],"replies":[{"embeddable":true,"href":"https:\/\/phytowall.ee\/fi\/wp-json\/wp\/v2\/comments?post=64087"}],"wp:featuredmedia":[{"embeddable":true,"href":"https:\/\/phytowall.ee\/fi\/wp-json\/wp\/v2\/media\/61620"}],"wp:attachment":[{"href":"https:\/\/phytowall.ee\/fi\/wp-json\/wp\/v2\/media?parent=64087"}],"wp:term":[{"taxonomy":"product_brand","embeddable":true,"href":"https:\/\/phytowall.ee\/fi\/wp-json\/wp\/v2\/product_brand?post=64087"},{"taxonomy":"product_cat","embeddable":true,"href":"https:\/\/phytowall.ee\/fi\/wp-json\/wp\/v2\/product_cat?post=64087"},{"taxonomy":"product_tag","embeddable":true,"href":"https:\/\/phytowall.ee\/fi\/wp-json\/wp\/v2\/product_tag?post=64087"}],"curies":[{"name":"wp","href":"https:\/\/api.w.org\/{rel}","templated":true}]}}