{"id":64093,"date":"2024-01-29T07:51:46","date_gmt":"2024-01-29T07:51:46","guid":{"rendered":"https:\/\/phytowall.ee\/product\/moss-picture-forest-40-x-50-cm\/"},"modified":"2024-02-27T13:32:44","modified_gmt":"2024-02-27T13:32:44","slug":"moss-picture-forest-40-x-50-cm","status":"publish","type":"product","link":"https:\/\/phytowall.ee\/fi\/tuote\/moss-picture-forest-40-x-50-cm\/","title":{"rendered":"Moss picture Forest 40 x 50 cm"},"content":{"rendered":"<p>Moss picture with preserved plants 400 x 500 mm.<\/p>\n<ul>\n<li>100% NATURAL<\/li>\n<li>0% CARE<\/li>\n<li>NO WATER NEEDED<\/li>\n<\/ul>\n<p>Materials: preserved moss, preserved plants<\/p>\n<p>&nbsp;<\/p>\n<p>Estimated delivery time: 2-3 weeks.<\/p>\n<p>&nbsp;<\/p>\n<p>Exclusive indoor use \/ Do not water \/ Do not expose to sunlight \/ Keep away from heat sources<\/p>\n<p><img loading=\"lazy\" decoding=\"async\" src=\"https:\/\/phytowall.ee\/wp-content\/uploads\/2021\/11\/sm353-300x300.jpg\" alt=\"\" width=\"300\" height=\"300\" class=\"alignnone size-medium wp-image-27036\" srcset=\"https:\/\/phytowall.ee\/wp-content\/uploads\/2021\/11\/sm353-300x300.jpg 300w, https:\/\/phytowall.ee\/wp-content\/uploads\/2021\/11\/sm353-100x100.jpg 100w, https:\/\/phytowall.ee\/wp-content\/uploads\/2021\/11\/sm353-600x600.jpg 600w, https:\/\/phytowall.ee\/wp-content\/uploads\/2021\/11\/sm353-1024x1024.jpg 1024w, https:\/\/phytowall.ee\/wp-content\/uploads\/2021\/11\/sm353-150x150.jpg 150w, https:\/\/phytowall.ee\/wp-content\/uploads\/2021\/11\/sm353-768x768.jpg 768w, https:\/\/phytowall.ee\/wp-content\/uploads\/2021\/11\/sm353-1536x1536.jpg 1536w, https:\/\/phytowall.ee\/wp-content\/uploads\/2021\/11\/sm353-550x550.jpg 550w, https:\/\/phytowall.ee\/wp-content\/uploads\/2021\/11\/sm353-1100x1100.jpg 1100w\" sizes=\"auto, (max-width: 300px) 100vw, 300px\" \/><\/p>\n","protected":false},"excerpt":{"rendered":"<p>S\u00e4il\u00f6tty sammalkuva s\u00e4il\u00f6tyill\u00e4 kasveilla, koko 400 x 500 mm.<\/p>\n<ul>\n<li>100% luonnollinen<\/li>\n<li>0% hoitoa tarvitaan<\/li>\n<li>Ei tarvita vett\u00e4<\/li>\n<\/ul>\n","protected":false},"featured_media":61743,"comment_status":"open","ping_status":"closed","template":"","meta":{"_monsterinsights_skip_tracking":false,"_monsterinsights_sitenote_active":false,"_monsterinsights_sitenote_note":"","_monsterinsights_sitenote_category":0},"product_brand":[],"product_cat":[492],"product_tag":[559,628],"class_list":{"0":"post-64093","1":"product","2":"type-product","3":"status-publish","4":"has-post-thumbnail","6":"product_cat-small-moss-art-fi","7":"product_tag-plants-fi","8":"product_tag-small-fi","9":"product_shipping_class-class-i-fi","11":"first","12":"instock","13":"taxable","14":"shipping-taxable","15":"purchasable","16":"product-type-variable"},"_links":{"self":[{"href":"https:\/\/phytowall.ee\/fi\/wp-json\/wp\/v2\/product\/64093","targetHints":{"allow":["GET"]}}],"collection":[{"href":"https:\/\/phytowall.ee\/fi\/wp-json\/wp\/v2\/product"}],"about":[{"href":"https:\/\/phytowall.ee\/fi\/wp-json\/wp\/v2\/types\/product"}],"replies":[{"embeddable":true,"href":"https:\/\/phytowall.ee\/fi\/wp-json\/wp\/v2\/comments?post=64093"}],"wp:featuredmedia":[{"embeddable":true,"href":"https:\/\/phytowall.ee\/fi\/wp-json\/wp\/v2\/media\/61743"}],"wp:attachment":[{"href":"https:\/\/phytowall.ee\/fi\/wp-json\/wp\/v2\/media?parent=64093"}],"wp:term":[{"taxonomy":"product_brand","embeddable":true,"href":"https:\/\/phytowall.ee\/fi\/wp-json\/wp\/v2\/product_brand?post=64093"},{"taxonomy":"product_cat","embeddable":true,"href":"https:\/\/phytowall.ee\/fi\/wp-json\/wp\/v2\/product_cat?post=64093"},{"taxonomy":"product_tag","embeddable":true,"href":"https:\/\/phytowall.ee\/fi\/wp-json\/wp\/v2\/product_tag?post=64093"}],"curies":[{"name":"wp","href":"https:\/\/api.w.org\/{rel}","templated":true}]}}