{"id":64101,"date":"2024-01-29T08:20:46","date_gmt":"2024-01-29T08:20:46","guid":{"rendered":"https:\/\/phytowall.ee\/product\/moss-picture-eucalyptus-63-x-93-cm\/"},"modified":"2024-02-27T13:31:03","modified_gmt":"2024-02-27T13:31:03","slug":"moss-picture-eucalyptus-63-x-93-cm","status":"publish","type":"product","link":"https:\/\/phytowall.ee\/fi\/tuote\/moss-picture-eucalyptus-63-x-93-cm\/","title":{"rendered":"Moss picture Eucalyptus 63 x 93 cm"},"content":{"rendered":"<p>S\u00e4il\u00f6tty sammalkuva s\u00e4il\u00f6tyill\u00e4 kasveilla, koko 630 x 930 mm.<\/p>\n<ul>\n<li>100% luonnollinen<\/li>\n<li>0% hoitoa tarvitaan<\/li>\n<li>Ei tarvita vett\u00e4<\/li>\n<\/ul>\n<p>Materiaalit: s\u00e4il\u00f6tty sammal, s\u00e4il\u00f6tyt kasvit<br \/>\nArvioitu toimitusaika: 2-4 viikkoa.<\/p>\n<p>Yksinomainen sis\u00e4k\u00e4ytt\u00f6 \/ \u00c4l\u00e4 kastele \/ \u00c4l\u00e4 altista auringonvalolle \/ Pid\u00e4 poissa l\u00e4mm\u00f6nl\u00e4hteist\u00e4<\/p>\n<p><img loading=\"lazy\" decoding=\"async\" class=\"alignnone size-medium wp-image-24984\" src=\"https:\/\/phytowall.ee\/wp-content\/uploads\/2023\/11\/241-300x300.jpg\" alt=\"\" width=\"300\" height=\"300\" srcset=\"https:\/\/phytowall.ee\/wp-content\/uploads\/2023\/11\/241-300x300.jpg 300w, https:\/\/phytowall.ee\/wp-content\/uploads\/2023\/11\/241-100x100.jpg 100w, https:\/\/phytowall.ee\/wp-content\/uploads\/2023\/11\/241-600x600.jpg 600w, https:\/\/phytowall.ee\/wp-content\/uploads\/2023\/11\/241-1024x1024.jpg 1024w, https:\/\/phytowall.ee\/wp-content\/uploads\/2023\/11\/241-150x150.jpg 150w, https:\/\/phytowall.ee\/wp-content\/uploads\/2023\/11\/241-768x768.jpg 768w, https:\/\/phytowall.ee\/wp-content\/uploads\/2023\/11\/241-1536x1536.jpg 1536w, https:\/\/phytowall.ee\/wp-content\/uploads\/2023\/11\/241-550x550.jpg 550w, https:\/\/phytowall.ee\/wp-content\/uploads\/2023\/11\/241-1100x1100.jpg 1100w\" sizes=\"auto, (max-width: 300px) 100vw, 300px\" \/><\/p>\n","protected":false},"excerpt":{"rendered":"<p>S\u00e4il\u00f6tty sammalkuva s\u00e4il\u00f6tyill\u00e4 kasveilla, koko 630 x 930 mm.<\/p>\n<ul>\n<li>100% luonnollinen<\/li>\n<li>0% hoitoa tarvitaan<\/li>\n<li>Ei tarvita vett\u00e4<\/li>\n<\/ul>\n","protected":false},"featured_media":61749,"comment_status":"open","ping_status":"closed","template":"","meta":{"_monsterinsights_skip_tracking":false,"_monsterinsights_sitenote_active":false,"_monsterinsights_sitenote_note":"","_monsterinsights_sitenote_category":0},"product_brand":[],"product_cat":[506,498],"product_tag":[559,558,622],"class_list":{"0":"post-64101","1":"product","2":"type-product","3":"status-publish","4":"has-post-thumbnail","6":"product_cat-products-in-sale-fi","7":"product_cat-wall-moss-art-fi","8":"product_tag-plants-fi","9":"product_tag-big-fi","10":"product_tag-mixedmoss-fi","11":"product_shipping_class-class-ii-fi","13":"first","14":"instock","15":"sale","16":"taxable","17":"shipping-taxable","18":"purchasable","19":"product-type-variable"},"_links":{"self":[{"href":"https:\/\/phytowall.ee\/fi\/wp-json\/wp\/v2\/product\/64101","targetHints":{"allow":["GET"]}}],"collection":[{"href":"https:\/\/phytowall.ee\/fi\/wp-json\/wp\/v2\/product"}],"about":[{"href":"https:\/\/phytowall.ee\/fi\/wp-json\/wp\/v2\/types\/product"}],"replies":[{"embeddable":true,"href":"https:\/\/phytowall.ee\/fi\/wp-json\/wp\/v2\/comments?post=64101"}],"wp:featuredmedia":[{"embeddable":true,"href":"https:\/\/phytowall.ee\/fi\/wp-json\/wp\/v2\/media\/61749"}],"wp:attachment":[{"href":"https:\/\/phytowall.ee\/fi\/wp-json\/wp\/v2\/media?parent=64101"}],"wp:term":[{"taxonomy":"product_brand","embeddable":true,"href":"https:\/\/phytowall.ee\/fi\/wp-json\/wp\/v2\/product_brand?post=64101"},{"taxonomy":"product_cat","embeddable":true,"href":"https:\/\/phytowall.ee\/fi\/wp-json\/wp\/v2\/product_cat?post=64101"},{"taxonomy":"product_tag","embeddable":true,"href":"https:\/\/phytowall.ee\/fi\/wp-json\/wp\/v2\/product_tag?post=64101"}],"curies":[{"name":"wp","href":"https:\/\/api.w.org\/{rel}","templated":true}]}}