{"id":64149,"date":"2024-01-29T08:59:04","date_gmt":"2024-01-29T08:59:04","guid":{"rendered":"https:\/\/phytowall.ee\/product\/moss-picture-nature-63-x-93-cm\/"},"modified":"2024-02-27T13:06:30","modified_gmt":"2024-02-27T13:06:30","slug":"moss-picture-nature-63-x-93-cm","status":"publish","type":"product","link":"https:\/\/phytowall.ee\/fi\/tuote\/moss-picture-nature-63-x-93-cm\/","title":{"rendered":"Moss picture Nature 63 x 93 cm"},"content":{"rendered":"<p>S\u00e4il\u00f6tty sammalkuva s\u00e4il\u00f6tyill\u00e4 kasveilla, koko 930 x 630 mm.<\/p>\n<ul>\n<li>100% luonnollinen<\/li>\n<li>0% hoitoa tarvitaan<\/li>\n<li>Ei tarvita vett\u00e4<\/li>\n<\/ul>\n<p>Materiaalit: s\u00e4il\u00f6tty sammal, s\u00e4il\u00f6tyt kasvit<br \/>\nArvioitu toimitusaika: 2-4 viikkoa.<\/p>\n<p>Yksinomainen sis\u00e4k\u00e4ytt\u00f6 \/ \u00c4l\u00e4 kastele \/ \u00c4l\u00e4 altista auringonvalolle \/ Pid\u00e4 poissa l\u00e4mm\u00f6nl\u00e4hteist\u00e4<\/p>\n<p>*V\u00e4ri ja yhdistelm\u00e4 voivat poiketa hieman alkuper\u00e4isest\u00e4 kuvasta.<\/p>\n<p><img loading=\"lazy\" decoding=\"async\" src=\"https:\/\/phytowall.ee\/wp-content\/uploads\/2023\/11\/\u044b\u0449\u043a\u044865-300x300.jpg\" alt=\"\" width=\"300\" height=\"300\" class=\"alignnone size-medium wp-image-25021\" srcset=\"https:\/\/phytowall.ee\/wp-content\/uploads\/2023\/11\/\u044b\u0449\u043a\u044865-300x300.jpg 300w, https:\/\/phytowall.ee\/wp-content\/uploads\/2023\/11\/\u044b\u0449\u043a\u044865-100x100.jpg 100w, https:\/\/phytowall.ee\/wp-content\/uploads\/2023\/11\/\u044b\u0449\u043a\u044865-600x600.jpg 600w, https:\/\/phytowall.ee\/wp-content\/uploads\/2023\/11\/\u044b\u0449\u043a\u044865-1024x1024.jpg 1024w, https:\/\/phytowall.ee\/wp-content\/uploads\/2023\/11\/\u044b\u0449\u043a\u044865-150x150.jpg 150w, https:\/\/phytowall.ee\/wp-content\/uploads\/2023\/11\/\u044b\u0449\u043a\u044865-768x768.jpg 768w, https:\/\/phytowall.ee\/wp-content\/uploads\/2023\/11\/\u044b\u0449\u043a\u044865-1536x1536.jpg 1536w, https:\/\/phytowall.ee\/wp-content\/uploads\/2023\/11\/\u044b\u0449\u043a\u044865-550x550.jpg 550w, https:\/\/phytowall.ee\/wp-content\/uploads\/2023\/11\/\u044b\u0449\u043a\u044865-1100x1100.jpg 1100w\" sizes=\"auto, (max-width: 300px) 100vw, 300px\" \/><\/p>\n","protected":false},"excerpt":{"rendered":"<p>S\u00e4il\u00f6tty sammalkuva s\u00e4il\u00f6tyill\u00e4 kasveilla, koko 930 x 630 mm.<\/p>\n<ul>\n<li>100% luonnollinen<\/li>\n<li>0% hoitoa tarvitaan<\/li>\n<li>Ei tarvita vett\u00e4<\/li>\n<\/ul>\n","protected":false},"featured_media":61803,"comment_status":"open","ping_status":"closed","template":"","meta":{"_monsterinsights_skip_tracking":false,"_monsterinsights_sitenote_active":false,"_monsterinsights_sitenote_note":"","_monsterinsights_sitenote_category":0},"product_brand":[],"product_cat":[498],"product_tag":[559,558],"class_list":{"0":"post-64149","1":"product","2":"type-product","3":"status-publish","4":"has-post-thumbnail","6":"product_cat-wall-moss-art-fi","7":"product_tag-plants-fi","8":"product_tag-big-fi","9":"product_shipping_class-class-ii-fi","11":"first","12":"instock","13":"sale","14":"taxable","15":"shipping-taxable","16":"purchasable","17":"product-type-variable"},"_links":{"self":[{"href":"https:\/\/phytowall.ee\/fi\/wp-json\/wp\/v2\/product\/64149","targetHints":{"allow":["GET"]}}],"collection":[{"href":"https:\/\/phytowall.ee\/fi\/wp-json\/wp\/v2\/product"}],"about":[{"href":"https:\/\/phytowall.ee\/fi\/wp-json\/wp\/v2\/types\/product"}],"replies":[{"embeddable":true,"href":"https:\/\/phytowall.ee\/fi\/wp-json\/wp\/v2\/comments?post=64149"}],"wp:featuredmedia":[{"embeddable":true,"href":"https:\/\/phytowall.ee\/fi\/wp-json\/wp\/v2\/media\/61803"}],"wp:attachment":[{"href":"https:\/\/phytowall.ee\/fi\/wp-json\/wp\/v2\/media?parent=64149"}],"wp:term":[{"taxonomy":"product_brand","embeddable":true,"href":"https:\/\/phytowall.ee\/fi\/wp-json\/wp\/v2\/product_brand?post=64149"},{"taxonomy":"product_cat","embeddable":true,"href":"https:\/\/phytowall.ee\/fi\/wp-json\/wp\/v2\/product_cat?post=64149"},{"taxonomy":"product_tag","embeddable":true,"href":"https:\/\/phytowall.ee\/fi\/wp-json\/wp\/v2\/product_tag?post=64149"}],"curies":[{"name":"wp","href":"https:\/\/api.w.org\/{rel}","templated":true}]}}