{"id":64167,"date":"2024-01-29T09:32:48","date_gmt":"2024-01-29T09:32:48","guid":{"rendered":"https:\/\/phytowall.ee\/product\/room-divider-2-sides-1500-x-1200-mm\/"},"modified":"2024-02-27T12:59:18","modified_gmt":"2024-02-27T12:59:18","slug":"room-divider-2-sides-1500-x-1200-mm","status":"publish","type":"product","link":"https:\/\/phytowall.ee\/fi\/tuote\/room-divider-2-sides-1500-x-1200-mm\/","title":{"rendered":"Room Divider (2 sides) 1500 x 1200 mm"},"content":{"rendered":"<p>Room divider with reindeer moss, dimensions 1200 x 1500 x 100 mm.<\/p>\n<ul>\n<li>100% luonnollinen<\/li>\n<li>0% hoitoa tarvitaan<\/li>\n<li>Ei tarvita vett\u00e4<\/li>\n<\/ul>\n<p>Materiaalit: s\u00e4il\u00f6tty poronj\u00e4k\u00e4l\u00e4, alumiinikehys.<br \/>\nArvioitu toimitusaika: 3-6 viikkoa.<\/p>\n<p>Yksinomainen sis\u00e4k\u00e4ytt\u00f6 \/ \u00c4l\u00e4 kastele \/ \u00c4l\u00e4 altista auringonvalolle \/ Pid\u00e4 poissa l\u00e4mm\u00f6nl\u00e4hteist\u00e4<\/p>\n<p>*V\u00e4ri ja yhdistelm\u00e4 voivat poiketa hieman alkuper\u00e4isest\u00e4 kuvasta.<\/p>\n<p><img loading=\"lazy\" decoding=\"async\" src=\"https:\/\/phytowall.ee\/wp-content\/uploads\/2022\/05\/IMG_5855-300x201.jpg\" alt=\"\" width=\"300\" height=\"201\" class=\"alignnone size-medium wp-image-27180\" srcset=\"https:\/\/phytowall.ee\/wp-content\/uploads\/2022\/05\/IMG_5855-300x201.jpg 300w, https:\/\/phytowall.ee\/wp-content\/uploads\/2022\/05\/IMG_5855-scaled-600x401.jpg 600w, https:\/\/phytowall.ee\/wp-content\/uploads\/2022\/05\/IMG_5855-1024x685.jpg 1024w, https:\/\/phytowall.ee\/wp-content\/uploads\/2022\/05\/IMG_5855-768x514.jpg 768w, https:\/\/phytowall.ee\/wp-content\/uploads\/2022\/05\/IMG_5855-1536x1027.jpg 1536w\" sizes=\"auto, (max-width: 300px) 100vw, 300px\" \/><img loading=\"lazy\" decoding=\"async\" src=\"https:\/\/phytowall.ee\/wp-content\/uploads\/2023\/11\/divaider1-300x300.jpg\" alt=\"\" width=\"300\" height=\"300\" class=\"alignnone size-medium wp-image-25051\" srcset=\"https:\/\/phytowall.ee\/wp-content\/uploads\/2023\/11\/divaider1-300x300.jpg 300w, https:\/\/phytowall.ee\/wp-content\/uploads\/2023\/11\/divaider1-100x100.jpg 100w, https:\/\/phytowall.ee\/wp-content\/uploads\/2023\/11\/divaider1-600x600.jpg 600w, https:\/\/phytowall.ee\/wp-content\/uploads\/2023\/11\/divaider1-1024x1024.jpg 1024w, https:\/\/phytowall.ee\/wp-content\/uploads\/2023\/11\/divaider1-150x150.jpg 150w, https:\/\/phytowall.ee\/wp-content\/uploads\/2023\/11\/divaider1-768x768.jpg 768w, https:\/\/phytowall.ee\/wp-content\/uploads\/2023\/11\/divaider1-1536x1536.jpg 1536w, https:\/\/phytowall.ee\/wp-content\/uploads\/2023\/11\/divaider1-550x550.jpg 550w, https:\/\/phytowall.ee\/wp-content\/uploads\/2023\/11\/divaider1-1100x1100.jpg 1100w\" sizes=\"auto, (max-width: 300px) 100vw, 300px\" \/><\/p>\n","protected":false},"excerpt":{"rendered":"<p>Huonjakkuvaaja poronj\u00e4k\u00e4l\u00e4ll\u00e4, mitat 1200 x 1500 x 100 mm.<\/p>\n<ul>\n<li>100% luonnollinen<\/li>\n<li>0% hoitoa tarvitaan<\/li>\n<li>Ei tarvita vett\u00e4<\/li>\n<\/ul>\n","protected":false},"featured_media":61842,"comment_status":"open","ping_status":"closed","template":"","meta":{"_monsterinsights_skip_tracking":false,"_monsterinsights_sitenote_active":false,"_monsterinsights_sitenote_note":"","_monsterinsights_sitenote_category":0},"product_brand":[],"product_cat":[462],"product_tag":[623,625],"class_list":{"0":"post-64167","1":"product","2":"type-product","3":"status-publish","4":"has-post-thumbnail","6":"product_cat-dividers-fi","7":"product_tag-other-fi","8":"product_tag-reindeer-fi","9":"product_shipping_class-large-package-fi","10":"pa_1-side-medium-green-fi","11":"pa_1-side-spring-green-fi","12":"pa_1-side-natural-fi","13":"pa_1-side-black-fi","14":"pa_1-side-olive-fi","15":"pa_1-side-orange-fi","16":"pa_1-side-red-fi","17":"pa_1-side-blue-fi","18":"pa_1-side-light-blue-fi","19":"pa_1-side-green-fi","20":"pa_1-side-green-grass-fi","21":"pa_1-side-green-grass-light-fi","23":"first","24":"instock","25":"taxable","26":"shipping-taxable","27":"purchasable","28":"product-type-variable"},"_links":{"self":[{"href":"https:\/\/phytowall.ee\/fi\/wp-json\/wp\/v2\/product\/64167","targetHints":{"allow":["GET"]}}],"collection":[{"href":"https:\/\/phytowall.ee\/fi\/wp-json\/wp\/v2\/product"}],"about":[{"href":"https:\/\/phytowall.ee\/fi\/wp-json\/wp\/v2\/types\/product"}],"replies":[{"embeddable":true,"href":"https:\/\/phytowall.ee\/fi\/wp-json\/wp\/v2\/comments?post=64167"}],"wp:featuredmedia":[{"embeddable":true,"href":"https:\/\/phytowall.ee\/fi\/wp-json\/wp\/v2\/media\/61842"}],"wp:attachment":[{"href":"https:\/\/phytowall.ee\/fi\/wp-json\/wp\/v2\/media?parent=64167"}],"wp:term":[{"taxonomy":"product_brand","embeddable":true,"href":"https:\/\/phytowall.ee\/fi\/wp-json\/wp\/v2\/product_brand?post=64167"},{"taxonomy":"product_cat","embeddable":true,"href":"https:\/\/phytowall.ee\/fi\/wp-json\/wp\/v2\/product_cat?post=64167"},{"taxonomy":"product_tag","embeddable":true,"href":"https:\/\/phytowall.ee\/fi\/wp-json\/wp\/v2\/product_tag?post=64167"}],"curies":[{"name":"wp","href":"https:\/\/api.w.org\/{rel}","templated":true}]}}