{"id":64191,"date":"2024-01-29T09:47:15","date_gmt":"2024-01-29T09:47:15","guid":{"rendered":"https:\/\/phytowall.ee\/product\/reindeer-moss-ring\/"},"modified":"2024-02-27T12:56:01","modified_gmt":"2024-02-27T12:56:01","slug":"reindeer-moss-ring","status":"publish","type":"product","link":"https:\/\/phytowall.ee\/fi\/tuote\/reindeer-moss-ring\/","title":{"rendered":"Reindeer moss ring"},"content":{"rendered":"<p>Framed reindeer moss picture.<\/p>\n<ul>\n<li>100% luonnollinen<\/li>\n<li>0% hoitoa tarvitaan<\/li>\n<li>Ei tarvita vett\u00e4<\/li>\n<\/ul>\n<p>Materiaalit: s\u00e4il\u00f6tty poronj\u00e4k\u00e4l\u00e4, alumiinikehys.<br \/>\nArvioitu toimitusaika: 2-5 viikkoa.<\/p>\n<p>Yksinomainen sis\u00e4k\u00e4ytt\u00f6 \/ \u00c4l\u00e4 kastele \/ \u00c4l\u00e4 altista auringonvalolle \/ Pid\u00e4 poissa l\u00e4mm\u00f6nl\u00e4hteist\u00e4<\/p>\n<p>*V\u00e4ri ja yhdistelm\u00e4 voivat poiketa hieman alkuper\u00e4isest\u00e4 kuvasta.<\/p>\n<p><img loading=\"lazy\" decoding=\"async\" src=\"https:\/\/phytowall.ee\/wp-content\/uploads\/2023\/11\/IMG-7474-_1_-300x300.jpeg\" alt=\"\" width=\"300\" height=\"300\" class=\"alignnone size-medium wp-image-25078\" srcset=\"https:\/\/phytowall.ee\/wp-content\/uploads\/2023\/11\/IMG-7474-_1_-300x300.jpeg 300w, https:\/\/phytowall.ee\/wp-content\/uploads\/2023\/11\/IMG-7474-_1_-100x100.jpeg 100w, https:\/\/phytowall.ee\/wp-content\/uploads\/2023\/11\/IMG-7474-_1_-600x600.jpeg 600w, https:\/\/phytowall.ee\/wp-content\/uploads\/2023\/11\/IMG-7474-_1_-1024x1024.jpeg 1024w, https:\/\/phytowall.ee\/wp-content\/uploads\/2023\/11\/IMG-7474-_1_-150x150.jpeg 150w, https:\/\/phytowall.ee\/wp-content\/uploads\/2023\/11\/IMG-7474-_1_-768x768.jpeg 768w, https:\/\/phytowall.ee\/wp-content\/uploads\/2023\/11\/IMG-7474-_1_-550x550.jpeg 550w, https:\/\/phytowall.ee\/wp-content\/uploads\/2023\/11\/IMG-7474-_1_.jpeg 1080w\" sizes=\"auto, (max-width: 300px) 100vw, 300px\" \/><\/p>\n","protected":false},"excerpt":{"rendered":"<p>Framed reindeer moss picture.<\/p>\n<ul>\n<li>100% luonnollinen<\/li>\n<li>0% hoitoa tarvitaan<\/li>\n<li>Ei tarvita vett\u00e4<\/li>\n<\/ul>\n<p>Materiaalit: s\u00e4il\u00f6tty poronj\u00e4k\u00e4l\u00e4, alumiinikehys.<br \/>\nArvioitu toimitusaika: 2-5 viikkoa.<\/p>\n<p>Yksinomainen sis\u00e4k\u00e4ytt\u00f6 \/ \u00c4l\u00e4 kastele \/ \u00c4l\u00e4 altista auringonvalolle \/ Pid\u00e4 poissa l\u00e4mm\u00f6nl\u00e4hteist\u00e4<\/p>\n<p>*V\u00e4ri ja yhdistelm\u00e4 voivat poiketa hieman alkuper\u00e4isest\u00e4 kuvasta.<\/p>\n","protected":false},"featured_media":61884,"comment_status":"open","ping_status":"closed","template":"","meta":{"_monsterinsights_skip_tracking":false,"_monsterinsights_sitenote_active":false,"_monsterinsights_sitenote_note":"","_monsterinsights_sitenote_category":0},"product_brand":[],"product_cat":[506,498],"product_tag":[628,625,560,558],"class_list":{"0":"post-64191","1":"product","2":"type-product","3":"status-publish","4":"has-post-thumbnail","6":"product_cat-products-in-sale-fi","7":"product_cat-wall-moss-art-fi","8":"product_tag-small-fi","9":"product_tag-reindeer-fi","10":"product_tag-ring-fi","11":"product_tag-big-fi","12":"product_shipping_class-class-ii-fi","13":"pa_moss-color-yellow-fi","14":"pa_moss-color-medium-green-fi","15":"pa_moss-color-spring-green-fi","16":"pa_moss-color-lavender-blue-fi","17":"pa_moss-color-natural-fi","18":"pa_moss-color-black-fi","19":"pa_moss-color-olive-fi","20":"pa_moss-color-orange-fi","21":"pa_moss-color-red-fi","22":"pa_moss-color-blue-fi","23":"pa_moss-color-green-fi","24":"pa_moss-color-green-grass-fi","25":"pa_moss-color-green-grass-light-fi","26":"pa_size-1100-mm-fi","27":"pa_size-1200-mm-fi","28":"pa_size-500-mm-fi","29":"pa_size-600-mm-fi","30":"pa_size-800-mm-fi","32":"first","33":"instock","34":"sale","35":"taxable","36":"shipping-taxable","37":"purchasable","38":"product-type-variable"},"_links":{"self":[{"href":"https:\/\/phytowall.ee\/fi\/wp-json\/wp\/v2\/product\/64191","targetHints":{"allow":["GET"]}}],"collection":[{"href":"https:\/\/phytowall.ee\/fi\/wp-json\/wp\/v2\/product"}],"about":[{"href":"https:\/\/phytowall.ee\/fi\/wp-json\/wp\/v2\/types\/product"}],"replies":[{"embeddable":true,"href":"https:\/\/phytowall.ee\/fi\/wp-json\/wp\/v2\/comments?post=64191"}],"wp:featuredmedia":[{"embeddable":true,"href":"https:\/\/phytowall.ee\/fi\/wp-json\/wp\/v2\/media\/61884"}],"wp:attachment":[{"href":"https:\/\/phytowall.ee\/fi\/wp-json\/wp\/v2\/media?parent=64191"}],"wp:term":[{"taxonomy":"product_brand","embeddable":true,"href":"https:\/\/phytowall.ee\/fi\/wp-json\/wp\/v2\/product_brand?post=64191"},{"taxonomy":"product_cat","embeddable":true,"href":"https:\/\/phytowall.ee\/fi\/wp-json\/wp\/v2\/product_cat?post=64191"},{"taxonomy":"product_tag","embeddable":true,"href":"https:\/\/phytowall.ee\/fi\/wp-json\/wp\/v2\/product_tag?post=64191"}],"curies":[{"name":"wp","href":"https:\/\/api.w.org\/{rel}","templated":true}]}}