{"id":64211,"date":"2025-06-01T10:06:10","date_gmt":"2025-06-01T10:06:10","guid":{"rendered":"https:\/\/phytowall.ee\/product\/moss-picture-nature-90-x-50-cm\/"},"modified":"2025-09-18T17:37:20","modified_gmt":"2025-09-18T17:37:20","slug":"moss-picture-nature-90-x-50-cm","status":"publish","type":"product","link":"https:\/\/phytowall.ee\/fi\/tuote\/moss-picture-nature-90-x-50-cm\/","title":{"rendered":"Moss picture Nature 90 x 50 cm"},"content":{"rendered":"<p data-start=\"88\" data-end=\"147\"><strong data-start=\"88\" data-end=\"145\">Sammalkuva stabiloitujen kasvien kanssa 900 x 500 mm<\/strong><\/p>\n<p data-start=\"149\" data-end=\"203\">100 % LUONNOLLINEN<br data-start=\"167\" data-end=\"170\" \/>0 % HUOLTOA<br data-start=\"181\" data-end=\"184\" \/>EI VAADI KASTELUA<\/p>\n<p data-start=\"205\" data-end=\"295\">Materiaalit: stabiloitu sammal, stabiloidut kasvit<br data-start=\"255\" data-end=\"258\" \/>Arvioitu toimitusaika: 1\u20133 viikkoa.<\/p>\n<p data-start=\"297\" data-end=\"397\">Eksklusiivinen sis\u00e4k\u00e4ytt\u00f6\u00f6n \/ \u00c4l\u00e4 kastele \/ \u00c4l\u00e4 aseta auringonvaloon \/ Pid\u00e4 poissa l\u00e4mm\u00f6nl\u00e4hteist\u00e4<\/p>\n<p data-start=\"399\" data-end=\"459\"><em data-start=\"399\" data-end=\"457\">*V\u00e4ri ja yhdistelm\u00e4 voivat poiketa hieman alkuper\u00e4isest\u00e4.<\/em><\/p>\n<p><img loading=\"lazy\" decoding=\"async\" class=\"alignnone size-medium wp-image-25117\" src=\"https:\/\/phytowall.ee\/wp-content\/uploads\/2023\/11\/222-300x300.jpg\" alt=\"\" width=\"300\" height=\"300\" srcset=\"https:\/\/phytowall.ee\/wp-content\/uploads\/2023\/11\/222-300x300.jpg 300w, https:\/\/phytowall.ee\/wp-content\/uploads\/2023\/11\/222-100x100.jpg 100w, https:\/\/phytowall.ee\/wp-content\/uploads\/2023\/11\/222-600x600.jpg 600w, https:\/\/phytowall.ee\/wp-content\/uploads\/2023\/11\/222-1024x1024.jpg 1024w, https:\/\/phytowall.ee\/wp-content\/uploads\/2023\/11\/222-150x150.jpg 150w, https:\/\/phytowall.ee\/wp-content\/uploads\/2023\/11\/222-768x768.jpg 768w, https:\/\/phytowall.ee\/wp-content\/uploads\/2023\/11\/222-1536x1536.jpg 1536w, https:\/\/phytowall.ee\/wp-content\/uploads\/2023\/11\/222-550x550.jpg 550w, https:\/\/phytowall.ee\/wp-content\/uploads\/2023\/11\/222-1100x1100.jpg 1100w\" sizes=\"auto, (max-width: 300px) 100vw, 300px\" \/><br \/>\n<img loading=\"lazy\" decoding=\"async\" class=\"alignnone size-medium wp-image-64204\" src=\"https:\/\/phytowall.ee\/wp-content\/uploads\/2024\/01\/124-300x300.webp\" alt=\"\" width=\"300\" height=\"300\" srcset=\"https:\/\/phytowall.ee\/wp-content\/uploads\/2024\/01\/124-300x300.webp 300w, https:\/\/phytowall.ee\/wp-content\/uploads\/2024\/01\/124-1024x1024.webp 1024w, https:\/\/phytowall.ee\/wp-content\/uploads\/2024\/01\/124-150x150.webp 150w, https:\/\/phytowall.ee\/wp-content\/uploads\/2024\/01\/124-768x768.webp 768w, https:\/\/phytowall.ee\/wp-content\/uploads\/2024\/01\/124-1536x1536.webp 1536w, https:\/\/phytowall.ee\/wp-content\/uploads\/2024\/01\/124-550x550.webp 550w, https:\/\/phytowall.ee\/wp-content\/uploads\/2024\/01\/124-1100x1100.webp 1100w, https:\/\/phytowall.ee\/wp-content\/uploads\/2024\/01\/124-600x600.webp 600w, https:\/\/phytowall.ee\/wp-content\/uploads\/2024\/01\/124-100x100.webp 100w\" sizes=\"auto, (max-width: 300px) 100vw, 300px\" \/><\/p>\n","protected":false},"excerpt":{"rendered":"<p data-start=\"88\" data-end=\"147\"><strong data-start=\"88\" data-end=\"145\">Sammalkuva stabiloitujen kasvien kanssa 900 x 500 mm<\/strong><\/p>\n<p data-start=\"149\" data-end=\"203\">100 % LUONNOLLINEN<br data-start=\"167\" data-end=\"170\" \/>0 % HUOLTOA<br data-start=\"181\" data-end=\"184\" \/>EI VAADI KASTELUA<\/p>\n","protected":false},"featured_media":65585,"comment_status":"open","ping_status":"closed","template":"","meta":{"_monsterinsights_skip_tracking":false,"_monsterinsights_sitenote_active":false,"_monsterinsights_sitenote_note":"","_monsterinsights_sitenote_category":0},"product_brand":[],"product_cat":[506,492],"product_tag":[559,627,558],"class_list":{"0":"post-64211","1":"product","2":"type-product","3":"status-publish","4":"has-post-thumbnail","6":"product_cat-products-in-sale-fi","7":"product_cat-small-moss-art-fi","8":"product_tag-plants-fi","9":"product_tag-sale-fi","10":"product_tag-big-fi","11":"product_shipping_class-class-ii-fi","13":"first","14":"instock","15":"sale","16":"taxable","17":"shipping-taxable","18":"purchasable","19":"product-type-variable"},"_links":{"self":[{"href":"https:\/\/phytowall.ee\/fi\/wp-json\/wp\/v2\/product\/64211","targetHints":{"allow":["GET"]}}],"collection":[{"href":"https:\/\/phytowall.ee\/fi\/wp-json\/wp\/v2\/product"}],"about":[{"href":"https:\/\/phytowall.ee\/fi\/wp-json\/wp\/v2\/types\/product"}],"replies":[{"embeddable":true,"href":"https:\/\/phytowall.ee\/fi\/wp-json\/wp\/v2\/comments?post=64211"}],"wp:featuredmedia":[{"embeddable":true,"href":"https:\/\/phytowall.ee\/fi\/wp-json\/wp\/v2\/media\/65585"}],"wp:attachment":[{"href":"https:\/\/phytowall.ee\/fi\/wp-json\/wp\/v2\/media?parent=64211"}],"wp:term":[{"taxonomy":"product_brand","embeddable":true,"href":"https:\/\/phytowall.ee\/fi\/wp-json\/wp\/v2\/product_brand?post=64211"},{"taxonomy":"product_cat","embeddable":true,"href":"https:\/\/phytowall.ee\/fi\/wp-json\/wp\/v2\/product_cat?post=64211"},{"taxonomy":"product_tag","embeddable":true,"href":"https:\/\/phytowall.ee\/fi\/wp-json\/wp\/v2\/product_tag?post=64211"}],"curies":[{"name":"wp","href":"https:\/\/api.w.org\/{rel}","templated":true}]}}