{"id":64220,"date":"2024-01-29T10:11:42","date_gmt":"2024-01-29T10:11:42","guid":{"rendered":"https:\/\/phytowall.ee\/product\/moss-picture-wald-1600-x-550-mm\/"},"modified":"2024-02-27T12:48:31","modified_gmt":"2024-02-27T12:48:31","slug":"moss-picture-wald-1600-x-550-mm","status":"publish","type":"product","link":"https:\/\/phytowall.ee\/fi\/tuote\/moss-picture-wald-1600-x-550-mm\/","title":{"rendered":"Moss picture Wald 1600 x 550 mm"},"content":{"rendered":"<p>Kehystetty sammalkuva s\u00e4il\u00f6tyill\u00e4 kasveilla, koko 1600 x 550 mm.<\/p>\n<ul>\n<li>100% luonnollinen<\/li>\n<li>0% hoitoa tarvitaan<\/li>\n<li>Ei tarvita vett\u00e4<\/li>\n<\/ul>\n<p>Materiaalit: s\u00e4il\u00f6tty sammal, s\u00e4il\u00f6tyt kasvit, alumiinikehys.<br \/>\n<img loading=\"lazy\" decoding=\"async\" src=\"https:\/\/phytowall.ee\/wp-content\/uploads\/2022\/10\/IMG_8350-1-300x219.jpg\" alt=\"\" width=\"300\" height=\"219\" class=\"alignnone size-medium wp-image-27426\" srcset=\"https:\/\/phytowall.ee\/wp-content\/uploads\/2022\/10\/IMG_8350-1-300x219.jpg 300w, https:\/\/phytowall.ee\/wp-content\/uploads\/2022\/10\/IMG_8350-1-scaled-600x438.jpg 600w, https:\/\/phytowall.ee\/wp-content\/uploads\/2022\/10\/IMG_8350-1-1024x748.jpg 1024w, https:\/\/phytowall.ee\/wp-content\/uploads\/2022\/10\/IMG_8350-1-768x561.jpg 768w, https:\/\/phytowall.ee\/wp-content\/uploads\/2022\/10\/IMG_8350-1-1536x1122.jpg 1536w\" sizes=\"auto, (max-width: 300px) 100vw, 300px\" \/><img loading=\"lazy\" decoding=\"async\" src=\"https:\/\/phytowall.ee\/wp-content\/uploads\/2023\/11\/wald1-300x300.jpg\" alt=\"\" width=\"300\" height=\"300\" class=\"alignnone size-medium wp-image-25122\" srcset=\"https:\/\/phytowall.ee\/wp-content\/uploads\/2023\/11\/wald1-300x300.jpg 300w, https:\/\/phytowall.ee\/wp-content\/uploads\/2023\/11\/wald1-100x100.jpg 100w, https:\/\/phytowall.ee\/wp-content\/uploads\/2023\/11\/wald1-600x600.jpg 600w, https:\/\/phytowall.ee\/wp-content\/uploads\/2023\/11\/wald1-150x150.jpg 150w, https:\/\/phytowall.ee\/wp-content\/uploads\/2023\/11\/wald1-550x550.jpg 550w, https:\/\/phytowall.ee\/wp-content\/uploads\/2023\/11\/wald1.jpg 640w\" sizes=\"auto, (max-width: 300px) 100vw, 300px\" \/><\/p>\n","protected":false},"excerpt":{"rendered":"<div class=\"woocommerce-product-details__short-description\">\nKehystetty sammalkuva s\u00e4il\u00f6tyill\u00e4 kasveilla, koko 1600 x 550 mm.<\/p>\n<ul>\n<li>100% luonnollinen<\/li>\n<li>0% hoitoa tarvitaan<\/li>\n<li>Ei tarvita vett\u00e4<\/li>\n<\/ul>\n<p>Materiaalit: s\u00e4il\u00f6tty sammal, s\u00e4il\u00f6tyt kasvit, alumiinikehys.<br \/>\nArvioitu toimitusaika: 2-5 viikkoa.<\/p>\n<p>Yksinomainen sis\u00e4k\u00e4ytt\u00f6 \/ \u00c4l\u00e4 kastele \/ \u00c4l\u00e4 altista auringonvalolle \/ Pid\u00e4 poissa l\u00e4mm\u00f6nl\u00e4hteist\u00e4<\/p>\n<p>*V\u00e4ri ja yhdistelm\u00e4 voivat poiketa hieman alkuper\u00e4isest\u00e4 kuvasta.<\/p>\n<\/div>\n","protected":false},"featured_media":61929,"comment_status":"open","ping_status":"closed","template":"","meta":{"_monsterinsights_skip_tracking":false,"_monsterinsights_sitenote_active":false,"_monsterinsights_sitenote_note":"","_monsterinsights_sitenote_category":0},"product_brand":[],"product_cat":[506,498],"product_tag":[591,559,627,558],"class_list":{"0":"post-64220","1":"product","2":"type-product","3":"status-publish","4":"has-post-thumbnail","6":"product_cat-products-in-sale-fi","7":"product_cat-wall-moss-art-fi","8":"product_tag-bestseller-fi","9":"product_tag-plants-fi","10":"product_tag-sale-fi","11":"product_tag-big-fi","12":"product_shipping_class-class-iii-fi","14":"first","15":"instock","16":"sale","17":"taxable","18":"shipping-taxable","19":"purchasable","20":"product-type-variable"},"_links":{"self":[{"href":"https:\/\/phytowall.ee\/fi\/wp-json\/wp\/v2\/product\/64220","targetHints":{"allow":["GET"]}}],"collection":[{"href":"https:\/\/phytowall.ee\/fi\/wp-json\/wp\/v2\/product"}],"about":[{"href":"https:\/\/phytowall.ee\/fi\/wp-json\/wp\/v2\/types\/product"}],"replies":[{"embeddable":true,"href":"https:\/\/phytowall.ee\/fi\/wp-json\/wp\/v2\/comments?post=64220"}],"wp:featuredmedia":[{"embeddable":true,"href":"https:\/\/phytowall.ee\/fi\/wp-json\/wp\/v2\/media\/61929"}],"wp:attachment":[{"href":"https:\/\/phytowall.ee\/fi\/wp-json\/wp\/v2\/media?parent=64220"}],"wp:term":[{"taxonomy":"product_brand","embeddable":true,"href":"https:\/\/phytowall.ee\/fi\/wp-json\/wp\/v2\/product_brand?post=64220"},{"taxonomy":"product_cat","embeddable":true,"href":"https:\/\/phytowall.ee\/fi\/wp-json\/wp\/v2\/product_cat?post=64220"},{"taxonomy":"product_tag","embeddable":true,"href":"https:\/\/phytowall.ee\/fi\/wp-json\/wp\/v2\/product_tag?post=64220"}],"curies":[{"name":"wp","href":"https:\/\/api.w.org\/{rel}","templated":true}]}}