{"id":64248,"date":"2023-01-06T10:23:12","date_gmt":"2023-01-06T10:23:12","guid":{"rendered":"https:\/\/phytowall.ee\/product\/reindeer-moss-picture-1200-x-600-mm\/"},"modified":"2024-02-27T12:44:34","modified_gmt":"2024-02-27T12:44:34","slug":"reindeer-moss-picture-1200-x-600-mm","status":"publish","type":"product","link":"https:\/\/phytowall.ee\/fi\/tuote\/reindeer-moss-picture-1200-x-600-mm\/","title":{"rendered":"Reindeer moss picture 1200 x 600 mm"},"content":{"rendered":"<p>S\u00e4il\u00f6tty sammaln\u00e4ytt\u00f6 poronj\u00e4k\u00e4l\u00e4ll\u00e4, koko 1200 x 600 mm.<\/p>\n<ul>\n<li>100% luonnollinen<\/li>\n<li>0% hoitoa tarvitaan<\/li>\n<li>Ei tarvita vett\u00e4<\/li>\n<\/ul>\n<p>Materiaalit: s\u00e4il\u00f6tty poronj\u00e4k\u00e4l\u00e4, alumiinikehys.<\/p>\n<p>Arvioitu toimitusaika: 2-3 viikkoa.<\/p>\n<p>Yksinomainen sis\u00e4k\u00e4ytt\u00f6 \/ \u00c4l\u00e4 kastele \/ \u00c4l\u00e4 altista auringonvalolle \/ Pid\u00e4 poissa l\u00e4mm\u00f6nl\u00e4hteist\u00e4<\/p>\n<p>*V\u00e4ri ja yhdistelm\u00e4 voivat poiketa hieman alkuper\u00e4isest\u00e4 kuvasta.<\/p>\n<p><img loading=\"lazy\" decoding=\"async\" src=\"https:\/\/phytowall.ee\/wp-content\/uploads\/2024\/01\/222-300x300.webp\" alt=\"\" width=\"300\" height=\"300\" class=\"alignnone size-medium wp-image-64240\" srcset=\"https:\/\/phytowall.ee\/wp-content\/uploads\/2024\/01\/222-300x300.webp 300w, https:\/\/phytowall.ee\/wp-content\/uploads\/2024\/01\/222-1024x1024.webp 1024w, https:\/\/phytowall.ee\/wp-content\/uploads\/2024\/01\/222-150x150.webp 150w, https:\/\/phytowall.ee\/wp-content\/uploads\/2024\/01\/222-768x768.webp 768w, https:\/\/phytowall.ee\/wp-content\/uploads\/2024\/01\/222-1536x1536.webp 1536w, https:\/\/phytowall.ee\/wp-content\/uploads\/2024\/01\/222-550x550.webp 550w, https:\/\/phytowall.ee\/wp-content\/uploads\/2024\/01\/222-1100x1100.webp 1100w, https:\/\/phytowall.ee\/wp-content\/uploads\/2024\/01\/222-600x600.webp 600w, https:\/\/phytowall.ee\/wp-content\/uploads\/2024\/01\/222-100x100.webp 100w\" sizes=\"auto, (max-width: 300px) 100vw, 300px\" \/><img loading=\"lazy\" decoding=\"async\" src=\"https:\/\/phytowall.ee\/wp-content\/uploads\/2024\/01\/112-300x300.webp\" alt=\"\" width=\"300\" height=\"300\" class=\"alignnone size-medium wp-image-64236\" srcset=\"https:\/\/phytowall.ee\/wp-content\/uploads\/2024\/01\/112-300x300.webp 300w, https:\/\/phytowall.ee\/wp-content\/uploads\/2024\/01\/112-1024x1024.webp 1024w, https:\/\/phytowall.ee\/wp-content\/uploads\/2024\/01\/112-150x150.webp 150w, https:\/\/phytowall.ee\/wp-content\/uploads\/2024\/01\/112-768x768.webp 768w, https:\/\/phytowall.ee\/wp-content\/uploads\/2024\/01\/112-1536x1536.webp 1536w, https:\/\/phytowall.ee\/wp-content\/uploads\/2024\/01\/112-550x550.webp 550w, https:\/\/phytowall.ee\/wp-content\/uploads\/2024\/01\/112-1100x1100.webp 1100w, https:\/\/phytowall.ee\/wp-content\/uploads\/2024\/01\/112-600x600.webp 600w, https:\/\/phytowall.ee\/wp-content\/uploads\/2024\/01\/112-100x100.webp 100w\" sizes=\"auto, (max-width: 300px) 100vw, 300px\" \/><\/p>\n","protected":false},"excerpt":{"rendered":"<div class=\"woocommerce-product-details__short-description\">\nS\u00e4il\u00f6tty poronj\u00e4k\u00e4l\u00e4n\u00e4ytt\u00f6, koko 1200 x 600 mm.<\/p>\n<ul>\n<li>100% luonnollinen<\/li>\n<li>0% hoitoa tarvitaan<\/li>\n<li>Ei tarvita vett\u00e4<\/li>\n<\/ul>\n<\/div>\n<div class=\"woocommerce-product-details__short-description\">\n<\/div>\n","protected":false},"featured_media":61941,"comment_status":"open","ping_status":"closed","template":"","meta":{"_monsterinsights_skip_tracking":false,"_monsterinsights_sitenote_active":false,"_monsterinsights_sitenote_note":"","_monsterinsights_sitenote_category":0},"product_brand":[],"product_cat":[498],"product_tag":[625,558],"class_list":{"0":"post-64248","1":"product","2":"type-product","3":"status-publish","4":"has-post-thumbnail","6":"product_cat-wall-moss-art-fi","7":"product_tag-reindeer-fi","8":"product_tag-big-fi","9":"product_shipping_class-class-iii-fi","11":"first","12":"instock","13":"sale","14":"taxable","15":"shipping-taxable","16":"purchasable","17":"product-type-variable"},"_links":{"self":[{"href":"https:\/\/phytowall.ee\/fi\/wp-json\/wp\/v2\/product\/64248","targetHints":{"allow":["GET"]}}],"collection":[{"href":"https:\/\/phytowall.ee\/fi\/wp-json\/wp\/v2\/product"}],"about":[{"href":"https:\/\/phytowall.ee\/fi\/wp-json\/wp\/v2\/types\/product"}],"replies":[{"embeddable":true,"href":"https:\/\/phytowall.ee\/fi\/wp-json\/wp\/v2\/comments?post=64248"}],"wp:featuredmedia":[{"embeddable":true,"href":"https:\/\/phytowall.ee\/fi\/wp-json\/wp\/v2\/media\/61941"}],"wp:attachment":[{"href":"https:\/\/phytowall.ee\/fi\/wp-json\/wp\/v2\/media?parent=64248"}],"wp:term":[{"taxonomy":"product_brand","embeddable":true,"href":"https:\/\/phytowall.ee\/fi\/wp-json\/wp\/v2\/product_brand?post=64248"},{"taxonomy":"product_cat","embeddable":true,"href":"https:\/\/phytowall.ee\/fi\/wp-json\/wp\/v2\/product_cat?post=64248"},{"taxonomy":"product_tag","embeddable":true,"href":"https:\/\/phytowall.ee\/fi\/wp-json\/wp\/v2\/product_tag?post=64248"}],"curies":[{"name":"wp","href":"https:\/\/api.w.org\/{rel}","templated":true}]}}