{"id":64318,"date":"2025-06-26T12:10:47","date_gmt":"2025-06-26T12:10:47","guid":{"rendered":"https:\/\/phytowall.ee\/product\/moss-picture-dusk-forest-70-x-50-cm\/"},"modified":"2024-02-27T12:29:38","modified_gmt":"2024-02-27T12:29:38","slug":"moss-picture-dusk-forest-70-x-50-cm","status":"publish","type":"product","link":"https:\/\/phytowall.ee\/fi\/tuote\/moss-picture-dusk-forest-70-x-50-cm\/","title":{"rendered":"Moss picture Dusk Forest 70 x 50 cm"},"content":{"rendered":"<p>S\u00e4il\u00f6tty sammalkuva s\u00e4il\u00f6tyill\u00e4 kasveilla 500 x 700 mm.<\/p>\n<ul>\n<li>100% LUONNOLLINEN<\/li>\n<li>0% HUOLTO<\/li>\n<li>EI TARVITA VETT\u00c4<\/li>\n<\/ul>\n<p>Materiaalit: s\u00e4il\u00f6tty sammal, s\u00e4il\u00f6tyt kasvit<\/p>\n<p>Arvioitu toimitusaika: 2-3 viikkoa.<\/p>\n<p>Yksinomainen sis\u00e4k\u00e4ytt\u00f6 \/ \u00c4l\u00e4 kastele \/ \u00c4l\u00e4 altista auringonvalolle \/ Pid\u00e4 poissa l\u00e4mm\u00f6nl\u00e4hteist\u00e4<br \/>\n<img loading=\"lazy\" decoding=\"async\" src=\"https:\/\/phytowall.ee\/wp-content\/uploads\/2023\/11\/light2-300x300.jpg\" alt=\"\" width=\"300\" height=\"300\" class=\"alignnone size-medium wp-image-25232\" srcset=\"https:\/\/phytowall.ee\/wp-content\/uploads\/2023\/11\/light2-300x300.jpg 300w, https:\/\/phytowall.ee\/wp-content\/uploads\/2023\/11\/light2-100x100.jpg 100w, https:\/\/phytowall.ee\/wp-content\/uploads\/2023\/11\/light2-600x600.jpg 600w, https:\/\/phytowall.ee\/wp-content\/uploads\/2023\/11\/light2-1024x1024.jpg 1024w, https:\/\/phytowall.ee\/wp-content\/uploads\/2023\/11\/light2-150x150.jpg 150w, https:\/\/phytowall.ee\/wp-content\/uploads\/2023\/11\/light2-768x768.jpg 768w, https:\/\/phytowall.ee\/wp-content\/uploads\/2023\/11\/light2-1536x1536.jpg 1536w, https:\/\/phytowall.ee\/wp-content\/uploads\/2023\/11\/light2-550x550.jpg 550w, https:\/\/phytowall.ee\/wp-content\/uploads\/2023\/11\/light2-1100x1100.jpg 1100w\" sizes=\"auto, (max-width: 300px) 100vw, 300px\" \/><\/p>\n","protected":false},"excerpt":{"rendered":"<p>S\u00e4il\u00f6tty sammalkuva s\u00e4il\u00f6tyill\u00e4 kasveilla, koko 500 x 700 mm.<\/p>\n<ul>\n<li>100% luonnollinen<\/li>\n<li>0% hoitoa tarvitaan<\/li>\n<li>Ei vett\u00e4 tarvita<\/li>\n<\/ul>\n","protected":false},"featured_media":62028,"comment_status":"open","ping_status":"closed","template":"","meta":{"_monsterinsights_skip_tracking":false,"_monsterinsights_sitenote_active":false,"_monsterinsights_sitenote_note":"","_monsterinsights_sitenote_category":0},"product_brand":[],"product_cat":[506,492],"product_tag":[591,559,627,628],"class_list":{"0":"post-64318","1":"product","2":"type-product","3":"status-publish","4":"has-post-thumbnail","6":"product_cat-products-in-sale-fi","7":"product_cat-small-moss-art-fi","8":"product_tag-bestseller-fi","9":"product_tag-plants-fi","10":"product_tag-sale-fi","11":"product_tag-small-fi","12":"product_shipping_class-class-ii-fi","14":"first","15":"instock","16":"sale","17":"taxable","18":"shipping-taxable","19":"purchasable","20":"product-type-variable"},"_links":{"self":[{"href":"https:\/\/phytowall.ee\/fi\/wp-json\/wp\/v2\/product\/64318","targetHints":{"allow":["GET"]}}],"collection":[{"href":"https:\/\/phytowall.ee\/fi\/wp-json\/wp\/v2\/product"}],"about":[{"href":"https:\/\/phytowall.ee\/fi\/wp-json\/wp\/v2\/types\/product"}],"replies":[{"embeddable":true,"href":"https:\/\/phytowall.ee\/fi\/wp-json\/wp\/v2\/comments?post=64318"}],"wp:featuredmedia":[{"embeddable":true,"href":"https:\/\/phytowall.ee\/fi\/wp-json\/wp\/v2\/media\/62028"}],"wp:attachment":[{"href":"https:\/\/phytowall.ee\/fi\/wp-json\/wp\/v2\/media?parent=64318"}],"wp:term":[{"taxonomy":"product_brand","embeddable":true,"href":"https:\/\/phytowall.ee\/fi\/wp-json\/wp\/v2\/product_brand?post=64318"},{"taxonomy":"product_cat","embeddable":true,"href":"https:\/\/phytowall.ee\/fi\/wp-json\/wp\/v2\/product_cat?post=64318"},{"taxonomy":"product_tag","embeddable":true,"href":"https:\/\/phytowall.ee\/fi\/wp-json\/wp\/v2\/product_tag?post=64318"}],"curies":[{"name":"wp","href":"https:\/\/api.w.org\/{rel}","templated":true}]}}