{"id":64355,"date":"2024-01-29T12:34:32","date_gmt":"2024-01-29T12:34:32","guid":{"rendered":"https:\/\/phytowall.ee\/product\/moss-picture-in-led-frame-ring-d800-1200-mm\/"},"modified":"2024-02-27T11:59:05","modified_gmt":"2024-02-27T11:59:05","slug":"moss-picture-in-led-frame-ring-d800-1200-mm","status":"publish","type":"product","link":"https:\/\/phytowall.ee\/fi\/tuote\/moss-picture-in-led-frame-ring-d800-1200-mm\/","title":{"rendered":"Moss picture in LED frame ring D800 &#8211; 1200 mm"},"content":{"rendered":"<p>LED-valaistuksen kehystetty sammalkuva, jossa s\u00e4ilytetyt kasvit ja sammal.<\/p>\n<p>Metallirunko LED-valolla, kaukos\u00e4\u00e4din, himmennin, j\u00e4nnitteenmuunnin, kaapeli<\/p>\n<ul>\n<li>100% LUONNOLLINEN<\/li>\n<li>0% HUOLTOA<\/li>\n<li>EI TARVITA VETT\u00c4<\/li>\n<\/ul>\n<p>Materiaalit: s\u00e4il\u00f6tty sammal, s\u00e4il\u00f6tyt kasvit, alumiinirunko.<\/p>\n<p>Arvioitu toimitusaika: 3-5 viikkoa.<\/p>\n<p>Yksinomaan sis\u00e4k\u00e4ytt\u00f6\u00f6n \/ \u00c4l\u00e4 kastele \/ \u00c4l\u00e4 altista suoralle auringonvalolle \/ Pid\u00e4 poissa l\u00e4mm\u00f6nl\u00e4hteist\u00e4<\/p>\n<p>*V\u00e4ri ja yhdistelm\u00e4 voivat poiketa hieman alkuper\u00e4isest\u00e4 kuvasta.<\/p>\n","protected":false},"excerpt":{"rendered":"<p>LED-valolla kehystetty sammalkuva, jossa s\u00e4ilytetyt kasvit ja sammal.<\/p>\n<p>Metallirunko LED-valolla, kaukos\u00e4\u00e4din, himmennin, j\u00e4nnitteenmuunnin, kaapeli<\/p>\n<ul>\n<li>100% LUONNOLLINEN<\/li>\n<li>0% HUOLTOA<\/li>\n<li>EI TARVITA VETT\u00c4<\/li>\n<\/ul>\n","protected":false},"featured_media":62046,"comment_status":"open","ping_status":"closed","template":"","meta":{"_monsterinsights_skip_tracking":false,"_monsterinsights_sitenote_active":false,"_monsterinsights_sitenote_note":"","_monsterinsights_sitenote_category":0},"product_brand":[],"product_cat":[506,498],"product_tag":[559,560,558],"class_list":{"0":"post-64355","1":"product","2":"type-product","3":"status-publish","4":"has-post-thumbnail","6":"product_cat-products-in-sale-fi","7":"product_cat-wall-moss-art-fi","8":"product_tag-plants-fi","9":"product_tag-ring-fi","10":"product_tag-big-fi","11":"product_shipping_class-class-iii-fi","12":"pa_size-1000-mm-fi","13":"pa_size-1200-mm-fi","14":"pa_size-800-mm-fi","16":"first","17":"instock","18":"sale","19":"taxable","20":"shipping-taxable","21":"purchasable","22":"product-type-variable"},"_links":{"self":[{"href":"https:\/\/phytowall.ee\/fi\/wp-json\/wp\/v2\/product\/64355","targetHints":{"allow":["GET"]}}],"collection":[{"href":"https:\/\/phytowall.ee\/fi\/wp-json\/wp\/v2\/product"}],"about":[{"href":"https:\/\/phytowall.ee\/fi\/wp-json\/wp\/v2\/types\/product"}],"replies":[{"embeddable":true,"href":"https:\/\/phytowall.ee\/fi\/wp-json\/wp\/v2\/comments?post=64355"}],"wp:featuredmedia":[{"embeddable":true,"href":"https:\/\/phytowall.ee\/fi\/wp-json\/wp\/v2\/media\/62046"}],"wp:attachment":[{"href":"https:\/\/phytowall.ee\/fi\/wp-json\/wp\/v2\/media?parent=64355"}],"wp:term":[{"taxonomy":"product_brand","embeddable":true,"href":"https:\/\/phytowall.ee\/fi\/wp-json\/wp\/v2\/product_brand?post=64355"},{"taxonomy":"product_cat","embeddable":true,"href":"https:\/\/phytowall.ee\/fi\/wp-json\/wp\/v2\/product_cat?post=64355"},{"taxonomy":"product_tag","embeddable":true,"href":"https:\/\/phytowall.ee\/fi\/wp-json\/wp\/v2\/product_tag?post=64355"}],"curies":[{"name":"wp","href":"https:\/\/api.w.org\/{rel}","templated":true}]}}