{"id":64374,"date":"2023-12-22T15:05:25","date_gmt":"2023-12-22T15:05:25","guid":{"rendered":"https:\/\/phytowall.ee\/product\/corkhexagons\/"},"modified":"2024-02-27T16:18:56","modified_gmt":"2024-02-27T16:18:56","slug":"corkhexagons","status":"publish","type":"product","link":"https:\/\/phytowall.ee\/fi\/tuote\/corkhexagons\/","title":{"rendered":"Cork Hexagons (2pc)"},"content":{"rendered":"","protected":false},"excerpt":{"rendered":"<p><strong>MATERIAALI:<\/strong> Eristyskorkkitaulu<\/p>\n<p><strong>2 KPL HINTA = 1 M2<\/strong><\/p>\n<p><strong>MITAT:<\/strong><br \/>\nKorkeus: 43 cm<br \/>\nPituus: 100 cm<br \/>\nPaksuus: 3 cm<\/p>\n<p>100% luonnollinen, ekologinen, 100% kierr\u00e4tett\u00e4v\u00e4<br \/>\n95% energians\u00e4\u00e4st\u00f6inen tuotanto<br \/>\nHypoallergeeniset ominaisuudet<br \/>\nTulen-, veden- ja s\u00e4\u00e4nkest\u00e4v\u00e4<br \/>\nPuiden s\u00e4ilytt\u00e4minen ja kunnioitus<br \/>\nVirheellinen k\u00e4ytt\u00f6 voi aiheuttaa tuotteen huononemisen<br \/>\nDigitaalinen valmistus &#8211; CNC-jyrsinkone<br \/>\nKorkin v\u00e4ri muuttuu altistuessaan auringonvalolle (UV)<br \/>\nKorkin tuoksu on luonnollinen ja myrkyt\u00f6n, se h\u00e4vi\u00e4\u00e4 ajan my\u00f6t\u00e4<br \/>\nKorkin jyv\u00e4t eiv\u00e4t ole sy\u00f6t\u00e4vi\u00e4<\/p>\n","protected":false},"featured_media":24054,"comment_status":"open","ping_status":"closed","template":"","meta":{"_monsterinsights_skip_tracking":false,"_monsterinsights_sitenote_active":false,"_monsterinsights_sitenote_note":"","_monsterinsights_sitenote_category":0},"product_brand":[],"product_cat":[471],"product_tag":[623],"class_list":{"0":"post-64374","1":"product","2":"type-product","3":"status-publish","4":"has-post-thumbnail","6":"product_cat-moss-panels-fi","7":"product_tag-other-fi","9":"first","10":"instock","11":"taxable","12":"shipping-taxable","13":"purchasable","14":"product-type-simple"},"_links":{"self":[{"href":"https:\/\/phytowall.ee\/fi\/wp-json\/wp\/v2\/product\/64374","targetHints":{"allow":["GET"]}}],"collection":[{"href":"https:\/\/phytowall.ee\/fi\/wp-json\/wp\/v2\/product"}],"about":[{"href":"https:\/\/phytowall.ee\/fi\/wp-json\/wp\/v2\/types\/product"}],"replies":[{"embeddable":true,"href":"https:\/\/phytowall.ee\/fi\/wp-json\/wp\/v2\/comments?post=64374"}],"wp:featuredmedia":[{"embeddable":true,"href":"https:\/\/phytowall.ee\/fi\/wp-json\/wp\/v2\/media\/24054"}],"wp:attachment":[{"href":"https:\/\/phytowall.ee\/fi\/wp-json\/wp\/v2\/media?parent=64374"}],"wp:term":[{"taxonomy":"product_brand","embeddable":true,"href":"https:\/\/phytowall.ee\/fi\/wp-json\/wp\/v2\/product_brand?post=64374"},{"taxonomy":"product_cat","embeddable":true,"href":"https:\/\/phytowall.ee\/fi\/wp-json\/wp\/v2\/product_cat?post=64374"},{"taxonomy":"product_tag","embeddable":true,"href":"https:\/\/phytowall.ee\/fi\/wp-json\/wp\/v2\/product_tag?post=64374"}],"curies":[{"name":"wp","href":"https:\/\/api.w.org\/{rel}","templated":true}]}}