{"id":64376,"date":"2023-12-22T14:36:49","date_gmt":"2023-12-22T14:36:49","guid":{"rendered":"https:\/\/phytowall.ee\/product\/preserved-fern-2\/"},"modified":"2024-02-28T09:38:19","modified_gmt":"2024-02-28T09:38:19","slug":"preserved-fern-2","status":"publish","type":"product","link":"https:\/\/phytowall.ee\/fi\/tuote\/preserved-fern-2\/","title":{"rendered":"Preserved Fern"},"content":{"rendered":"<p>S\u00e4il\u00f6tty (stabiloitu) saniaisen lehti<\/p>\n<p>Pteris on kasvien sukupuoli, johon kuuluu yksi 280 saniaislajista. Se on kotoisin trooppisilta ja subtrooppisilta alueilta ymp\u00e4ri maailmaa, ja monilla niist\u00e4 on lineaarisia lehtiosia, jotka muodostavat osan k\u00e4mmenenmuotoisista jakautumista.<\/p>\n<p>Yksinoikeudellinen sis\u00e4k\u00e4ytt\u00f6\u00f6n \/ \u00c4l\u00e4 kastele \/ \u00c4l\u00e4 altista suoralle auringonvalolle \/ Pid\u00e4 poissa l\u00e4mm\u00f6nl\u00e4hteist\u00e4<\/p>\n<p><img loading=\"lazy\" decoding=\"async\" class=\"alignnone size-medium wp-image-8815\" src=\"https:\/\/phytowall.ee\/wp-content\/uploads\/2023\/11\/roca.jpg\" alt=\"\" width=\"300\" height=\"300\" \/><\/p>\n","protected":false},"excerpt":{"rendered":"<p>S\u00e4il\u00f6tty (stabiloitu) saniaisen lehti<\/p>\n","protected":false},"featured_media":71149,"comment_status":"open","ping_status":"closed","template":"","meta":{"_monsterinsights_skip_tracking":false,"_monsterinsights_sitenote_active":false,"_monsterinsights_sitenote_note":"","_monsterinsights_sitenote_category":0},"product_brand":[],"product_cat":[483],"product_tag":[615],"class_list":{"0":"post-64376","1":"product","2":"type-product","3":"status-publish","4":"has-post-thumbnail","6":"product_cat-preserved-plants-flowers-fi","7":"product_tag-bulkplants-fi","8":"product_shipping_class-class-i-fi","10":"first","11":"instock","12":"taxable","13":"shipping-taxable","14":"purchasable","15":"product-type-simple"},"_links":{"self":[{"href":"https:\/\/phytowall.ee\/fi\/wp-json\/wp\/v2\/product\/64376","targetHints":{"allow":["GET"]}}],"collection":[{"href":"https:\/\/phytowall.ee\/fi\/wp-json\/wp\/v2\/product"}],"about":[{"href":"https:\/\/phytowall.ee\/fi\/wp-json\/wp\/v2\/types\/product"}],"replies":[{"embeddable":true,"href":"https:\/\/phytowall.ee\/fi\/wp-json\/wp\/v2\/comments?post=64376"}],"wp:featuredmedia":[{"embeddable":true,"href":"https:\/\/phytowall.ee\/fi\/wp-json\/wp\/v2\/media\/71149"}],"wp:attachment":[{"href":"https:\/\/phytowall.ee\/fi\/wp-json\/wp\/v2\/media?parent=64376"}],"wp:term":[{"taxonomy":"product_brand","embeddable":true,"href":"https:\/\/phytowall.ee\/fi\/wp-json\/wp\/v2\/product_brand?post=64376"},{"taxonomy":"product_cat","embeddable":true,"href":"https:\/\/phytowall.ee\/fi\/wp-json\/wp\/v2\/product_cat?post=64376"},{"taxonomy":"product_tag","embeddable":true,"href":"https:\/\/phytowall.ee\/fi\/wp-json\/wp\/v2\/product_tag?post=64376"}],"curies":[{"name":"wp","href":"https:\/\/api.w.org\/{rel}","templated":true}]}}