{"id":64379,"date":"2023-12-22T14:30:45","date_gmt":"2023-12-22T14:30:45","guid":{"rendered":"https:\/\/phytowall.ee\/product\/deco-dividers\/"},"modified":"2024-02-28T10:15:57","modified_gmt":"2024-02-28T10:15:57","slug":"deco-dividers","status":"publish","type":"product","link":"https:\/\/phytowall.ee\/fi\/tuote\/deco-dividers\/","title":{"rendered":"Deco Dividers"},"content":{"rendered":"","protected":false},"excerpt":{"rendered":"<p>Se erottuu keveydest\u00e4\u00e4n ja pystysuunnastaan. Sopii antamaan v\u00e4ri\u00e4 minimalistisimpiin koristeluihin.<\/p>\n<p>Koristeellinen ruukku ei sis\u00e4lly.<\/p>\n<p>Hinta pyynn\u00f6st\u00e4.<\/p>\n<p>Yksinomainen sis\u00e4k\u00e4ytt\u00f6 \/ \u00c4l\u00e4 kastele \/ \u00c4l\u00e4 altista suoralle auringonvalolle \/ Pid\u00e4 kaukana l\u00e4mm\u00f6nl\u00e4hteist\u00e4<\/p>\n","protected":false},"featured_media":18346,"comment_status":"open","ping_status":"closed","template":"","meta":{"_monsterinsights_skip_tracking":false,"_monsterinsights_sitenote_active":false,"_monsterinsights_sitenote_note":"","_monsterinsights_sitenote_category":0},"product_brand":[],"product_cat":[462],"product_tag":[617],"class_list":{"0":"post-64379","1":"product","2":"type-product","3":"status-publish","4":"has-post-thumbnail","6":"product_cat-dividers-fi","7":"product_tag-divider-fi","8":"product_shipping_class-class-iii-fi","10":"first","11":"instock","12":"taxable","13":"shipping-taxable","14":"purchasable","15":"product-type-simple"},"_links":{"self":[{"href":"https:\/\/phytowall.ee\/fi\/wp-json\/wp\/v2\/product\/64379","targetHints":{"allow":["GET"]}}],"collection":[{"href":"https:\/\/phytowall.ee\/fi\/wp-json\/wp\/v2\/product"}],"about":[{"href":"https:\/\/phytowall.ee\/fi\/wp-json\/wp\/v2\/types\/product"}],"replies":[{"embeddable":true,"href":"https:\/\/phytowall.ee\/fi\/wp-json\/wp\/v2\/comments?post=64379"}],"wp:featuredmedia":[{"embeddable":true,"href":"https:\/\/phytowall.ee\/fi\/wp-json\/wp\/v2\/media\/18346"}],"wp:attachment":[{"href":"https:\/\/phytowall.ee\/fi\/wp-json\/wp\/v2\/media?parent=64379"}],"wp:term":[{"taxonomy":"product_brand","embeddable":true,"href":"https:\/\/phytowall.ee\/fi\/wp-json\/wp\/v2\/product_brand?post=64379"},{"taxonomy":"product_cat","embeddable":true,"href":"https:\/\/phytowall.ee\/fi\/wp-json\/wp\/v2\/product_cat?post=64379"},{"taxonomy":"product_tag","embeddable":true,"href":"https:\/\/phytowall.ee\/fi\/wp-json\/wp\/v2\/product_tag?post=64379"}],"curies":[{"name":"wp","href":"https:\/\/api.w.org\/{rel}","templated":true}]}}